{"id":1119,"date":"2021-12-05T11:08:21","date_gmt":"2021-12-05T11:08:21","guid":{"rendered":"https:\/\/pressel-nike.de\/?page_id=1119"},"modified":"2024-05-13T13:04:24","modified_gmt":"2024-05-13T13:04:24","slug":"energie-wohlbefinden","status":"publish","type":"page","link":"https:\/\/pressel-nike.de\/?page_id=1119","title":{"rendered":"Energie &#038; Wohlbefinden"},"content":{"rendered":"\n<p class=\"has-text-align-right\">November |05| 2021<\/p>\n\n\n\n<p>In meinen Beratungsverl\u00e4ufen, in denen es um herausfordernde Berufs- und Lebensphasen geht, taucht oft die Frage auf, wie gehen Sie bei Ver\u00e4nderungen und Neuorientierungen mit Ihren Energien optimal um.<\/p>\n\n\n\n<p>In unserer schnelllebigen Zeit wird es immer schwieriger, mit den Energien optimal haus zu halten. Studien zeigen auf, dass sich Erkrankungen dort h\u00e4ufen, wo Menschen nicht in der Lage sind, ihren emotionalen und mentalen Bed\u00fcrfnissen nachzugehen.<\/p>\n\n\n\n<p>Menschen haben das Grundbed\u00fcrfnis, in einer Welt zu leben, in der sie immer wieder in der Lage sind, dass sie das, was auf sie eindringt und sie belastet, durch durch eigenes zu tun wieder f\u00fcr sie stimmiger, aushaltbarer \u2013 koh\u00e4renter \u2013 zu machen.<\/p>\n\n\n\n<p>Das gelingt dem einen besser und dem anderen deutlich schlechter.<\/p>\n\n\n\n<p>Salutogenese bezeichnet den individuellen Entwicklungs- und Erhaltungsprozess der Gesundheit. Menschen, f\u00fcr die die drei Salutogenetischen Grundregeln erf\u00fcllt, besser erf\u00fcllbar, sind, kommen mit den sie umgebenden Lebensumst\u00e4nden besser zurecht.<\/p>\n\n\n\n<p>Sie sind denen durch das Leben erzeugten Belastungen gegen\u00fcber besser ger\u00fcstet, d.h. verf\u00fcgen \u00fcber eine abrufbare stabile Resilienz (Widerstandsf\u00e4higkeit).<\/p>\n\n\n\n<p><strong>Das&nbsp;Modell der Salutogenese&nbsp;(Entwicklung der Selbstheilungskr\u00e4fte) bietet f\u00fcr eine Neuorientierung einen besonders hilfreichen Erkl\u00e4rungs- und Interventionsansatz.<\/strong><\/p>\n\n\n\n<p>Drei Faktoren beeinflussen wesentlich das Wohlbefinden des Menschen: Das&nbsp;<strong>Leben verstehen<\/strong>,&nbsp;<strong>gestalten<\/strong>&nbsp;und ihm&nbsp;<strong>Sinn geben<\/strong>, d.h.<\/p>\n\n\n\n<blockquote class=\"wp-block-quote is-layout-flow wp-block-quote-is-layout-flow\"><p>Ich verstehe die Lebenssituation, in der ich mich befinde<\/p><p>(Verstehbarkeit)<\/p><\/blockquote>\n\n\n\n<blockquote class=\"wp-block-quote is-layout-flow wp-block-quote-is-layout-flow\"><p>Ich kann meine Lebensumst\u00e4nde aktiv gestalten<\/p><p>(Handhabbarkeit)<\/p><\/blockquote>\n\n\n\n<blockquote class=\"wp-block-quote is-layout-flow wp-block-quote-is-layout-flow\"><p>Ich empfinde einen Sinn in dem, was ich tue<\/p><p>(Sinnhaftigkeit)<\/p><\/blockquote>\n\n\n\n<p><strong>Salutogenese und Coaching- Fragen<\/strong><\/p>\n\n\n\n<p>Die Begriffe \u201eVerstehen, Gestalten, Sinn geben\u201c stehen also im Mittelpunkt des Coaching-Prozesses, in dem der Coach\u00e9e als Experte seines Lebens und mit Unterst\u00fctzung des Coachs Antworten auf die f\u00fcr ihn \u201ebrennenden\u201c Fragestellungen entwickeln kann.<\/p>\n\n\n\n<p>Die Fragestellungen sind exemplarisch in das folgenden Skizze zusammengestellt \u2013 welche wirklich \u201eauf den Tisch\u201c des Coachings kommen, entscheidet der Coach\u00e9e in der Beratung.<\/p>\n\n\n\n<figure class=\"wp-block-image\"><img loading=\"lazy\" decoding=\"async\" width=\"1024\" height=\"845\" src=\"https:\/\/pressel-nike.de\/wp-content\/uploads\/2021\/10\/Salutogenese-bearbeitet-2-1024x845.png\" alt=\"\" class=\"wp-image-926\" srcset=\"https:\/\/pressel-nike.de\/wp-content\/uploads\/2021\/10\/Salutogenese-bearbeitet-2-1024x845.png 1024w, https:\/\/pressel-nike.de\/wp-content\/uploads\/2021\/10\/Salutogenese-bearbeitet-2-300x248.png 300w, https:\/\/pressel-nike.de\/wp-content\/uploads\/2021\/10\/Salutogenese-bearbeitet-2-768x634.png 768w, https:\/\/pressel-nike.de\/wp-content\/uploads\/2021\/10\/Salutogenese-bearbeitet-2-1536x1268.png 1536w, https:\/\/pressel-nike.de\/wp-content\/uploads\/2021\/10\/Salutogenese-bearbeitet-2.png 1682w\" sizes=\"auto, (max-width: 1024px) 100vw, 1024px\" \/><\/figure>\n","protected":false},"excerpt":{"rendered":"<p>November |05| 2021 In meinen Beratungsverl\u00e4ufen, in denen es um herausfordernde Berufs- und Lebensphasen geht, taucht oft die Frage auf, wie gehen Sie bei Ver\u00e4nderungen und Neuorientierungen mit Ihren Energien &hellip; <a href=\"https:\/\/pressel-nike.de\/?page_id=1119\" class=\"more-link\"><span class=\"screen-reader-text\">Energie &#038; Wohlbefinden<\/span> weiterlesen<\/a><\/p>\n","protected":false},"author":2,"featured_media":1132,"parent":0,"menu_order":0,"comment_status":"closed","ping_status":"closed","template":"","meta":{"footnotes":""},"class_list":["post-1119","page","type-page","status-publish","has-post-thumbnail","hentry"],"yoast_head":"<!-- This site is optimized with the Yoast SEO plugin v22.6 - https:\/\/yoast.com\/wordpress\/plugins\/seo\/ -->\n<title>Energie &amp; Wohlbefinden - Gisela Pressel Coaching &amp; Supervision<\/title>\n<meta name=\"description\" content=\"Entdecken Sie, wie Sie mit Coaching Ihre Energien bei Ver\u00e4nderungen optimal nutzen k\u00f6nnen. Erfahren Sie mehr \u00fcber die Kraft der Salutogenese.\" \/>\n<meta name=\"robots\" content=\"index, follow, max-snippet:-1, max-image-preview:large, max-video-preview:-1\" \/>\n<link rel=\"canonical\" href=\"https:\/\/pressel-nike.de\/?page_id=1119\" \/>\n<meta property=\"og:locale\" content=\"de_DE\" \/>\n<meta property=\"og:type\" content=\"article\" \/>\n<meta property=\"og:title\" content=\"Energie &amp; Wohlbefinden - Gisela Pressel Coaching &amp; Supervision\" \/>\n<meta property=\"og:description\" content=\"Entdecken Sie, wie Sie mit Coaching Ihre Energien bei Ver\u00e4nderungen optimal nutzen k\u00f6nnen. Erfahren Sie mehr \u00fcber die Kraft der Salutogenese.\" \/>\n<meta property=\"og:url\" content=\"https:\/\/pressel-nike.de\/?page_id=1119\" \/>\n<meta property=\"og:site_name\" content=\"Gisela Pressel Coaching &amp; Supervision\" \/>\n<meta property=\"article:modified_time\" content=\"2024-05-13T13:04:24+00:00\" \/>\n<meta property=\"og:image\" content=\"https:\/\/pressel-nike.de\/wp-content\/uploads\/2021\/12\/brain-5966095_960_720.jpg\" \/>\n\t<meta property=\"og:image:width\" content=\"960\" \/>\n\t<meta property=\"og:image:height\" content=\"270\" \/>\n\t<meta property=\"og:image:type\" content=\"image\/jpeg\" \/>\n<meta name=\"twitter:card\" content=\"summary_large_image\" \/>\n<meta name=\"twitter:label1\" content=\"Gesch\u00e4tzte Lesezeit\" \/>\n\t<meta name=\"twitter:data1\" content=\"2\u00a0Minuten\" \/>\n<script type=\"application\/ld+json\" class=\"yoast-schema-graph\">{\"@context\":\"https:\/\/schema.org\",\"@graph\":[{\"@type\":\"WebPage\",\"@id\":\"https:\/\/pressel-nike.de\/?page_id=1119\",\"url\":\"https:\/\/pressel-nike.de\/?page_id=1119\",\"name\":\"Energie & Wohlbefinden - Gisela Pressel Coaching &amp; Supervision\",\"isPartOf\":{\"@id\":\"https:\/\/pressel-nike.de\/#website\"},\"primaryImageOfPage\":{\"@id\":\"https:\/\/pressel-nike.de\/?page_id=1119#primaryimage\"},\"image\":{\"@id\":\"https:\/\/pressel-nike.de\/?page_id=1119#primaryimage\"},\"thumbnailUrl\":\"https:\/\/pressel-nike.de\/wp-content\/uploads\/2021\/12\/brain-5966095_960_720.jpg\",\"datePublished\":\"2021-12-05T11:08:21+00:00\",\"dateModified\":\"2024-05-13T13:04:24+00:00\",\"description\":\"Entdecken Sie, wie Sie mit Coaching Ihre Energien bei Ver\u00e4nderungen optimal nutzen k\u00f6nnen. Erfahren Sie mehr \u00fcber die Kraft der Salutogenese.\",\"breadcrumb\":{\"@id\":\"https:\/\/pressel-nike.de\/?page_id=1119#breadcrumb\"},\"inLanguage\":\"de\",\"potentialAction\":[{\"@type\":\"ReadAction\",\"target\":[\"https:\/\/pressel-nike.de\/?page_id=1119\"]}]},{\"@type\":\"ImageObject\",\"inLanguage\":\"de\",\"@id\":\"https:\/\/pressel-nike.de\/?page_id=1119#primaryimage\",\"url\":\"https:\/\/pressel-nike.de\/wp-content\/uploads\/2021\/12\/brain-5966095_960_720.jpg\",\"contentUrl\":\"https:\/\/pressel-nike.de\/wp-content\/uploads\/2021\/12\/brain-5966095_960_720.jpg\",\"width\":960,\"height\":270},{\"@type\":\"BreadcrumbList\",\"@id\":\"https:\/\/pressel-nike.de\/?page_id=1119#breadcrumb\",\"itemListElement\":[{\"@type\":\"ListItem\",\"position\":1,\"name\":\"Startseite\",\"item\":\"https:\/\/pressel-nike.de\/\"},{\"@type\":\"ListItem\",\"position\":2,\"name\":\"Energie &#038; Wohlbefinden\"}]},{\"@type\":\"WebSite\",\"@id\":\"https:\/\/pressel-nike.de\/#website\",\"url\":\"https:\/\/pressel-nike.de\/\",\"name\":\"Gisela Pressel Coaching &amp; Supervision\",\"description\":\"N.I.K.E. - Neues Institut f\u00fcr Kommunikation und Erwachsenenbildung\",\"potentialAction\":[{\"@type\":\"SearchAction\",\"target\":{\"@type\":\"EntryPoint\",\"urlTemplate\":\"https:\/\/pressel-nike.de\/?s={search_term_string}\"},\"query-input\":\"required name=search_term_string\"}],\"inLanguage\":\"de\"}]}<\/script>\n<!-- \/ Yoast SEO plugin. -->","yoast_head_json":{"title":"Energie & Wohlbefinden - Gisela Pressel Coaching &amp; Supervision","description":"Entdecken Sie, wie Sie mit Coaching Ihre Energien bei Ver\u00e4nderungen optimal nutzen k\u00f6nnen. Erfahren Sie mehr \u00fcber die Kraft der Salutogenese.","robots":{"index":"index","follow":"follow","max-snippet":"max-snippet:-1","max-image-preview":"max-image-preview:large","max-video-preview":"max-video-preview:-1"},"canonical":"https:\/\/pressel-nike.de\/?page_id=1119","og_locale":"de_DE","og_type":"article","og_title":"Energie & Wohlbefinden - Gisela Pressel Coaching &amp; Supervision","og_description":"Entdecken Sie, wie Sie mit Coaching Ihre Energien bei Ver\u00e4nderungen optimal nutzen k\u00f6nnen. Erfahren Sie mehr \u00fcber die Kraft der Salutogenese.","og_url":"https:\/\/pressel-nike.de\/?page_id=1119","og_site_name":"Gisela Pressel Coaching &amp; Supervision","article_modified_time":"2024-05-13T13:04:24+00:00","og_image":[{"width":960,"height":270,"url":"https:\/\/pressel-nike.de\/wp-content\/uploads\/2021\/12\/brain-5966095_960_720.jpg","type":"image\/jpeg"}],"twitter_card":"summary_large_image","twitter_misc":{"Gesch\u00e4tzte Lesezeit":"2\u00a0Minuten"},"schema":{"@context":"https:\/\/schema.org","@graph":[{"@type":"WebPage","@id":"https:\/\/pressel-nike.de\/?page_id=1119","url":"https:\/\/pressel-nike.de\/?page_id=1119","name":"Energie & Wohlbefinden - Gisela Pressel Coaching &amp; Supervision","isPartOf":{"@id":"https:\/\/pressel-nike.de\/#website"},"primaryImageOfPage":{"@id":"https:\/\/pressel-nike.de\/?page_id=1119#primaryimage"},"image":{"@id":"https:\/\/pressel-nike.de\/?page_id=1119#primaryimage"},"thumbnailUrl":"https:\/\/pressel-nike.de\/wp-content\/uploads\/2021\/12\/brain-5966095_960_720.jpg","datePublished":"2021-12-05T11:08:21+00:00","dateModified":"2024-05-13T13:04:24+00:00","description":"Entdecken Sie, wie Sie mit Coaching Ihre Energien bei Ver\u00e4nderungen optimal nutzen k\u00f6nnen. Erfahren Sie mehr \u00fcber die Kraft der Salutogenese.","breadcrumb":{"@id":"https:\/\/pressel-nike.de\/?page_id=1119#breadcrumb"},"inLanguage":"de","potentialAction":[{"@type":"ReadAction","target":["https:\/\/pressel-nike.de\/?page_id=1119"]}]},{"@type":"ImageObject","inLanguage":"de","@id":"https:\/\/pressel-nike.de\/?page_id=1119#primaryimage","url":"https:\/\/pressel-nike.de\/wp-content\/uploads\/2021\/12\/brain-5966095_960_720.jpg","contentUrl":"https:\/\/pressel-nike.de\/wp-content\/uploads\/2021\/12\/brain-5966095_960_720.jpg","width":960,"height":270},{"@type":"BreadcrumbList","@id":"https:\/\/pressel-nike.de\/?page_id=1119#breadcrumb","itemListElement":[{"@type":"ListItem","position":1,"name":"Startseite","item":"https:\/\/pressel-nike.de\/"},{"@type":"ListItem","position":2,"name":"Energie &#038; Wohlbefinden"}]},{"@type":"WebSite","@id":"https:\/\/pressel-nike.de\/#website","url":"https:\/\/pressel-nike.de\/","name":"Gisela Pressel Coaching &amp; Supervision","description":"N.I.K.E. - Neues Institut f\u00fcr Kommunikation und Erwachsenenbildung","potentialAction":[{"@type":"SearchAction","target":{"@type":"EntryPoint","urlTemplate":"https:\/\/pressel-nike.de\/?s={search_term_string}"},"query-input":"required name=search_term_string"}],"inLanguage":"de"}]}},"_links":{"self":[{"href":"https:\/\/pressel-nike.de\/index.php?rest_route=\/wp\/v2\/pages\/1119","targetHints":{"allow":["GET"]}}],"collection":[{"href":"https:\/\/pressel-nike.de\/index.php?rest_route=\/wp\/v2\/pages"}],"about":[{"href":"https:\/\/pressel-nike.de\/index.php?rest_route=\/wp\/v2\/types\/page"}],"author":[{"embeddable":true,"href":"https:\/\/pressel-nike.de\/index.php?rest_route=\/wp\/v2\/users\/2"}],"replies":[{"embeddable":true,"href":"https:\/\/pressel-nike.de\/index.php?rest_route=%2Fwp%2Fv2%2Fcomments&post=1119"}],"version-history":[{"count":1,"href":"https:\/\/pressel-nike.de\/index.php?rest_route=\/wp\/v2\/pages\/1119\/revisions"}],"predecessor-version":[{"id":1120,"href":"https:\/\/pressel-nike.de\/index.php?rest_route=\/wp\/v2\/pages\/1119\/revisions\/1120"}],"wp:featuredmedia":[{"embeddable":true,"href":"https:\/\/pressel-nike.de\/index.php?rest_route=\/wp\/v2\/media\/1132"}],"wp:attachment":[{"href":"https:\/\/pressel-nike.de\/index.php?rest_route=%2Fwp%2Fv2%2Fmedia&parent=1119"}],"curies":[{"name":"wp","href":"https:\/\/api.w.org\/{rel}","templated":true}]}}