{"id":1121,"date":"2021-12-05T11:11:59","date_gmt":"2021-12-05T11:11:59","guid":{"rendered":"https:\/\/pressel-nike.de\/?page_id=1121"},"modified":"2021-12-05T12:06:23","modified_gmt":"2021-12-05T12:06:23","slug":"vorschlag-fuer-fuehrungsverhalten","status":"publish","type":"page","link":"https:\/\/pressel-nike.de\/?page_id=1121","title":{"rendered":"Vorschlag f\u00fcr F\u00fchrungsverhalten"},"content":{"rendered":"\n<p class=\"has-text-align-right\">November|12|2021<\/p>\n\n\n\n<p><strong>Gezielte Anleitung f\u00fcr MitarbeiterInnen<\/strong><\/p>\n\n\n\n<blockquote class=\"wp-block-quote is-layout-flow wp-block-quote-is-layout-flow\"><p>1. Sie sind das Vorbild f\u00fcr den Arbeitsstil ihrer<br>MitarbeiterInnen<\/p><\/blockquote>\n\n\n\n<p>Vorbild zu sein, ist immer noch die wirkungsvollste Anleitungsstrategie. Ihre MitarbeiterInnen lernen Verhalten nur, wenn Sie es ihnen t\u00e4glich vorleben und<br>sie darin bei jeder sich bietenden Gelegenheit wirkungsvoll unterst\u00fctzen.<\/p>\n\n\n\n<blockquote class=\"wp-block-quote is-layout-flow wp-block-quote-is-layout-flow\"><p>2. Vermitteln Sie Ihren MitarbeiterInnen das Gef\u00fchl, in einem<br>erfolgreichen Team zu arbeiten.<\/p><\/blockquote>\n\n\n\n<blockquote class=\"wp-block-quote is-layout-flow wp-block-quote-is-layout-flow\"><p>3. Sagen Sie Ihren MitarbeiterInnen nicht im Detail, wie sie<br>etwas tun sollen. Sagen Sie ihnen nur, was sie noch nicht<br>wissen und was von ihnen erwartet wird.<\/p><\/blockquote>\n\n\n\n<p>Helfen Sie ihnen bei Schwierigkeiten. \u00dcberlegen Sie genau, wo es nicht<br>unbedingt erforderlich ist, einzelne Vorgehensschritte verbindlich vorzugeben. Bestehen Sie nur darauf, wenn es wirklich unumg\u00e4nglich ist, weil bestimmte Vorgehensweisen verbindlich sind. Keine Anleitung zwischen T\u00fcr und Angel<br>geben.<\/p>\n\n\n\n<blockquote class=\"wp-block-quote is-layout-flow wp-block-quote-is-layout-flow\"><p>4. Ein guter Vorgesetzter ist in erster Linie ein verst\u00e4ndnisvoller Berater seiner Mitarbeiter.<\/p><\/blockquote>\n\n\n\n<p>Geben Sie ihnen deshalb die Sicherheit, mit Problemen zu Ihnen kommen<br>zu k\u00f6nnen. Aber machen Sie ihnen die H\u00f6lle hei\u00df, wenn sie dies nicht rechtzeitig tun oder gar versuchen, Fehler zu vertuschen.<\/p>\n\n\n\n<blockquote class=\"wp-block-quote is-layout-flow wp-block-quote-is-layout-flow\"><p>5. Geben Sie Ihren Mitarbeitern alle erforderlichen<br>Informationen, um unterschiedliche Anforderungen zu<br>verstehen und gedanklich nachvollziehen zu k\u00f6nnen, und zwar<br>bevor sie sie brauchen und anmahnen.<\/p><\/blockquote>\n\n\n\n<p>Wenn Sie eine Aufgabe<br>delegieren, geben Sie alle Ihre Informationen dazu weiter.<br>Wenn Ihre Mitarbeiter nicht ordentlich arbeiten, ist ihnen in<br>aller Regel nicht klar genug, worauf es ganz genau ankommt.<\/p>\n\n\n\n<blockquote class=\"wp-block-quote is-layout-flow wp-block-quote-is-layout-flow\"><p>6. Geben Sie Ihren Mitarbeitern immer R\u00fcckmeldungen<br>(Feedback) \u00fcber den Erfolg ihrer Arbeit.<\/p><\/blockquote>\n\n\n\n<p>Reagieren Sie<br>sachlich, aufrichtig und h\u00e4ufig. Sie k\u00f6nnen das nicht oft genug<br>tun. Sagen Sie ihnen auch, wie und wodurch sie noch besser<br>werden k\u00f6nnen.<\/p>\n\n\n\n<blockquote class=\"wp-block-quote is-layout-flow wp-block-quote-is-layout-flow\"><p>7. Wenn Sie mit den Ergebnissen der Arbeit eines<br>Mitarbeiters unzufrieden sind, dann gen\u00fcgt es nicht, ihm<br>das allgemein zu verstehen zu geben.<\/p><\/blockquote>\n\n\n\n<p>Sie m\u00fcssen mit<br>dem Mitarbeiter zusammen detailliert an den Ursachen daf\u00fcr<br>arbeiten.<\/p>\n\n\n\n<blockquote class=\"wp-block-quote is-layout-flow wp-block-quote-is-layout-flow\"><p>8. Fragen Sie Ihre Mitarbeiter, wie oder woran sie selbst<br>\u00fcberpr\u00fcfen k\u00f6nnen, ob sie ihre Arbeit korrekt ausf\u00fchren.<\/p><\/blockquote>\n\n\n\n<blockquote class=\"wp-block-quote is-layout-flow wp-block-quote-is-layout-flow\"><p>9. Machen Sie Vorschl\u00e4ge statt \u201eBefehle\u201c zu erteilen.<\/p><\/blockquote>\n\n\n\n<blockquote class=\"wp-block-quote is-layout-flow wp-block-quote-is-layout-flow\"><p>10. Akzeptieren Sie Unterschiede zwischen Ihren einzelnen<br>Mitarbeitern und ziehen Sie Vorteile daraus.<\/p><\/blockquote>\n\n\n\n<p>Es ist Ihre<br>Aufgabe, Mitarbeitern solche Aufgaben zu geben, f\u00fcr die sie<br>besondere St\u00e4rken haben.<\/p>\n\n\n\n<blockquote class=\"wp-block-quote is-layout-flow wp-block-quote-is-layout-flow\"><p>11. Motivieren Sie Ihre Mitarbeiter vor allem durch<br>Anerkennung.<\/p><\/blockquote>\n\n\n\n<p>Loben Sie jede Verbesserung, auch die<br>geringste, besonders bei neuen Mitarbeitern oder neuen<br>Arbeitsaufgaben. Ihre Mitarbeiter brauchen diese Best\u00e4tigung<br>ihres Fortschritts. Sehen Sie gute Leistung nicht als<br>selbstverst\u00e4ndlich an.<\/p>\n\n\n\n<blockquote class=\"wp-block-quote is-layout-flow wp-block-quote-is-layout-flow\"><p>12. Ihr \u201eVorwurf\u201c sollte in problemorientiertem, nicht in<br>anklagendem Ton gehalten sein.<\/p><\/blockquote>\n\n\n\n<p>Sie wollen das Verhalten des<br>Mitarbeiters \u00e4ndern und ihn nicht blo\u00dfstellen oder verletzen.<br>Mit anderen Worten: Kritisieren Sie die Tat und nicht den<br>T\u00e4ter. Das ist \u00fcberaus wichtig!<\/p>\n\n\n\n<blockquote class=\"wp-block-quote is-layout-flow wp-block-quote-is-layout-flow\"><p>13. Geben Sie eigene Fehler zu, bevor Sie andere kritisieren.<\/p><\/blockquote>\n\n\n\n<p>Ein selbst-sicherer Vorgesetzter kann zugeben, dass er auch<br>Fehler gemacht hat.<\/p>\n\n\n\n<blockquote class=\"wp-block-quote is-layout-flow wp-block-quote-is-layout-flow\"><p>14. H\u00f6ren Sie Ihren Mitarbeitern gut zu und setzen Sie Ihr<br>Schweigen aktiv ein.<\/p><\/blockquote>\n\n\n\n<p>Zeigen Sie ihnen damit, dass ihre<br>Beitr\u00e4ge wichtig sind.<\/p>\n\n\n\n<blockquote class=\"wp-block-quote is-layout-flow wp-block-quote-is-layout-flow\"><p>15. Machen Sie nie Versprechungen, sondern handeln Sie.<\/p><\/blockquote>\n\n\n\n<blockquote class=\"wp-block-quote is-layout-flow wp-block-quote-is-layout-flow\"><p>16. Wenn es Probleme oder Neuerungen gibt, die Ihren ganzen<br>Bereich betreffen, f\u00fchren Sie dazu Teambesprechungen<br>durch.<\/p><\/blockquote>\n\n\n\n<p>Dieser zus\u00e4tzliche Aufwand ist f\u00fcr Ihre Mitarbeiter ein<br>Signal daf\u00fcr, wie wichtig die Sache wirklich ist.<\/p>\n\n\n\n<blockquote class=\"wp-block-quote is-layout-flow wp-block-quote-is-layout-flow\"><p>17. Gehen Sie an Unstimmigkeiten offen und aufrichtig heran.<\/p><\/blockquote>\n\n\n\n<p>Versuchen Sie, mit Konflikten produktiv umzugehen.<br>Suchen Sie in jedem Fehler und in jeder Widrigkeit zun\u00e4chst<br>nach der Lernchance, die immer auch darin steckt.<\/p>\n\n\n\n<blockquote class=\"wp-block-quote is-layout-flow wp-block-quote-is-layout-flow\"><p>18.&nbsp;<em>Bef\u00e4higen Sie Ihre Mitarbeiter dazu, eine oder mehrere<\/em><br><em>Ihrer Aufgaben zu \u00fcbernehmen, wenn Sie in Urlaub gehen,<\/em><br><em>mal nicht da sein k\u00f6nnen oder bef\u00f6rdert werden<\/em>.<\/p><\/blockquote>\n","protected":false},"excerpt":{"rendered":"<p>November|12|2021 Gezielte Anleitung f\u00fcr MitarbeiterInnen 1. Sie sind das Vorbild f\u00fcr den Arbeitsstil ihrerMitarbeiterInnen Vorbild zu sein, ist immer noch die wirkungsvollste Anleitungsstrategie. Ihre MitarbeiterInnen lernen Verhalten nur, wenn Sie &hellip; <a href=\"https:\/\/pressel-nike.de\/?page_id=1121\" class=\"more-link\"><span class=\"screen-reader-text\">Vorschlag f\u00fcr F\u00fchrungsverhalten<\/span> weiterlesen<\/a><\/p>\n","protected":false},"author":2,"featured_media":1132,"parent":0,"menu_order":0,"comment_status":"closed","ping_status":"closed","template":"","meta":{"footnotes":""},"class_list":["post-1121","page","type-page","status-publish","has-post-thumbnail","hentry"],"yoast_head":"<!-- This site is optimized with the Yoast SEO plugin v22.6 - https:\/\/yoast.com\/wordpress\/plugins\/seo\/ -->\n<title>Vorschlag f\u00fcr F\u00fchrungsverhalten - Gisela Pressel Coaching &amp; Supervision<\/title>\n<meta name=\"robots\" content=\"index, follow, max-snippet:-1, max-image-preview:large, max-video-preview:-1\" \/>\n<link rel=\"canonical\" href=\"https:\/\/pressel-nike.de\/?page_id=1121\" \/>\n<meta property=\"og:locale\" content=\"de_DE\" \/>\n<meta property=\"og:type\" content=\"article\" \/>\n<meta property=\"og:title\" content=\"Vorschlag f\u00fcr F\u00fchrungsverhalten - Gisela Pressel Coaching &amp; Supervision\" \/>\n<meta property=\"og:description\" content=\"November|12|2021 Gezielte Anleitung f\u00fcr MitarbeiterInnen 1. Sie sind das Vorbild f\u00fcr den Arbeitsstil ihrerMitarbeiterInnen Vorbild zu sein, ist immer noch die wirkungsvollste Anleitungsstrategie. Ihre MitarbeiterInnen lernen Verhalten nur, wenn Sie &hellip; Vorschlag f\u00fcr F\u00fchrungsverhalten weiterlesen\" \/>\n<meta property=\"og:url\" content=\"https:\/\/pressel-nike.de\/?page_id=1121\" \/>\n<meta property=\"og:site_name\" content=\"Gisela Pressel Coaching &amp; Supervision\" \/>\n<meta property=\"article:modified_time\" content=\"2021-12-05T12:06:23+00:00\" \/>\n<meta property=\"og:image\" content=\"https:\/\/pressel-nike.de\/wp-content\/uploads\/2021\/12\/brain-5966095_960_720.jpg\" \/>\n\t<meta property=\"og:image:width\" content=\"960\" \/>\n\t<meta property=\"og:image:height\" content=\"270\" \/>\n\t<meta property=\"og:image:type\" content=\"image\/jpeg\" \/>\n<meta name=\"twitter:card\" content=\"summary_large_image\" \/>\n<meta name=\"twitter:label1\" content=\"Gesch\u00e4tzte Lesezeit\" \/>\n\t<meta name=\"twitter:data1\" content=\"3\u00a0Minuten\" \/>\n<script type=\"application\/ld+json\" class=\"yoast-schema-graph\">{\"@context\":\"https:\/\/schema.org\",\"@graph\":[{\"@type\":\"WebPage\",\"@id\":\"https:\/\/pressel-nike.de\/?page_id=1121\",\"url\":\"https:\/\/pressel-nike.de\/?page_id=1121\",\"name\":\"Vorschlag f\u00fcr F\u00fchrungsverhalten - Gisela Pressel Coaching &amp; Supervision\",\"isPartOf\":{\"@id\":\"https:\/\/pressel-nike.de\/#website\"},\"primaryImageOfPage\":{\"@id\":\"https:\/\/pressel-nike.de\/?page_id=1121#primaryimage\"},\"image\":{\"@id\":\"https:\/\/pressel-nike.de\/?page_id=1121#primaryimage\"},\"thumbnailUrl\":\"https:\/\/pressel-nike.de\/wp-content\/uploads\/2021\/12\/brain-5966095_960_720.jpg\",\"datePublished\":\"2021-12-05T11:11:59+00:00\",\"dateModified\":\"2021-12-05T12:06:23+00:00\",\"breadcrumb\":{\"@id\":\"https:\/\/pressel-nike.de\/?page_id=1121#breadcrumb\"},\"inLanguage\":\"de\",\"potentialAction\":[{\"@type\":\"ReadAction\",\"target\":[\"https:\/\/pressel-nike.de\/?page_id=1121\"]}]},{\"@type\":\"ImageObject\",\"inLanguage\":\"de\",\"@id\":\"https:\/\/pressel-nike.de\/?page_id=1121#primaryimage\",\"url\":\"https:\/\/pressel-nike.de\/wp-content\/uploads\/2021\/12\/brain-5966095_960_720.jpg\",\"contentUrl\":\"https:\/\/pressel-nike.de\/wp-content\/uploads\/2021\/12\/brain-5966095_960_720.jpg\",\"width\":960,\"height\":270},{\"@type\":\"BreadcrumbList\",\"@id\":\"https:\/\/pressel-nike.de\/?page_id=1121#breadcrumb\",\"itemListElement\":[{\"@type\":\"ListItem\",\"position\":1,\"name\":\"Startseite\",\"item\":\"https:\/\/pressel-nike.de\/\"},{\"@type\":\"ListItem\",\"position\":2,\"name\":\"Vorschlag f\u00fcr F\u00fchrungsverhalten\"}]},{\"@type\":\"WebSite\",\"@id\":\"https:\/\/pressel-nike.de\/#website\",\"url\":\"https:\/\/pressel-nike.de\/\",\"name\":\"Gisela Pressel Coaching &amp; Supervision\",\"description\":\"N.I.K.E. - Neues Institut f\u00fcr Kommunikation und Erwachsenenbildung\",\"potentialAction\":[{\"@type\":\"SearchAction\",\"target\":{\"@type\":\"EntryPoint\",\"urlTemplate\":\"https:\/\/pressel-nike.de\/?s={search_term_string}\"},\"query-input\":\"required name=search_term_string\"}],\"inLanguage\":\"de\"}]}<\/script>\n<!-- \/ Yoast SEO plugin. -->","yoast_head_json":{"title":"Vorschlag f\u00fcr F\u00fchrungsverhalten - Gisela Pressel Coaching &amp; Supervision","robots":{"index":"index","follow":"follow","max-snippet":"max-snippet:-1","max-image-preview":"max-image-preview:large","max-video-preview":"max-video-preview:-1"},"canonical":"https:\/\/pressel-nike.de\/?page_id=1121","og_locale":"de_DE","og_type":"article","og_title":"Vorschlag f\u00fcr F\u00fchrungsverhalten - Gisela Pressel Coaching &amp; Supervision","og_description":"November|12|2021 Gezielte Anleitung f\u00fcr MitarbeiterInnen 1. Sie sind das Vorbild f\u00fcr den Arbeitsstil ihrerMitarbeiterInnen Vorbild zu sein, ist immer noch die wirkungsvollste Anleitungsstrategie. Ihre MitarbeiterInnen lernen Verhalten nur, wenn Sie &hellip; Vorschlag f\u00fcr F\u00fchrungsverhalten weiterlesen","og_url":"https:\/\/pressel-nike.de\/?page_id=1121","og_site_name":"Gisela Pressel Coaching &amp; Supervision","article_modified_time":"2021-12-05T12:06:23+00:00","og_image":[{"width":960,"height":270,"url":"https:\/\/pressel-nike.de\/wp-content\/uploads\/2021\/12\/brain-5966095_960_720.jpg","type":"image\/jpeg"}],"twitter_card":"summary_large_image","twitter_misc":{"Gesch\u00e4tzte Lesezeit":"3\u00a0Minuten"},"schema":{"@context":"https:\/\/schema.org","@graph":[{"@type":"WebPage","@id":"https:\/\/pressel-nike.de\/?page_id=1121","url":"https:\/\/pressel-nike.de\/?page_id=1121","name":"Vorschlag f\u00fcr F\u00fchrungsverhalten - Gisela Pressel Coaching &amp; Supervision","isPartOf":{"@id":"https:\/\/pressel-nike.de\/#website"},"primaryImageOfPage":{"@id":"https:\/\/pressel-nike.de\/?page_id=1121#primaryimage"},"image":{"@id":"https:\/\/pressel-nike.de\/?page_id=1121#primaryimage"},"thumbnailUrl":"https:\/\/pressel-nike.de\/wp-content\/uploads\/2021\/12\/brain-5966095_960_720.jpg","datePublished":"2021-12-05T11:11:59+00:00","dateModified":"2021-12-05T12:06:23+00:00","breadcrumb":{"@id":"https:\/\/pressel-nike.de\/?page_id=1121#breadcrumb"},"inLanguage":"de","potentialAction":[{"@type":"ReadAction","target":["https:\/\/pressel-nike.de\/?page_id=1121"]}]},{"@type":"ImageObject","inLanguage":"de","@id":"https:\/\/pressel-nike.de\/?page_id=1121#primaryimage","url":"https:\/\/pressel-nike.de\/wp-content\/uploads\/2021\/12\/brain-5966095_960_720.jpg","contentUrl":"https:\/\/pressel-nike.de\/wp-content\/uploads\/2021\/12\/brain-5966095_960_720.jpg","width":960,"height":270},{"@type":"BreadcrumbList","@id":"https:\/\/pressel-nike.de\/?page_id=1121#breadcrumb","itemListElement":[{"@type":"ListItem","position":1,"name":"Startseite","item":"https:\/\/pressel-nike.de\/"},{"@type":"ListItem","position":2,"name":"Vorschlag f\u00fcr F\u00fchrungsverhalten"}]},{"@type":"WebSite","@id":"https:\/\/pressel-nike.de\/#website","url":"https:\/\/pressel-nike.de\/","name":"Gisela Pressel Coaching &amp; Supervision","description":"N.I.K.E. - Neues Institut f\u00fcr Kommunikation und Erwachsenenbildung","potentialAction":[{"@type":"SearchAction","target":{"@type":"EntryPoint","urlTemplate":"https:\/\/pressel-nike.de\/?s={search_term_string}"},"query-input":"required name=search_term_string"}],"inLanguage":"de"}]}},"_links":{"self":[{"href":"https:\/\/pressel-nike.de\/index.php?rest_route=\/wp\/v2\/pages\/1121","targetHints":{"allow":["GET"]}}],"collection":[{"href":"https:\/\/pressel-nike.de\/index.php?rest_route=\/wp\/v2\/pages"}],"about":[{"href":"https:\/\/pressel-nike.de\/index.php?rest_route=\/wp\/v2\/types\/page"}],"author":[{"embeddable":true,"href":"https:\/\/pressel-nike.de\/index.php?rest_route=\/wp\/v2\/users\/2"}],"replies":[{"embeddable":true,"href":"https:\/\/pressel-nike.de\/index.php?rest_route=%2Fwp%2Fv2%2Fcomments&post=1121"}],"version-history":[{"count":2,"href":"https:\/\/pressel-nike.de\/index.php?rest_route=\/wp\/v2\/pages\/1121\/revisions"}],"predecessor-version":[{"id":1143,"href":"https:\/\/pressel-nike.de\/index.php?rest_route=\/wp\/v2\/pages\/1121\/revisions\/1143"}],"wp:featuredmedia":[{"embeddable":true,"href":"https:\/\/pressel-nike.de\/index.php?rest_route=\/wp\/v2\/media\/1132"}],"wp:attachment":[{"href":"https:\/\/pressel-nike.de\/index.php?rest_route=%2Fwp%2Fv2%2Fmedia&parent=1121"}],"curies":[{"name":"wp","href":"https:\/\/api.w.org\/{rel}","templated":true}]}}