{"id":1219,"date":"2022-01-09T16:55:46","date_gmt":"2022-01-09T16:55:46","guid":{"rendered":"https:\/\/pressel-nike.de\/?page_id=1219"},"modified":"2024-05-13T12:48:06","modified_gmt":"2024-05-13T12:48:06","slug":"arbeitsunterlagen","status":"publish","type":"page","link":"https:\/\/pressel-nike.de\/?page_id=1219","title":{"rendered":"Arbeitsunterlagen"},"content":{"rendered":"\n<p>Hier stelle ich f\u00fcr Interessierte und Kund:innen Unterlagen zur Verf\u00fcgung, welche Sie sich gerne herunterladen d\u00fcrfen.<\/p>\n\n\n\n<figure class=\"wp-block-image size-full\"><img loading=\"lazy\" decoding=\"async\" width=\"640\" height=\"360\" src=\"https:\/\/pressel-nike.de\/wp-content\/uploads\/2022\/01\/school-supplies-g0925596fe_640.jpg\" alt=\"\" class=\"wp-image-1237\" srcset=\"https:\/\/pressel-nike.de\/wp-content\/uploads\/2022\/01\/school-supplies-g0925596fe_640.jpg 640w, https:\/\/pressel-nike.de\/wp-content\/uploads\/2022\/01\/school-supplies-g0925596fe_640-300x169.jpg 300w\" sizes=\"auto, (max-width: 640px) 100vw, 640px\" \/><\/figure>\n\n\n\n<p><\/p>\n\n\n\n<div class=\"wp-block-file\"><a href=\"https:\/\/pressel-nike.de\/wp-content\/uploads\/2022\/02\/Vorschlag-fuer-Fuehrungsverhalten-gezielte-Anleitung-von-MitarbeiterInnen.doc\">Vorschlag-fuer-Fuehrungsverhalten-gezielte-Anleitung-von-MitarbeiterInnen<\/a><a href=\"https:\/\/pressel-nike.de\/wp-content\/uploads\/2022\/02\/Vorschlag-fuer-Fuehrungsverhalten-gezielte-Anleitung-von-MitarbeiterInnen.doc\" class=\"wp-block-file__button\" download>Herunterladen<\/a><\/div>\n\n\n\n<div class=\"wp-block-file\"><a href=\"https:\/\/pressel-nike.de\/wp-content\/uploads\/2022\/02\/Erfolgreiche-Arbeit-im-Team-ist-lernbar.doc\">Erfolgreiche-Arbeit-im-Team-ist-lernbar<\/a><a href=\"https:\/\/pressel-nike.de\/wp-content\/uploads\/2022\/02\/Erfolgreiche-Arbeit-im-Team-ist-lernbar.doc\" class=\"wp-block-file__button\" download>Herunterladen<\/a><\/div>\n\n\n\n<div class=\"wp-block-file\"><a href=\"https:\/\/pressel-nike.de\/wp-content\/uploads\/2022\/03\/Lehrsupervision-fuer-Coachs-in-Ausbildung.docx\">Lehrsupervision-fuer-Coachs-in-Ausbildung<\/a><a href=\"https:\/\/pressel-nike.de\/wp-content\/uploads\/2022\/03\/Lehrsupervision-fuer-Coachs-in-Ausbildung.docx\" class=\"wp-block-file__button\" download>Herunterladen<\/a><\/div>\n","protected":false},"excerpt":{"rendered":"<p>Hier stelle ich f\u00fcr Interessierte und Kund:innen Unterlagen zur Verf\u00fcgung, welche Sie sich gerne herunterladen d\u00fcrfen.<\/p>\n","protected":false},"author":2,"featured_media":272,"parent":0,"menu_order":0,"comment_status":"closed","ping_status":"closed","template":"","meta":{"footnotes":""},"class_list":["post-1219","page","type-page","status-publish","has-post-thumbnail","hentry"],"yoast_head":"<!-- This site is optimized with the Yoast SEO plugin v22.6 - https:\/\/yoast.com\/wordpress\/plugins\/seo\/ -->\n<title>Arbeitsunterlagen - Gisela Pressel Coaching &amp; Supervision<\/title>\n<meta name=\"description\" content=\"Erfahren Sie, wie effektive Arbeitsunterlagen Ihre Produktivit\u00e4t steigern. Holen Sie das Beste aus Ihrer Arbeit heraus \u2013 jeden Tag!\" \/>\n<meta name=\"robots\" content=\"index, follow, max-snippet:-1, max-image-preview:large, max-video-preview:-1\" \/>\n<link rel=\"canonical\" href=\"https:\/\/pressel-nike.de\/?page_id=1219\" \/>\n<meta property=\"og:locale\" content=\"de_DE\" \/>\n<meta property=\"og:type\" content=\"article\" \/>\n<meta property=\"og:title\" content=\"Arbeitsunterlagen - Gisela Pressel Coaching &amp; Supervision\" \/>\n<meta property=\"og:description\" content=\"Erfahren Sie, wie effektive Arbeitsunterlagen Ihre Produktivit\u00e4t steigern. Holen Sie das Beste aus Ihrer Arbeit heraus \u2013 jeden Tag!\" \/>\n<meta property=\"og:url\" content=\"https:\/\/pressel-nike.de\/?page_id=1219\" \/>\n<meta property=\"og:site_name\" content=\"Gisela Pressel Coaching &amp; Supervision\" \/>\n<meta property=\"article:modified_time\" content=\"2024-05-13T12:48:06+00:00\" \/>\n<meta property=\"og:image\" content=\"https:\/\/pressel-nike.de\/wp-content\/uploads\/2020\/11\/NIKE.png\" \/>\n\t<meta property=\"og:image:width\" content=\"57\" \/>\n\t<meta property=\"og:image:height\" content=\"50\" \/>\n\t<meta property=\"og:image:type\" content=\"image\/png\" \/>\n<meta name=\"twitter:card\" content=\"summary_large_image\" \/>\n<meta name=\"twitter:label1\" content=\"Gesch\u00e4tzte Lesezeit\" \/>\n\t<meta name=\"twitter:data1\" content=\"1\u00a0Minute\" \/>\n<script type=\"application\/ld+json\" class=\"yoast-schema-graph\">{\"@context\":\"https:\/\/schema.org\",\"@graph\":[{\"@type\":\"WebPage\",\"@id\":\"https:\/\/pressel-nike.de\/?page_id=1219\",\"url\":\"https:\/\/pressel-nike.de\/?page_id=1219\",\"name\":\"Arbeitsunterlagen - Gisela Pressel Coaching &amp; Supervision\",\"isPartOf\":{\"@id\":\"https:\/\/pressel-nike.de\/#website\"},\"primaryImageOfPage\":{\"@id\":\"https:\/\/pressel-nike.de\/?page_id=1219#primaryimage\"},\"image\":{\"@id\":\"https:\/\/pressel-nike.de\/?page_id=1219#primaryimage\"},\"thumbnailUrl\":\"https:\/\/pressel-nike.de\/wp-content\/uploads\/2020\/11\/NIKE.png\",\"datePublished\":\"2022-01-09T16:55:46+00:00\",\"dateModified\":\"2024-05-13T12:48:06+00:00\",\"description\":\"Erfahren Sie, wie effektive Arbeitsunterlagen Ihre Produktivit\u00e4t steigern. Holen Sie das Beste aus Ihrer Arbeit heraus \u2013 jeden Tag!\",\"breadcrumb\":{\"@id\":\"https:\/\/pressel-nike.de\/?page_id=1219#breadcrumb\"},\"inLanguage\":\"de\",\"potentialAction\":[{\"@type\":\"ReadAction\",\"target\":[\"https:\/\/pressel-nike.de\/?page_id=1219\"]}]},{\"@type\":\"ImageObject\",\"inLanguage\":\"de\",\"@id\":\"https:\/\/pressel-nike.de\/?page_id=1219#primaryimage\",\"url\":\"https:\/\/pressel-nike.de\/wp-content\/uploads\/2020\/11\/NIKE.png\",\"contentUrl\":\"https:\/\/pressel-nike.de\/wp-content\/uploads\/2020\/11\/NIKE.png\",\"width\":57,\"height\":50,\"caption\":\"N.I.K.E.-Institut f\u00fcr Kommunikation und Erwachsenenbildung\"},{\"@type\":\"BreadcrumbList\",\"@id\":\"https:\/\/pressel-nike.de\/?page_id=1219#breadcrumb\",\"itemListElement\":[{\"@type\":\"ListItem\",\"position\":1,\"name\":\"Startseite\",\"item\":\"https:\/\/pressel-nike.de\/\"},{\"@type\":\"ListItem\",\"position\":2,\"name\":\"Arbeitsunterlagen\"}]},{\"@type\":\"WebSite\",\"@id\":\"https:\/\/pressel-nike.de\/#website\",\"url\":\"https:\/\/pressel-nike.de\/\",\"name\":\"Gisela Pressel Coaching &amp; Supervision\",\"description\":\"N.I.K.E. - Neues Institut f\u00fcr Kommunikation und Erwachsenenbildung\",\"potentialAction\":[{\"@type\":\"SearchAction\",\"target\":{\"@type\":\"EntryPoint\",\"urlTemplate\":\"https:\/\/pressel-nike.de\/?s={search_term_string}\"},\"query-input\":\"required name=search_term_string\"}],\"inLanguage\":\"de\"}]}<\/script>\n<!-- \/ Yoast SEO plugin. -->","yoast_head_json":{"title":"Arbeitsunterlagen - Gisela Pressel Coaching &amp; Supervision","description":"Erfahren Sie, wie effektive Arbeitsunterlagen Ihre Produktivit\u00e4t steigern. Holen Sie das Beste aus Ihrer Arbeit heraus \u2013 jeden Tag!","robots":{"index":"index","follow":"follow","max-snippet":"max-snippet:-1","max-image-preview":"max-image-preview:large","max-video-preview":"max-video-preview:-1"},"canonical":"https:\/\/pressel-nike.de\/?page_id=1219","og_locale":"de_DE","og_type":"article","og_title":"Arbeitsunterlagen - Gisela Pressel Coaching &amp; Supervision","og_description":"Erfahren Sie, wie effektive Arbeitsunterlagen Ihre Produktivit\u00e4t steigern. Holen Sie das Beste aus Ihrer Arbeit heraus \u2013 jeden Tag!","og_url":"https:\/\/pressel-nike.de\/?page_id=1219","og_site_name":"Gisela Pressel Coaching &amp; Supervision","article_modified_time":"2024-05-13T12:48:06+00:00","og_image":[{"width":57,"height":50,"url":"https:\/\/pressel-nike.de\/wp-content\/uploads\/2020\/11\/NIKE.png","type":"image\/png"}],"twitter_card":"summary_large_image","twitter_misc":{"Gesch\u00e4tzte Lesezeit":"1\u00a0Minute"},"schema":{"@context":"https:\/\/schema.org","@graph":[{"@type":"WebPage","@id":"https:\/\/pressel-nike.de\/?page_id=1219","url":"https:\/\/pressel-nike.de\/?page_id=1219","name":"Arbeitsunterlagen - Gisela Pressel Coaching &amp; Supervision","isPartOf":{"@id":"https:\/\/pressel-nike.de\/#website"},"primaryImageOfPage":{"@id":"https:\/\/pressel-nike.de\/?page_id=1219#primaryimage"},"image":{"@id":"https:\/\/pressel-nike.de\/?page_id=1219#primaryimage"},"thumbnailUrl":"https:\/\/pressel-nike.de\/wp-content\/uploads\/2020\/11\/NIKE.png","datePublished":"2022-01-09T16:55:46+00:00","dateModified":"2024-05-13T12:48:06+00:00","description":"Erfahren Sie, wie effektive Arbeitsunterlagen Ihre Produktivit\u00e4t steigern. Holen Sie das Beste aus Ihrer Arbeit heraus \u2013 jeden Tag!","breadcrumb":{"@id":"https:\/\/pressel-nike.de\/?page_id=1219#breadcrumb"},"inLanguage":"de","potentialAction":[{"@type":"ReadAction","target":["https:\/\/pressel-nike.de\/?page_id=1219"]}]},{"@type":"ImageObject","inLanguage":"de","@id":"https:\/\/pressel-nike.de\/?page_id=1219#primaryimage","url":"https:\/\/pressel-nike.de\/wp-content\/uploads\/2020\/11\/NIKE.png","contentUrl":"https:\/\/pressel-nike.de\/wp-content\/uploads\/2020\/11\/NIKE.png","width":57,"height":50,"caption":"N.I.K.E.-Institut f\u00fcr Kommunikation und Erwachsenenbildung"},{"@type":"BreadcrumbList","@id":"https:\/\/pressel-nike.de\/?page_id=1219#breadcrumb","itemListElement":[{"@type":"ListItem","position":1,"name":"Startseite","item":"https:\/\/pressel-nike.de\/"},{"@type":"ListItem","position":2,"name":"Arbeitsunterlagen"}]},{"@type":"WebSite","@id":"https:\/\/pressel-nike.de\/#website","url":"https:\/\/pressel-nike.de\/","name":"Gisela Pressel Coaching &amp; Supervision","description":"N.I.K.E. - Neues Institut f\u00fcr Kommunikation und Erwachsenenbildung","potentialAction":[{"@type":"SearchAction","target":{"@type":"EntryPoint","urlTemplate":"https:\/\/pressel-nike.de\/?s={search_term_string}"},"query-input":"required name=search_term_string"}],"inLanguage":"de"}]}},"_links":{"self":[{"href":"https:\/\/pressel-nike.de\/index.php?rest_route=\/wp\/v2\/pages\/1219","targetHints":{"allow":["GET"]}}],"collection":[{"href":"https:\/\/pressel-nike.de\/index.php?rest_route=\/wp\/v2\/pages"}],"about":[{"href":"https:\/\/pressel-nike.de\/index.php?rest_route=\/wp\/v2\/types\/page"}],"author":[{"embeddable":true,"href":"https:\/\/pressel-nike.de\/index.php?rest_route=\/wp\/v2\/users\/2"}],"replies":[{"embeddable":true,"href":"https:\/\/pressel-nike.de\/index.php?rest_route=%2Fwp%2Fv2%2Fcomments&post=1219"}],"version-history":[{"count":9,"href":"https:\/\/pressel-nike.de\/index.php?rest_route=\/wp\/v2\/pages\/1219\/revisions"}],"predecessor-version":[{"id":1377,"href":"https:\/\/pressel-nike.de\/index.php?rest_route=\/wp\/v2\/pages\/1219\/revisions\/1377"}],"wp:featuredmedia":[{"embeddable":true,"href":"https:\/\/pressel-nike.de\/index.php?rest_route=\/wp\/v2\/media\/272"}],"wp:attachment":[{"href":"https:\/\/pressel-nike.de\/index.php?rest_route=%2Fwp%2Fv2%2Fmedia&parent=1219"}],"curies":[{"name":"wp","href":"https:\/\/api.w.org\/{rel}","templated":true}]}}