{"id":129,"date":"2020-11-27T11:04:31","date_gmt":"2020-11-27T11:04:31","guid":{"rendered":"https:\/\/pressel-nike.de\/?page_id=129"},"modified":"2024-05-13T13:14:13","modified_gmt":"2024-05-13T13:14:13","slug":"meine-arbeitsweise","status":"publish","type":"page","link":"https:\/\/pressel-nike.de\/?page_id=129","title":{"rendered":"Interview mit Frau Morell"},"content":{"rendered":"\n<p class=\"has-light-gray-background-color has-background\">K\u00f6nnen Sie beschreiben, was Sie beruflich machen?<\/p>\n\n\n\n<blockquote class=\"wp-block-quote is-style-default is-layout-flow wp-block-quote-is-layout-flow\"><p>Ich habe mich 1993 in Berlin-Mitte als Coach, Supervisorin und Organisationsberaterin selbst\u00e4ndig gemacht, seit 1999 berate ich in meiner Praxis auf der Fischerinsel in der Wallstr. Kunden sind Berufst\u00e4tige &#8211; einzelne und Teams &#8211; und insbesondere F\u00fchrungskr\u00e4fte. Besonderer Schwerpunkt liegt in allen Beratungsprozessen auf der Pers\u00f6nlichkeitsentwicklung. Ich f\u00fchre das NIKE-Institut \u2013 d.h. Institut f\u00fcr Kommunikation und Erwachsenenbildung. NIKE, die griechische Siegesg\u00f6ttin \u2013 mein Symbol und Leitfaden &#8211; steht f\u00fcr Kraft, Zuversicht und Erfolg. Es ist meine Leidenschaft, Einzelne und Gruppen auf ihrem beruflichen Weg zu unterst\u00fctzen und zu begleiten, ihre St\u00e4rken und Kompetenzen zu f\u00f6rdern und herauszuarbeiten; insbesondere aber auch neue Sichtweisen zu er\u00f6ffnen und eingefahrene Wege zu hinterfragen. Ich verf\u00fcge \u00fcber Berufserfahrungen. Im kaufm\u00e4nnische Bereich, in der P\u00e4dagogik, der Weiterbildungsberatung, Gespr\u00e4chsf\u00fchrung. Im \u00f6ffentlichen Dienst. Ich habe Lehr-Erfahrungen an Hochschulen, verf\u00fcge \u00fcber Leitungserfahrungen im Verwaltungs- und Bildungsbereich. Seit mehr als 25 Jahren bin ich nunmehr in meiner Beratungs-Praxis in Berlin-Mitte t\u00e4tig und habe aus vielen Berufsbereichen und in F\u00fchrungsebenen MitarbeiterInnen beraten, supervidiert, gecoacht und umfangreiche Erfahrungen gewonnen. Eine Zielgruppe liegt mir ganz besonders am Herzen: Berufst\u00e4tige in der Lebensmitte, die sich neu orientieren m\u00f6chten, ihre Zukunft planen und vielleicht alte Tr\u00e4ume verwirklichen m\u00f6chten.<\/p><\/blockquote>\n\n\n\n<p class=\"has-light-gray-background-color has-background\">K\u00f6nnen Sie die gr\u00f6\u00dften Meilensteine Ihres Werdegangs schildern?<\/p>\n\n\n\n<blockquote class=\"wp-block-quote is-layout-flow wp-block-quote-is-layout-flow\"><p>Mit Mitte 30 P\u00e4dagogik-Studium auf dem 2. Bildungsweg Nach 11 Jahren kaufm\u00e4nnischer T\u00e4tigkeiten, vornehmlich als selbst\u00e4ndig arbeitende Sachbearbeiterin in mittelst\u00e4ndischen Unternehmen, wurde mir die Verwaltungsarbeit langweilig und ich entschied mich1972, berufsbegleitend das Studium der P\u00e4dagogik an der PH K\u00f6ln zu beginnen, das ich 1978 als Dipl.-P\u00e4dagogin abschloss. Neues konnte beginnen!-Von 1980-86 war ich als Leiterin und Bildungsberaterin bei der Stadt K\u00f6ln t\u00e4tig und anschlie\u00dfend habe ich bis 1991 als Abt.-Leiterin der Bildungsberatung der Stiftung Berufliche Bildung (Aufbau von sechs Beratungsstellen f\u00fcr Weiterbildung) beim Senat in Hamburg gearbeitet.-Mit Ende 50 Coach- und SV-Ausbildung, nach Berlin gehen. Mit steigendem Alter wuchs meine Anpassungsf\u00e4higkeit nicht mit. Ich wollte mich selbst\u00e4ndig machen, habe eine Ausbildung als Supervisorin und Coach absolviert, habe mich vom \u00d6ffentlichen Dienst verabschiedet und bin aus Neugier und Interesse an dem neuen Berlin dorthin gegangen.-Hier habe ich mich dann hier 1993 selbst\u00e4ndig gemacht.<\/p><\/blockquote>\n\n\n\n<p class=\"has-light-gray-background-color has-background\">Was gibt Ihnen Antrieb, um immer wieder etwas Neues zu machen bzw. um Ihre Kompetenzen zu erweitern?<\/p>\n\n\n\n<blockquote class=\"wp-block-quote is-layout-flow wp-block-quote-is-layout-flow\"><p>Beratung erm\u00f6glicht lfd. weiter zu lernen, unterschiedliche Kunden, unterschiedlichste Beratungsanl\u00e4sse bieten Herausforderungen zum Weiterlernen und Vertiefen des Erfahrenen. Es wird nie langweilig, kein Auftrag, keine Beratungsprozess ist gleich. Neugierde, Lust zu arbeiten, sich zu engagieren und zu beraten \u2013 und nie der Langeweile einen Platz einr\u00e4umen! Eine weiterer Antrieb ist die Tatsache, dass wir heute l\u00e4nger jung bleiben, ges\u00fcnder sind, sportlicher und aktiv sind. Und sehr oft \u00fcber das Rentenalter hinaus aktiv und auch zum gr\u00f6\u00dfer werdenden Teil berufst\u00e4tig sind. Das ist einfacher zu verwirklichen als Freiberuflerin. Und das lebe ich mit Lust vor! Und: wir k\u00f6nnen lebenslang lernen! Der ber\u00fchmte Prof. Dr. Gerald H\u00fcther sagt \u201eWir k\u00f6nnen bis ins hohe Alter lernen und ver\u00e4ndern \u2013 unsere Zellen im Gehirn erneuern sich lebensl\u00e4nglich\u201c. Das ist motivierend und f\u00fcr mich irgendwie verpflichtend.<\/p><\/blockquote>\n\n\n\n<p class=\"has-light-gray-background-color has-background\">Was w\u00fcrden Sie empfehlen, wenn jemand sich beruflich ver\u00e4ndern oder ein Projekt umsetzen m\u00f6chte, aber den Mut noch nicht gefunden hat, es zu machen?<\/p>\n\n\n\n<blockquote class=\"wp-block-quote is-layout-flow wp-block-quote-is-layout-flow\"><p>Eine kleine Gruppe (2-3 Personen) ausgesuchter Freunde zusammenstellen, die Sie unterst\u00fctzen, begleiten, Mut machen \u2013 auf jeden Fall eine positive Haltung zu Ihnen und ihrem Thema bzw. Zielen haben. Und die zum Feiern da sind, wenn es Erfolge regnet, aber auch wenn einiges nicht so gelingt, wie Sie es w\u00fcnschen. Die da sind, wenn Zweifel auftauchen. Suchen Sie sich einen Berater, einen Coach und besch\u00e4ftigen Sie die Fachleute, die viel Ahnung haben von ihrem Zielbereich, die schon da sind, wo Sie hin m\u00f6chten. Vernetzen Sie sich, pflegen Sie Kontakte und vergessen Humor und Lachen nicht \u2013 das gibt Power! Wichtig: wo ist der Spa\u00df versteckt?<\/p><cite>Dipl.-P\u00e4d. Gisela Pressel Coaching und Supervision DGSv\/SG <br>Berlin, den 31. Dezember 2020<\/cite><\/blockquote>\n\n\n\n<p><\/p>\n\n\n\n<p><canvas width=\"1245\" height=\"1755\"><canvas width=\"1245\" height=\"1755\">und in F\u00fchrungsebenen MitarbeiterInnen beraten, supervidiert, gecoacht und umfangreiche Erfahrungen gewonnen.Eine Zielgruppe liegt mir ganz besonders am Herzen: Berufst\u00e4tige in der Lebensmitte, die sich neu orientieren m\u00f6chten, ihre Zukunft planen und vielleicht alte Tr\u00e4ume verwirklichen m\u00f6chten.2.Gr\u00f6\u00dften Meilensteine des Werdegangs schildern?-Mit Mitte 30 P\u00e4dagogik-Studium auf dem 2. BildungswegNach 11 Jahren kaufm\u00e4nnischer T\u00e4tigkeiten, vornehmlich als selbst\u00e4ndig arbeitende Sachbearbeiterin in mittelst\u00e4ndischen Unternehmen, wurde mir die Verwaltungsarbeit langweilig undich entschied mich1972, berufsbegleitend das Studium der P\u00e4dagogik an der PH K\u00f6ln zu beginnen, das ich 1978 als Dipl.-P\u00e4dagogin abschlo\u00df. Neues konnte beginnen!-Von 1980-86 war ich als Leiterin und Bildungsberaterin bei der Stadt K\u00f6ln t\u00e4tig und anschlie\u00dfend habe ich bis 1991 als Abt.-Leiterin der Bildungsberatung der Stiftung Berufliche Bildung (Aufbau von sechs Beratungsstellen f\u00fcr Weiterbildung) beim Senat in Hamburg gearbeitet.-Mit Ende 50 Coach- und SV-Ausbildung, nach Berlin gehenMit steigendem Alter wuchs meine Anpassungsf\u00e4higkeit nicht mit. Ich wollte mich selbst\u00e4ndig machen, habe eine Ausbildung als Supervisorin und Coach absolviert, habe mich vom \u00d6ffentlichen Dienst verabschiedet und bin aus Neugier und Interesse an dem neuen Berlin dorthin gegangen.-Hier habe ich mich dann hier 1993 selbst\u00e4ndig gemacht.3.Antrieb, um immer wieder etwas Neues zu machen bzw. Kompetenzen erweitern?Wallstra\u00dfe 39\uf09f 10179 Berlin-Mitte \uf09f Mobil 0172\/30 49 753\uf09f E-Mail: Pressel-NIKE@t-online.deBankverbindung \uf09f Berliner Sparkasse \uf09f Konto-Nr. 730 209 024 \uf09f BLZ 100 500 00 RnJhZ2VuIEJsb2cgU2FuZHJhIE1vcmVs.docxSeite 2 von 4Inhaberin Gisela Pressel \uf09f Wallstra\u00dfe 39 \uf09f 10179 Berlin-Mittewww.pressel-nike.de<canvas width=\"1245\" height=\"1755\">Beratung erm\u00f6glicht lfd. weiter zu lernen, unterschiedliche Kunden, unterschiedlichste Beratungsanl\u00e4sse bieten Herausforderungen zum Weiterlernen und Vertiefen des Erfahrenen. Es wird nie langweilig, kein Auftrag, keine Beratungsprozess ist gleich.Neugierde, Lust zu arbeiten, sich zu engagieren und zu beraten \u2013 und nie der Langeweile einen Platz einr\u00e4umen!Eine weiterer Antrieb ist die Tatsache, dass wir heute l\u00e4nger jung bleiben, ges\u00fcnder sind, sportlicher und aktiv sind. Und sehr oft \u00fcber das Rentenalter hinaus aktiv und auch zum gr\u00f6\u00dfer werdenden Teil berufst\u00e4tig sind. Das ist einfacher zu verwirklichen als Freiberuflerin. Und das lebe ich mit Lust vor!Und: wir k\u00f6nnen lebenslang lernen! Der ber\u00fchmte Prof.Dr.Gerarld H\u00fcther sagt \u201eWir k\u00f6nnen bis ins hohe Alter lernenund ver\u00e4ndern \u2013 unsere Zellen im Gehirn erneuern sich lebensl\u00e4nglich\u201c. Das ist motivierend und f\u00fcr mich irgendwie verpflichtend.4.Was w\u00fcrden Sie empfehlen, wenn jemand sich beruflich ver\u00e4ndern oder ein Projekt umsetzen m\u00f6chte, aber den Mutnoch nicht gefunden hat, es zu machenEine kleine Gruppe (2-3 Personen) ausgesuchter Freunde zusammenstellen, die Sie unterst\u00fctzen, begleiten, Mut machen \u2013 auf jeden Fall eine positive Haltung zu Ihnen und ihrem Thema bzw. Zielen haben. Und die zum Feiern da sind, wenn es Erfolge regnet, aber auch wenn einiges nicht so gelingt, wie Sie es w\u00fcnschen. Die da sind, wenn Zweifel auftauchen. Suchen Sie sich einen Berater, einen Coach und besch\u00e4ftigen Sie die Fachleute, die viel Ahnung haben von ihrem Zielbereich, die schon da sind, wo Sie hin m\u00f6chten.Vernetzen Sie sich, pflegen Sie Kontakte und vergessen Humor und Lachen nicht \u2013 das gibt Power! Wichtig: wo ist der Spa\u00df versteckt?Wallstra\u00dfe 39\uf09f 10179 Berlin-Mitte \uf09f Mobil 0172\/30 49 753\uf09f E-Mail: Pressel-NIKE@t-online.deBankverbindung \uf09f Berliner Sparkasse \uf09f Konto-Nr. 730 209 024 \uf09f BLZ 100 500 00 RnJhZ2VuIEJsb2cgU2FuZHJhIE1vcmVs.docxSeite 3 von 4Inhaberin Gisela Pressel \uf09f Wallstra\u00dfe 39 \uf09f 10179 Berlin-Mittewww.pressel-nike.de<canvas width=\"1245\" height=\"1755\">Gez. Dipl.-P\u00e4d. Gisela PresselCoaching und Supervision DGSv\/SGBerlin, den 31. Dezember 2020Wallstra\u00dfe 39\uf09f 10179 Berlin-Mitte \uf09f Mobil 0172\/30 49 753\uf09f E-Mail: Pressel-NIKE@t-online.deBankverbindung \uf09f Berliner Sparkasse \uf09f Konto-Nr. 730 209 024 \uf09f BLZ 100 500 00 RnJhZ2VuIEJsb2cgU2FuZHJhIE1vcmVs.docxSeite 4 von 4Inhaberin Gisela Pressel \uf09f Wallstra\u00dfe 39 \uf09f 10179 Berlin-Mittewww.pressel-nike.de<\/canvas><\/canvas><\/canvas><\/canvas><\/p>\n","protected":false},"excerpt":{"rendered":"<p>K\u00f6nnen Sie beschreiben, was Sie beruflich machen? Ich habe mich 1993 in Berlin-Mitte als Coach, Supervisorin und Organisationsberaterin selbst\u00e4ndig gemacht, seit 1999 berate ich in meiner Praxis auf der Fischerinsel &hellip; <a href=\"https:\/\/pressel-nike.de\/?page_id=129\" class=\"more-link\"><span class=\"screen-reader-text\">Interview mit Frau Morell<\/span> weiterlesen<\/a><\/p>\n","protected":false},"author":1,"featured_media":272,"parent":0,"menu_order":0,"comment_status":"closed","ping_status":"closed","template":"","meta":{"footnotes":""},"class_list":["post-129","page","type-page","status-publish","has-post-thumbnail","hentry"],"yoast_head":"<!-- This site is optimized with the Yoast SEO plugin v22.6 - https:\/\/yoast.com\/wordpress\/plugins\/seo\/ -->\n<title>Interview mit Frau Morell - Gisela Pressel Coaching &amp; Supervision<\/title>\n<meta name=\"description\" content=\"Gisela Pressel, mit \u00fcber 25 Jahren Erfahrung, bietet professionelles Coaching und Supervision in Berlin. Jetzt entdecken!\" \/>\n<meta name=\"robots\" content=\"index, follow, max-snippet:-1, max-image-preview:large, max-video-preview:-1\" \/>\n<link rel=\"canonical\" href=\"https:\/\/pressel-nike.de\/?page_id=129\" \/>\n<meta property=\"og:locale\" content=\"de_DE\" \/>\n<meta property=\"og:type\" content=\"article\" \/>\n<meta property=\"og:title\" content=\"Interview mit Frau Morell - Gisela Pressel Coaching &amp; Supervision\" \/>\n<meta property=\"og:description\" content=\"Gisela Pressel, mit \u00fcber 25 Jahren Erfahrung, bietet professionelles Coaching und Supervision in Berlin. Jetzt entdecken!\" \/>\n<meta property=\"og:url\" content=\"https:\/\/pressel-nike.de\/?page_id=129\" \/>\n<meta property=\"og:site_name\" content=\"Gisela Pressel Coaching &amp; Supervision\" \/>\n<meta property=\"article:modified_time\" content=\"2024-05-13T13:14:13+00:00\" \/>\n<meta property=\"og:image\" content=\"https:\/\/pressel-nike.de\/wp-content\/uploads\/2020\/11\/NIKE.png\" \/>\n\t<meta property=\"og:image:width\" content=\"57\" \/>\n\t<meta property=\"og:image:height\" content=\"50\" \/>\n\t<meta property=\"og:image:type\" content=\"image\/png\" \/>\n<meta name=\"twitter:card\" content=\"summary_large_image\" \/>\n<meta name=\"twitter:label1\" content=\"Gesch\u00e4tzte Lesezeit\" \/>\n\t<meta name=\"twitter:data1\" content=\"4\u00a0Minuten\" \/>\n<script type=\"application\/ld+json\" class=\"yoast-schema-graph\">{\"@context\":\"https:\/\/schema.org\",\"@graph\":[{\"@type\":\"WebPage\",\"@id\":\"https:\/\/pressel-nike.de\/?page_id=129\",\"url\":\"https:\/\/pressel-nike.de\/?page_id=129\",\"name\":\"Interview mit Frau Morell - Gisela Pressel Coaching &amp; Supervision\",\"isPartOf\":{\"@id\":\"https:\/\/pressel-nike.de\/#website\"},\"primaryImageOfPage\":{\"@id\":\"https:\/\/pressel-nike.de\/?page_id=129#primaryimage\"},\"image\":{\"@id\":\"https:\/\/pressel-nike.de\/?page_id=129#primaryimage\"},\"thumbnailUrl\":\"https:\/\/pressel-nike.de\/wp-content\/uploads\/2020\/11\/NIKE.png\",\"datePublished\":\"2020-11-27T11:04:31+00:00\",\"dateModified\":\"2024-05-13T13:14:13+00:00\",\"description\":\"Gisela Pressel, mit \u00fcber 25 Jahren Erfahrung, bietet professionelles Coaching und Supervision in Berlin. Jetzt entdecken!\",\"breadcrumb\":{\"@id\":\"https:\/\/pressel-nike.de\/?page_id=129#breadcrumb\"},\"inLanguage\":\"de\",\"potentialAction\":[{\"@type\":\"ReadAction\",\"target\":[\"https:\/\/pressel-nike.de\/?page_id=129\"]}]},{\"@type\":\"ImageObject\",\"inLanguage\":\"de\",\"@id\":\"https:\/\/pressel-nike.de\/?page_id=129#primaryimage\",\"url\":\"https:\/\/pressel-nike.de\/wp-content\/uploads\/2020\/11\/NIKE.png\",\"contentUrl\":\"https:\/\/pressel-nike.de\/wp-content\/uploads\/2020\/11\/NIKE.png\",\"width\":57,\"height\":50,\"caption\":\"N.I.K.E.-Institut f\u00fcr Kommunikation und Erwachsenenbildung\"},{\"@type\":\"BreadcrumbList\",\"@id\":\"https:\/\/pressel-nike.de\/?page_id=129#breadcrumb\",\"itemListElement\":[{\"@type\":\"ListItem\",\"position\":1,\"name\":\"Startseite\",\"item\":\"https:\/\/pressel-nike.de\/\"},{\"@type\":\"ListItem\",\"position\":2,\"name\":\"Interview mit Frau Morell\"}]},{\"@type\":\"WebSite\",\"@id\":\"https:\/\/pressel-nike.de\/#website\",\"url\":\"https:\/\/pressel-nike.de\/\",\"name\":\"Gisela Pressel Coaching &amp; Supervision\",\"description\":\"N.I.K.E. - Neues Institut f\u00fcr Kommunikation und Erwachsenenbildung\",\"potentialAction\":[{\"@type\":\"SearchAction\",\"target\":{\"@type\":\"EntryPoint\",\"urlTemplate\":\"https:\/\/pressel-nike.de\/?s={search_term_string}\"},\"query-input\":\"required name=search_term_string\"}],\"inLanguage\":\"de\"}]}<\/script>\n<!-- \/ Yoast SEO plugin. -->","yoast_head_json":{"title":"Interview mit Frau Morell - Gisela Pressel Coaching &amp; Supervision","description":"Gisela Pressel, mit \u00fcber 25 Jahren Erfahrung, bietet professionelles Coaching und Supervision in Berlin. Jetzt entdecken!","robots":{"index":"index","follow":"follow","max-snippet":"max-snippet:-1","max-image-preview":"max-image-preview:large","max-video-preview":"max-video-preview:-1"},"canonical":"https:\/\/pressel-nike.de\/?page_id=129","og_locale":"de_DE","og_type":"article","og_title":"Interview mit Frau Morell - Gisela Pressel Coaching &amp; Supervision","og_description":"Gisela Pressel, mit \u00fcber 25 Jahren Erfahrung, bietet professionelles Coaching und Supervision in Berlin. Jetzt entdecken!","og_url":"https:\/\/pressel-nike.de\/?page_id=129","og_site_name":"Gisela Pressel Coaching &amp; Supervision","article_modified_time":"2024-05-13T13:14:13+00:00","og_image":[{"width":57,"height":50,"url":"https:\/\/pressel-nike.de\/wp-content\/uploads\/2020\/11\/NIKE.png","type":"image\/png"}],"twitter_card":"summary_large_image","twitter_misc":{"Gesch\u00e4tzte Lesezeit":"4\u00a0Minuten"},"schema":{"@context":"https:\/\/schema.org","@graph":[{"@type":"WebPage","@id":"https:\/\/pressel-nike.de\/?page_id=129","url":"https:\/\/pressel-nike.de\/?page_id=129","name":"Interview mit Frau Morell - Gisela Pressel Coaching &amp; Supervision","isPartOf":{"@id":"https:\/\/pressel-nike.de\/#website"},"primaryImageOfPage":{"@id":"https:\/\/pressel-nike.de\/?page_id=129#primaryimage"},"image":{"@id":"https:\/\/pressel-nike.de\/?page_id=129#primaryimage"},"thumbnailUrl":"https:\/\/pressel-nike.de\/wp-content\/uploads\/2020\/11\/NIKE.png","datePublished":"2020-11-27T11:04:31+00:00","dateModified":"2024-05-13T13:14:13+00:00","description":"Gisela Pressel, mit \u00fcber 25 Jahren Erfahrung, bietet professionelles Coaching und Supervision in Berlin. Jetzt entdecken!","breadcrumb":{"@id":"https:\/\/pressel-nike.de\/?page_id=129#breadcrumb"},"inLanguage":"de","potentialAction":[{"@type":"ReadAction","target":["https:\/\/pressel-nike.de\/?page_id=129"]}]},{"@type":"ImageObject","inLanguage":"de","@id":"https:\/\/pressel-nike.de\/?page_id=129#primaryimage","url":"https:\/\/pressel-nike.de\/wp-content\/uploads\/2020\/11\/NIKE.png","contentUrl":"https:\/\/pressel-nike.de\/wp-content\/uploads\/2020\/11\/NIKE.png","width":57,"height":50,"caption":"N.I.K.E.-Institut f\u00fcr Kommunikation und Erwachsenenbildung"},{"@type":"BreadcrumbList","@id":"https:\/\/pressel-nike.de\/?page_id=129#breadcrumb","itemListElement":[{"@type":"ListItem","position":1,"name":"Startseite","item":"https:\/\/pressel-nike.de\/"},{"@type":"ListItem","position":2,"name":"Interview mit Frau Morell"}]},{"@type":"WebSite","@id":"https:\/\/pressel-nike.de\/#website","url":"https:\/\/pressel-nike.de\/","name":"Gisela Pressel Coaching &amp; Supervision","description":"N.I.K.E. - Neues Institut f\u00fcr Kommunikation und Erwachsenenbildung","potentialAction":[{"@type":"SearchAction","target":{"@type":"EntryPoint","urlTemplate":"https:\/\/pressel-nike.de\/?s={search_term_string}"},"query-input":"required name=search_term_string"}],"inLanguage":"de"}]}},"_links":{"self":[{"href":"https:\/\/pressel-nike.de\/index.php?rest_route=\/wp\/v2\/pages\/129","targetHints":{"allow":["GET"]}}],"collection":[{"href":"https:\/\/pressel-nike.de\/index.php?rest_route=\/wp\/v2\/pages"}],"about":[{"href":"https:\/\/pressel-nike.de\/index.php?rest_route=\/wp\/v2\/types\/page"}],"author":[{"embeddable":true,"href":"https:\/\/pressel-nike.de\/index.php?rest_route=\/wp\/v2\/users\/1"}],"replies":[{"embeddable":true,"href":"https:\/\/pressel-nike.de\/index.php?rest_route=%2Fwp%2Fv2%2Fcomments&post=129"}],"version-history":[{"count":11,"href":"https:\/\/pressel-nike.de\/index.php?rest_route=\/wp\/v2\/pages\/129\/revisions"}],"predecessor-version":[{"id":779,"href":"https:\/\/pressel-nike.de\/index.php?rest_route=\/wp\/v2\/pages\/129\/revisions\/779"}],"wp:featuredmedia":[{"embeddable":true,"href":"https:\/\/pressel-nike.de\/index.php?rest_route=\/wp\/v2\/media\/272"}],"wp:attachment":[{"href":"https:\/\/pressel-nike.de\/index.php?rest_route=%2Fwp%2Fv2%2Fmedia&parent=129"}],"curies":[{"name":"wp","href":"https:\/\/api.w.org\/{rel}","templated":true}]}}