{"id":1320,"date":"2022-02-23T18:06:13","date_gmt":"2022-02-23T18:06:13","guid":{"rendered":"https:\/\/pressel-nike.de\/?page_id=1320"},"modified":"2024-05-13T12:47:00","modified_gmt":"2024-05-13T12:47:00","slug":"alter","status":"publish","type":"page","link":"https:\/\/pressel-nike.de\/?page_id=1320","title":{"rendered":"Alter"},"content":{"rendered":"\n<p>Alter \u2013 wann ist das? <\/p>\n\n\n\n<blockquote class=\"wp-block-quote is-layout-flow wp-block-quote-is-layout-flow\"><p>Alter ist immer, wir altern jeden Tag! <\/p><\/blockquote>\n\n\n\n<p>So gesehen ist Alter nichts Besonderes, sondern ein allt\u00e4glicher Prozess im Leben. Warum dann ist \u0301Lebensgestaltung im Alter \u0301 als Thema in aller Munde, nicht nur bei den Sozialversicherungen? Von Berufswegen und sicherlich nicht zuf\u00e4llig habe ich mir drei Fragestellungen zum Thema Alter herausgepickt, die ich mit <strong>\u201eNiemals zu alt&#8230;&#8230;!\u201c<\/strong> \u00fcberschreiben m\u00f6chte und die mich immer wieder intensiv besch\u00e4ftigen.<\/p>\n\n\n\n<p><strong>1. Mit welchen Altersbildern werden wir immer wieder konfrontiert und was machen diese mit uns?<\/strong><\/p>\n\n\n\n<p><strong>2. Wie steht es um die Lern- und Ver\u00e4nderungsf\u00e4higkeit im Alter und was sagen uns die Hirnforscher dazu?<\/strong><\/p>\n\n\n\n<p><strong>3. Was haben beide Fragen miteinander zu tun?<\/strong><\/p>\n\n\n\n<p>Aus einer Ver\u00f6ffentlichung des Versicherungskonzerns AXA: \u201e1916, als das Rentenalter auf 65 festgesetzt wurde, erreichten nur drei von zehn B\u00fcrgern dieses Alter. Der medizinische Fortschritt und soziale Entwicklungen haben in 100 Jahren die Lebenserwartung kr\u00e4ftig erh\u00f6ht und damit den sp\u00e4ten Lebensphasen Bedeutung gegeben. <\/p>\n\n\n\n<p>Die Alternsforscher haben eine neue Einteilung vorgenommen: Neben Kindheit, Jugend und Erwachsenenalter unterscheidet man heute noch zus\u00e4tzlich zwischen einem dritten und vierten Alter. Die Gruppe der 60-79J\u00e4hrigen sind die \u201ejungen Alten\u201c, die sich deutlich von den \u201ealten Alten\u201c unterscheiden, weil sie noch weniger von biologischen Alternszeichen eingeschr\u00e4nkt sind. 65-J\u00e4hrige laufen Marathon, sind auf E-Bikes unterwegs, unternehmen Trekkingreisen, nutzen soziale Medien und sind modisch auf dem Laufenden. Keinesfalls bedeutet der Eintritt ins Rentenalter heute, dass Menschen nichts mehr leisten. Im Gegenteil: <\/p>\n\n\n\n<blockquote class=\"wp-block-quote is-layout-flow wp-block-quote-is-layout-flow\"><p>Viele erreichen erst jetzt den H\u00f6hepunkt ihres Schaffens oder schlagen sogar noch einmal einen neuen Weg ein.<\/p><\/blockquote>\n\n\n\n<p>Vor diesem Hintergrund bekommen meine Fragen eine v\u00f6llig andere Bedeutung, als dies noch vor etlichen Jahrzehnten der Fall gewesen w\u00e4re. N\u00e4mlich, dass die Chancen f\u00fcr eine aktive Lebensgestaltung nicht mit dem 60. Lebensjahr enden, sondern weit dar\u00fcber hinaus gehen, wie die folgenden Beispiele aufzeigen. <\/p>\n\n\n\n<blockquote class=\"wp-block-quote is-layout-flow wp-block-quote-is-layout-flow\"><p>Motto: \u201eDa geht noch was!\u201c<\/p><\/blockquote>\n\n\n\n<p>Am 8. M\u00e4rz 2019, am Frauentag, stellte Bettina B\u00f6ttinger in der Sendung WDR 3 K\u00f6lner Treff die 94j\u00e4hrige Rosemarie Achenbach vor. Sie hat nach dem Tod ihres Mannes 2004 an der Uni Siegen ihren Magister in Philosophie gemacht und ist aktuell mit ihrer Doktorarbeit besch\u00e4ftigt. <\/p>\n\n\n\n<p>Hannelore Hoger, die ber\u00fchmte erfolgreiche Schauspielerin, sagt in einem Interview: \u201eIch kann doch nicht immer ans Alter und den Tod denken, da verpasse ich ja das Leben!\u201c<\/p>\n\n\n\n<p>Sind das Ausnahmen? Vielleicht &#8211; vielleicht aber auch nicht!<\/p>\n\n\n\n<blockquote class=\"wp-block-quote is-layout-flow wp-block-quote-is-layout-flow\"><p>Der Neurobiologe Prof. Dr. Gerald H\u00fcther kommt zu dem Ergebnis \u201eWir k\u00f6nnen bis ins hohe Alter lernen und ver\u00e4ndern \u2013 unsere Zellen im Gehirn erneuern sich lebensl\u00e4nglich\u201c!<\/p><\/blockquote>\n\n\n\n<p>Und weiter: \u201eAber wirklich bemerkens- und bedenkenswert ist nicht diese neue Erkenntnis der lebenslangen Umbau- und Lernf\u00e4higkeit des menschlichen Gehirns an sich, sondern der Umstand &#8230;..wie z\u00f6gerlich sie von den meisten Menschen angenommen, ernst genommen und deshalb auch umgesetzt wird:\u201c<\/p>\n\n\n\n<p>Blockieren die tradierten Altersbilder in uns selbst die Chance des lebenslangen Lernens und Ver\u00e4nderns?<\/p>\n\n\n\n<p>Ich habe gelesen, dass wir nur 10% unserer Potenziale nutzen! Wenn das stimmt, ist  das arg wenig. Was spricht also dagegen, die Lernf\u00e4higkeit bewusster zu nutzen, zu genie\u00dfen? Sich weiterzuentwickeln mit Begeisterung, Neugier und Spa\u00df &#8211; egal wof\u00fcr und f\u00fcr was!<\/p>\n\n\n\n<p><strong>Es sind die Altersbilder in unseren K\u00f6pfen, die Lernen erschweren und sogar verhindern.<\/strong> Diese Altersbilder in den K\u00f6pfen sehen ein \u00fcberwiegend negatives Altersbild und ber\u00fccksichtigen nicht, dass zwischen 55plus und 75plus eine neue l\u00e4ngere Lebensphase entstanden ist.<\/p>\n\n\n\n<p>Dr. Eckart von Hirschhausen und Prof. Dr. Tobias Esch sprechen hier\u00fcber in ihrem Buch \u201cDie bessere H\u00e4lfte. Worauf wir uns mitten im Leben freuen k\u00f6nnen\u201c und formulieren unter anderem folgende These: \u201eDie Phase zwischen 60 und 85 ist l\u00e4nger als die Kindheit und Pubert\u00e4t, l\u00e4nger als die Ausbildungszeit, l\u00e4nger, als die meisten Menschen am St\u00fcck in einem Job verbleiben &#8230;diese Zeit kann extrem erf\u00fcllend sein, heiter und bunt!\u201c (Rowohlt, 09\/2018, S. 17)<\/p>\n\n\n\n<p>Tradierte Altersbilder jedoch verstellen den Blick auf die M\u00f6glichkeit, unseren Lebensweg auch jenseits 55plus ebenso aktiv und zuversichtlich zu gestalten, wie wir dies automatisch in jungen Jahren tuen. <strong>Altern passiert, den Umgang damit haben wir in der Hand. Das Leben gestalten geht immer, auch wenn sich die Rahmenbedingungen mit dem Alter ver\u00e4ndern.<\/strong> Barbara Wackernagel-Jacobs (geb. 1950), Sozialpolitikerin und Filmproduzentin erkl\u00e4rt in ihrem Vortrag auf You-tube \u201eWarum wir eine neue Erz\u00e4hlung vom Alter brauchen\u201c. Ein sehenswerter Beitrag.<\/p>\n\n\n\n<p>Was wird die <strong>Babyboomer-Generation<\/strong> machen? Zwischen 2018 und 2031 werden etwa ein Drittel der derzeit Erwerbst\u00e4tigen aus dem Berufsleben ausscheiden. Gehen sie in Rente mit den \u00fcberwiegend \u00fcberholten Altersbildern und wenig Zutrauen zum Weiterlernen und selbstbewusstem Gestalten der zus\u00e4tzlichen Lebenszeit? Oder werden Sie sich aktiv mit den Fragen nach einer \u201eihrem Alter gem\u00e4\u00dfen\u201c Lebensgestaltung zuwenden?<br><\/p>\n\n\n\n<p class=\"has-white-color has-text-color has-background has-medium-font-size\" style=\"background-color:#b2a570\">Am 19.\/20. Mai 2022 habe ich im Auftrage des Kommunalen Bildungswerks Berlin das folgende Seminar durchgef\u00fchrt: <strong>&#8222;Die letzten Berufsjahre und den \u00dcbergang in den Ruhestand klug und achtsam gestalten.&#8220;<\/strong> Es war eine kleine Gruppe, die aber umso intensiver und aktiv sich mit ihren Themen auseinandergesetzt und stolz mit einer Standortbestimmung, Gedanken \u00fcber die Lebensbalance und einem Plan f\u00fcr die n\u00e4chsten Schritte incl. Ideen f\u00fcr die Abschiedsfeier das Seminar beendete. <\/p>\n\n\n\n<p><canvas width=\"1245\" height=\"1755\"><\/p>\n","protected":false},"excerpt":{"rendered":"<p>Alter \u2013 wann ist das? Alter ist immer, wir altern jeden Tag! So gesehen ist Alter nichts Besonderes, sondern ein allt\u00e4glicher Prozess im Leben. Warum dann ist \u0301Lebensgestaltung im Alter &hellip; <a href=\"https:\/\/pressel-nike.de\/?page_id=1320\" class=\"more-link\"><span class=\"screen-reader-text\">Alter<\/span> weiterlesen<\/a><\/p>\n","protected":false},"author":2,"featured_media":272,"parent":0,"menu_order":0,"comment_status":"closed","ping_status":"closed","template":"","meta":{"footnotes":""},"class_list":["post-1320","page","type-page","status-publish","has-post-thumbnail","hentry"],"yoast_head":"<!-- This site is optimized with the Yoast SEO plugin v22.6 - https:\/\/yoast.com\/wordpress\/plugins\/seo\/ -->\n<title>Alter - Gisela Pressel Coaching &amp; Supervision<\/title>\n<meta name=\"description\" content=\"Entdecken Sie die Chancen der Lebensgestaltung im Alter. Lernen und Ver\u00e4ndern Sie aktiv \u2013 egal in welchem Lebensabschnitt!\" \/>\n<meta name=\"robots\" content=\"index, follow, max-snippet:-1, max-image-preview:large, max-video-preview:-1\" \/>\n<link rel=\"canonical\" href=\"https:\/\/pressel-nike.de\/?page_id=1320\" \/>\n<meta property=\"og:locale\" content=\"de_DE\" \/>\n<meta property=\"og:type\" content=\"article\" \/>\n<meta property=\"og:title\" content=\"Alter - Gisela Pressel Coaching &amp; Supervision\" \/>\n<meta property=\"og:description\" content=\"Entdecken Sie die Chancen der Lebensgestaltung im Alter. Lernen und Ver\u00e4ndern Sie aktiv \u2013 egal in welchem Lebensabschnitt!\" \/>\n<meta property=\"og:url\" content=\"https:\/\/pressel-nike.de\/?page_id=1320\" \/>\n<meta property=\"og:site_name\" content=\"Gisela Pressel Coaching &amp; Supervision\" \/>\n<meta property=\"article:modified_time\" content=\"2024-05-13T12:47:00+00:00\" \/>\n<meta property=\"og:image\" content=\"https:\/\/pressel-nike.de\/wp-content\/uploads\/2020\/11\/NIKE.png\" \/>\n\t<meta property=\"og:image:width\" content=\"57\" \/>\n\t<meta property=\"og:image:height\" content=\"50\" \/>\n\t<meta property=\"og:image:type\" content=\"image\/png\" \/>\n<meta name=\"twitter:card\" content=\"summary_large_image\" \/>\n<meta name=\"twitter:label1\" content=\"Gesch\u00e4tzte Lesezeit\" \/>\n\t<meta name=\"twitter:data1\" content=\"5\u00a0Minuten\" \/>\n<script type=\"application\/ld+json\" class=\"yoast-schema-graph\">{\"@context\":\"https:\/\/schema.org\",\"@graph\":[{\"@type\":\"WebPage\",\"@id\":\"https:\/\/pressel-nike.de\/?page_id=1320\",\"url\":\"https:\/\/pressel-nike.de\/?page_id=1320\",\"name\":\"Alter - Gisela Pressel Coaching &amp; Supervision\",\"isPartOf\":{\"@id\":\"https:\/\/pressel-nike.de\/#website\"},\"primaryImageOfPage\":{\"@id\":\"https:\/\/pressel-nike.de\/?page_id=1320#primaryimage\"},\"image\":{\"@id\":\"https:\/\/pressel-nike.de\/?page_id=1320#primaryimage\"},\"thumbnailUrl\":\"https:\/\/pressel-nike.de\/wp-content\/uploads\/2020\/11\/NIKE.png\",\"datePublished\":\"2022-02-23T18:06:13+00:00\",\"dateModified\":\"2024-05-13T12:47:00+00:00\",\"description\":\"Entdecken Sie die Chancen der Lebensgestaltung im Alter. Lernen und Ver\u00e4ndern Sie aktiv \u2013 egal in welchem Lebensabschnitt!\",\"breadcrumb\":{\"@id\":\"https:\/\/pressel-nike.de\/?page_id=1320#breadcrumb\"},\"inLanguage\":\"de\",\"potentialAction\":[{\"@type\":\"ReadAction\",\"target\":[\"https:\/\/pressel-nike.de\/?page_id=1320\"]}]},{\"@type\":\"ImageObject\",\"inLanguage\":\"de\",\"@id\":\"https:\/\/pressel-nike.de\/?page_id=1320#primaryimage\",\"url\":\"https:\/\/pressel-nike.de\/wp-content\/uploads\/2020\/11\/NIKE.png\",\"contentUrl\":\"https:\/\/pressel-nike.de\/wp-content\/uploads\/2020\/11\/NIKE.png\",\"width\":57,\"height\":50,\"caption\":\"N.I.K.E.-Institut f\u00fcr Kommunikation und Erwachsenenbildung\"},{\"@type\":\"BreadcrumbList\",\"@id\":\"https:\/\/pressel-nike.de\/?page_id=1320#breadcrumb\",\"itemListElement\":[{\"@type\":\"ListItem\",\"position\":1,\"name\":\"Startseite\",\"item\":\"https:\/\/pressel-nike.de\/\"},{\"@type\":\"ListItem\",\"position\":2,\"name\":\"Alter\"}]},{\"@type\":\"WebSite\",\"@id\":\"https:\/\/pressel-nike.de\/#website\",\"url\":\"https:\/\/pressel-nike.de\/\",\"name\":\"Gisela Pressel Coaching &amp; Supervision\",\"description\":\"N.I.K.E. - Neues Institut f\u00fcr Kommunikation und Erwachsenenbildung\",\"potentialAction\":[{\"@type\":\"SearchAction\",\"target\":{\"@type\":\"EntryPoint\",\"urlTemplate\":\"https:\/\/pressel-nike.de\/?s={search_term_string}\"},\"query-input\":\"required name=search_term_string\"}],\"inLanguage\":\"de\"}]}<\/script>\n<!-- \/ Yoast SEO plugin. -->","yoast_head_json":{"title":"Alter - Gisela Pressel Coaching &amp; Supervision","description":"Entdecken Sie die Chancen der Lebensgestaltung im Alter. Lernen und Ver\u00e4ndern Sie aktiv \u2013 egal in welchem Lebensabschnitt!","robots":{"index":"index","follow":"follow","max-snippet":"max-snippet:-1","max-image-preview":"max-image-preview:large","max-video-preview":"max-video-preview:-1"},"canonical":"https:\/\/pressel-nike.de\/?page_id=1320","og_locale":"de_DE","og_type":"article","og_title":"Alter - Gisela Pressel Coaching &amp; Supervision","og_description":"Entdecken Sie die Chancen der Lebensgestaltung im Alter. Lernen und Ver\u00e4ndern Sie aktiv \u2013 egal in welchem Lebensabschnitt!","og_url":"https:\/\/pressel-nike.de\/?page_id=1320","og_site_name":"Gisela Pressel Coaching &amp; Supervision","article_modified_time":"2024-05-13T12:47:00+00:00","og_image":[{"width":57,"height":50,"url":"https:\/\/pressel-nike.de\/wp-content\/uploads\/2020\/11\/NIKE.png","type":"image\/png"}],"twitter_card":"summary_large_image","twitter_misc":{"Gesch\u00e4tzte Lesezeit":"5\u00a0Minuten"},"schema":{"@context":"https:\/\/schema.org","@graph":[{"@type":"WebPage","@id":"https:\/\/pressel-nike.de\/?page_id=1320","url":"https:\/\/pressel-nike.de\/?page_id=1320","name":"Alter - Gisela Pressel Coaching &amp; Supervision","isPartOf":{"@id":"https:\/\/pressel-nike.de\/#website"},"primaryImageOfPage":{"@id":"https:\/\/pressel-nike.de\/?page_id=1320#primaryimage"},"image":{"@id":"https:\/\/pressel-nike.de\/?page_id=1320#primaryimage"},"thumbnailUrl":"https:\/\/pressel-nike.de\/wp-content\/uploads\/2020\/11\/NIKE.png","datePublished":"2022-02-23T18:06:13+00:00","dateModified":"2024-05-13T12:47:00+00:00","description":"Entdecken Sie die Chancen der Lebensgestaltung im Alter. Lernen und Ver\u00e4ndern Sie aktiv \u2013 egal in welchem Lebensabschnitt!","breadcrumb":{"@id":"https:\/\/pressel-nike.de\/?page_id=1320#breadcrumb"},"inLanguage":"de","potentialAction":[{"@type":"ReadAction","target":["https:\/\/pressel-nike.de\/?page_id=1320"]}]},{"@type":"ImageObject","inLanguage":"de","@id":"https:\/\/pressel-nike.de\/?page_id=1320#primaryimage","url":"https:\/\/pressel-nike.de\/wp-content\/uploads\/2020\/11\/NIKE.png","contentUrl":"https:\/\/pressel-nike.de\/wp-content\/uploads\/2020\/11\/NIKE.png","width":57,"height":50,"caption":"N.I.K.E.-Institut f\u00fcr Kommunikation und Erwachsenenbildung"},{"@type":"BreadcrumbList","@id":"https:\/\/pressel-nike.de\/?page_id=1320#breadcrumb","itemListElement":[{"@type":"ListItem","position":1,"name":"Startseite","item":"https:\/\/pressel-nike.de\/"},{"@type":"ListItem","position":2,"name":"Alter"}]},{"@type":"WebSite","@id":"https:\/\/pressel-nike.de\/#website","url":"https:\/\/pressel-nike.de\/","name":"Gisela Pressel Coaching &amp; Supervision","description":"N.I.K.E. - Neues Institut f\u00fcr Kommunikation und Erwachsenenbildung","potentialAction":[{"@type":"SearchAction","target":{"@type":"EntryPoint","urlTemplate":"https:\/\/pressel-nike.de\/?s={search_term_string}"},"query-input":"required name=search_term_string"}],"inLanguage":"de"}]}},"_links":{"self":[{"href":"https:\/\/pressel-nike.de\/index.php?rest_route=\/wp\/v2\/pages\/1320","targetHints":{"allow":["GET"]}}],"collection":[{"href":"https:\/\/pressel-nike.de\/index.php?rest_route=\/wp\/v2\/pages"}],"about":[{"href":"https:\/\/pressel-nike.de\/index.php?rest_route=\/wp\/v2\/types\/page"}],"author":[{"embeddable":true,"href":"https:\/\/pressel-nike.de\/index.php?rest_route=\/wp\/v2\/users\/2"}],"replies":[{"embeddable":true,"href":"https:\/\/pressel-nike.de\/index.php?rest_route=%2Fwp%2Fv2%2Fcomments&post=1320"}],"version-history":[{"count":7,"href":"https:\/\/pressel-nike.de\/index.php?rest_route=\/wp\/v2\/pages\/1320\/revisions"}],"predecessor-version":[{"id":1379,"href":"https:\/\/pressel-nike.de\/index.php?rest_route=\/wp\/v2\/pages\/1320\/revisions\/1379"}],"wp:featuredmedia":[{"embeddable":true,"href":"https:\/\/pressel-nike.de\/index.php?rest_route=\/wp\/v2\/media\/272"}],"wp:attachment":[{"href":"https:\/\/pressel-nike.de\/index.php?rest_route=%2Fwp%2Fv2%2Fmedia&parent=1320"}],"curies":[{"name":"wp","href":"https:\/\/api.w.org\/{rel}","templated":true}]}}