{"id":1322,"date":"2022-02-23T18:19:34","date_gmt":"2022-02-23T18:19:34","guid":{"rendered":"https:\/\/pressel-nike.de\/?page_id=1322"},"modified":"2024-05-13T13:18:12","modified_gmt":"2024-05-13T13:18:12","slug":"lebensmitte-2","status":"publish","type":"page","link":"https:\/\/pressel-nike.de\/?page_id=1322","title":{"rendered":"Lebensmitte"},"content":{"rendered":"\n<blockquote class=\"wp-block-quote is-layout-flow wp-block-quote-is-layout-flow\"><p>Lebensmitte \u2013 was bzw. wann ist das? <\/p><\/blockquote>\n\n\n\n<p>Bei den meisten Menschen findet die Phase, die wir Lebensmitte nennen, zwischen dem 38sten und 58sten Lebensjahr statt. Die biologische Lebensmitte liegt statistisch um das 40ste Lebensjahr, mit steigender Tendenz f\u00fcr die jungen und zuk\u00fcnftigen Generationen. <\/p>\n\n\n\n<blockquote class=\"wp-block-quote is-layout-flow wp-block-quote-is-layout-flow\"><p>\u201e50 ist das neue 40, 70 ist das neue 50\u201c, hei\u00dft es hier und da. <\/p><\/blockquote>\n\n\n\n<p>Die berufliche Lebensmitte orientiert sich am Renteneintrittsalter und liegt ebenfalls so um das 40ste Lebensjahr \u2013 bei einem Berufseintritt mit dem 25. Lebensjahr.<\/p>\n\n\n\n<p>Doch geht es nicht um die rechnerische Lebensmitte, sondern um das Ph\u00e4nomen der <strong>gef\u00fchlten Lebensmitte<\/strong>, welches das subjektive Empfinden der Menschen beschreibt: \u201eWar&#8217;s das jetzt? Was kommt da noch? Worauf soll ich noch warten? Wohin soll die Lebensreise noch gehen?\u201c Den einen \u0301erwischt \u0301 es schon Mitte 40, den anderen erst Mitte 50 \u2013 je nach Biografie und Lebenssituation.<\/p>\n\n\n\n<blockquote class=\"wp-block-quote is-layout-flow wp-block-quote-is-layout-flow\"><p>\u201eLebensmitte\u201c f\u00fchlt sich f\u00fcr jeden anders an! <\/p><\/blockquote>\n\n\n\n<p>F\u00fcr die Vollzeit Berufst\u00e4tigen anders als f\u00fcr die Teilzeitbesch\u00e4ftigten M\u00fctter oder die Vollzeithausfrau. Viele Menschen ziehen in dieser Lebensphase Bilanz: \u201eWas war gut, was weniger, was hat bisher gepasst, passt aber heute nicht mehr?\u201c.<\/p>\n\n\n\n<p>Welche Fragen relevant sind, h\u00e4ngt von der eigenen Biografie ab, zum Beispiel wann man ins Berufsleben gestartet ist, wann man geheiratet oder eine Familie gegr\u00fcndet hat oder wie alt und fit die Eltern sind. All das hat Einfluss darauf, ob und wann wir unser bisheriges Leben vielleicht etwas genauer unter die Lupe nehmen, aber auch, welche Fragen sich f\u00fcr die zweite Lebensh\u00e4lfte stellen. F\u00fcr den einen ist es schnell erledigt: \u201ePasst schon!\u201c, f\u00fcr viele andere halt nicht.<\/p>\n\n\n\n<blockquote class=\"wp-block-quote is-layout-flow wp-block-quote-is-layout-flow\"><p>Es passiert vieles in dieser Lebensphase.<\/p><\/blockquote>\n\n\n\n<p>Die Kinder sind aus dem Haus und dem Gr\u00f6bsten raus \u2013 Zeit f\u00fcr eine Neuorientierung der Ehefrau und Mutter?! Die ersten Erfolge im Beruf sind gesichert, ein bestimmter Status erreicht \u2013 Zeit f\u00fcr die Planung der weiteren Karriere?! Erste gesundheitliche Einschr\u00e4nkungen tauchen auf, manches geht nicht mehr so von der Hand wie gewohnt \u2013 Zeit sich in neuen Rahmenbedingungen zurecht zu finden?! Die Firma steht vor gravierenden Ver\u00e4nderungen, der Arbeitsplatz ist gef\u00e4hrdet \u2013 Zeit, sich einen Kopf \u00fcber die eigene Existenz zu machen?! Der Blick geht \u00f6fters zur\u00fcck zum gelebten Leben und nach vorne zum noch ungelebten Teil der Biografie \u2013 Zeit sich die Karten zu legen: \u201eWenn nicht<br>jetzt, wann dann?\u201c?! <\/p>\n\n\n\n<blockquote class=\"wp-block-quote is-layout-flow wp-block-quote-is-layout-flow\"><p>Doch was geschieht in unseren K\u00f6pfen!? <\/p><\/blockquote>\n\n\n\n<p>Aus der Auseinandersetzung mit der Lebensmitte wird unbemerkt eine Auseinandersetzung mit dem Lebensende. <strong>\u201eLebensmitte \u2013 Alter \u2013 Lebensende\u201c.<\/strong><br>Da hilft nur eines: ein radikaler Blickwechsel. <\/p>\n\n\n\n<blockquote class=\"wp-block-quote is-layout-flow wp-block-quote-is-layout-flow\"><p>Lebensmitte hei\u00dft Mitte und nicht Ende!<\/p><\/blockquote>\n\n\n\n<p>Ein Blick auf die rechnerische Lebensmitte best\u00e4tigt dies eindr\u00fccklich.<br>Dr. Eckart von Hirschhausen und Prof. Dr. Tobias Esch sprechen hier\u00fcber in ihrem Buch \u201cDie bessere H\u00e4lfte. Worauf wir uns mitten im Leben freuen k\u00f6nnen\u201c und formulieren unter anderem folgende These: <\/p>\n\n\n\n<p>\u201eDie Phase zwischen 60 und 85 ist l\u00e4nger als die Kindheit und Pubert\u00e4t, l\u00e4nger als die Ausbildungszeit, l\u00e4nger, als die meisten Menschen am St\u00fcck in einem Job verbleiben \u2013 warum ist diese lange Lebensphase f\u00fcr viele ein \u201eschwarzes Loch\u201c?<\/p>\n\n\n\n<p>Die zweite H\u00e4lfte ist kein Loch und auch nicht schwarz. Im Gegenteil: diese Zeit kann extrem erf\u00fcllend sein, heiter und bunt!\u201c (Rowohlt, 09\/2018, S. 17)<\/p>\n\n\n\n<p>Ob Krise oder Herausforderung, ob angstbesetzte Endzeitstimmung oder befreiende Suche nach neuen Horizonten \u2013 das haben <strong>wir selbst in der Hand<\/strong>. Der Umgang mit der gef\u00fchlten Lebensmitte hat viel mit unserer Einstellung oder Haltung zum Leben als Ganzes zu tun.<\/p>\n\n\n\n<blockquote class=\"wp-block-quote is-layout-flow wp-block-quote-is-layout-flow\"><p>Ich pl\u00e4diere daf\u00fcr, aus dem Blick auf die zweite H\u00e4lfte eine spannende Herausforderung zu machen und sich noch einmal lustvoll die Karten zu legen. <\/p><\/blockquote>\n\n\n\n<p>Es ist die beste Zeit, sich Zeit zu nehmen und den Blick nach vorne zu richten. Um Antworten auf Fragen zu finden, wie zum Beispiel:<\/p>\n\n\n\n<ul class=\"wp-block-list\"><li>Welche Richtung m\u00f6chte ich meinem Berufs- und\/oder Alltagsleben zuk\u00fcnftig geben?<\/li><li>Was an Neuem und Aufregendem m\u00f6chte ich noch anpacken?<\/li><li>Welche ungelebten Tr\u00e4ume warten noch auf ihre Verwirklichung?<\/li><li>Welche in mir schlummernden Potenziale gilt es noch umzusetzen?<\/li><li>Was beinhaltet das Bild einer aktiven und sinnstiftenden zweiten Lebensh\u00e4lfte?<\/li><\/ul>\n\n\n\n<p>Alleine oder mit Unterst\u00fctzung eines Coachs beleuchten Sie ihre Lebens- und Arbeitssituation, sortieren ihre Gedanken und Gef\u00fchle, machen sich einen Reim aus allem, entdecken Interessen und Ziele (neu), trennen Illusion\u00e4res von Machbarem, entwerfen eine Landkarte f\u00fcr die zweite Lebensh\u00e4lfte und kl\u00e4ren, in welchen Etappen Sie sich auf den Weg in Ihre Zukunft begeben.<\/p>\n","protected":false},"excerpt":{"rendered":"<p>Lebensmitte \u2013 was bzw. wann ist das? Bei den meisten Menschen findet die Phase, die wir Lebensmitte nennen, zwischen dem 38sten und 58sten Lebensjahr statt. Die biologische Lebensmitte liegt statistisch &hellip; <a href=\"https:\/\/pressel-nike.de\/?page_id=1322\" class=\"more-link\"><span class=\"screen-reader-text\">Lebensmitte<\/span> weiterlesen<\/a><\/p>\n","protected":false},"author":2,"featured_media":272,"parent":0,"menu_order":0,"comment_status":"closed","ping_status":"closed","template":"","meta":{"footnotes":""},"class_list":["post-1322","page","type-page","status-publish","has-post-thumbnail","hentry"],"yoast_head":"<!-- This site is optimized with the Yoast SEO plugin v22.6 - https:\/\/yoast.com\/wordpress\/plugins\/seo\/ -->\n<title>Lebensmitte - Gisela Pressel Coaching &amp; Supervision<\/title>\n<meta name=\"description\" content=\"Lebensmitte \u2013 eine Zeit der Reflexion und Neuausrichtung. Entdecken Sie, wie diese Lebensphase Chancen f\u00fcr Wachstum und Erneuerung bietet\" \/>\n<meta name=\"robots\" content=\"index, follow, max-snippet:-1, max-image-preview:large, max-video-preview:-1\" \/>\n<link rel=\"canonical\" href=\"https:\/\/pressel-nike.de\/?page_id=1322\" \/>\n<meta property=\"og:locale\" content=\"de_DE\" \/>\n<meta property=\"og:type\" content=\"article\" \/>\n<meta property=\"og:title\" content=\"Lebensmitte - Gisela Pressel Coaching &amp; Supervision\" \/>\n<meta property=\"og:description\" content=\"Lebensmitte \u2013 eine Zeit der Reflexion und Neuausrichtung. Entdecken Sie, wie diese Lebensphase Chancen f\u00fcr Wachstum und Erneuerung bietet\" \/>\n<meta property=\"og:url\" content=\"https:\/\/pressel-nike.de\/?page_id=1322\" \/>\n<meta property=\"og:site_name\" content=\"Gisela Pressel Coaching &amp; Supervision\" \/>\n<meta property=\"article:modified_time\" content=\"2024-05-13T13:18:12+00:00\" \/>\n<meta property=\"og:image\" content=\"https:\/\/pressel-nike.de\/wp-content\/uploads\/2020\/11\/NIKE.png\" \/>\n\t<meta property=\"og:image:width\" content=\"57\" \/>\n\t<meta property=\"og:image:height\" content=\"50\" \/>\n\t<meta property=\"og:image:type\" content=\"image\/png\" \/>\n<meta name=\"twitter:card\" content=\"summary_large_image\" \/>\n<meta name=\"twitter:label1\" content=\"Gesch\u00e4tzte Lesezeit\" \/>\n\t<meta name=\"twitter:data1\" content=\"4\u00a0Minuten\" \/>\n<script type=\"application\/ld+json\" class=\"yoast-schema-graph\">{\"@context\":\"https:\/\/schema.org\",\"@graph\":[{\"@type\":\"WebPage\",\"@id\":\"https:\/\/pressel-nike.de\/?page_id=1322\",\"url\":\"https:\/\/pressel-nike.de\/?page_id=1322\",\"name\":\"Lebensmitte - Gisela Pressel Coaching &amp; Supervision\",\"isPartOf\":{\"@id\":\"https:\/\/pressel-nike.de\/#website\"},\"primaryImageOfPage\":{\"@id\":\"https:\/\/pressel-nike.de\/?page_id=1322#primaryimage\"},\"image\":{\"@id\":\"https:\/\/pressel-nike.de\/?page_id=1322#primaryimage\"},\"thumbnailUrl\":\"https:\/\/pressel-nike.de\/wp-content\/uploads\/2020\/11\/NIKE.png\",\"datePublished\":\"2022-02-23T18:19:34+00:00\",\"dateModified\":\"2024-05-13T13:18:12+00:00\",\"description\":\"Lebensmitte \u2013 eine Zeit der Reflexion und Neuausrichtung. Entdecken Sie, wie diese Lebensphase Chancen f\u00fcr Wachstum und Erneuerung bietet\",\"breadcrumb\":{\"@id\":\"https:\/\/pressel-nike.de\/?page_id=1322#breadcrumb\"},\"inLanguage\":\"de\",\"potentialAction\":[{\"@type\":\"ReadAction\",\"target\":[\"https:\/\/pressel-nike.de\/?page_id=1322\"]}]},{\"@type\":\"ImageObject\",\"inLanguage\":\"de\",\"@id\":\"https:\/\/pressel-nike.de\/?page_id=1322#primaryimage\",\"url\":\"https:\/\/pressel-nike.de\/wp-content\/uploads\/2020\/11\/NIKE.png\",\"contentUrl\":\"https:\/\/pressel-nike.de\/wp-content\/uploads\/2020\/11\/NIKE.png\",\"width\":57,\"height\":50,\"caption\":\"N.I.K.E.-Institut f\u00fcr Kommunikation und Erwachsenenbildung\"},{\"@type\":\"BreadcrumbList\",\"@id\":\"https:\/\/pressel-nike.de\/?page_id=1322#breadcrumb\",\"itemListElement\":[{\"@type\":\"ListItem\",\"position\":1,\"name\":\"Startseite\",\"item\":\"https:\/\/pressel-nike.de\/\"},{\"@type\":\"ListItem\",\"position\":2,\"name\":\"Lebensmitte\"}]},{\"@type\":\"WebSite\",\"@id\":\"https:\/\/pressel-nike.de\/#website\",\"url\":\"https:\/\/pressel-nike.de\/\",\"name\":\"Gisela Pressel Coaching &amp; Supervision\",\"description\":\"N.I.K.E. - Neues Institut f\u00fcr Kommunikation und Erwachsenenbildung\",\"potentialAction\":[{\"@type\":\"SearchAction\",\"target\":{\"@type\":\"EntryPoint\",\"urlTemplate\":\"https:\/\/pressel-nike.de\/?s={search_term_string}\"},\"query-input\":\"required name=search_term_string\"}],\"inLanguage\":\"de\"}]}<\/script>\n<!-- \/ Yoast SEO plugin. -->","yoast_head_json":{"title":"Lebensmitte - Gisela Pressel Coaching &amp; Supervision","description":"Lebensmitte \u2013 eine Zeit der Reflexion und Neuausrichtung. Entdecken Sie, wie diese Lebensphase Chancen f\u00fcr Wachstum und Erneuerung bietet","robots":{"index":"index","follow":"follow","max-snippet":"max-snippet:-1","max-image-preview":"max-image-preview:large","max-video-preview":"max-video-preview:-1"},"canonical":"https:\/\/pressel-nike.de\/?page_id=1322","og_locale":"de_DE","og_type":"article","og_title":"Lebensmitte - Gisela Pressel Coaching &amp; Supervision","og_description":"Lebensmitte \u2013 eine Zeit der Reflexion und Neuausrichtung. Entdecken Sie, wie diese Lebensphase Chancen f\u00fcr Wachstum und Erneuerung bietet","og_url":"https:\/\/pressel-nike.de\/?page_id=1322","og_site_name":"Gisela Pressel Coaching &amp; Supervision","article_modified_time":"2024-05-13T13:18:12+00:00","og_image":[{"width":57,"height":50,"url":"https:\/\/pressel-nike.de\/wp-content\/uploads\/2020\/11\/NIKE.png","type":"image\/png"}],"twitter_card":"summary_large_image","twitter_misc":{"Gesch\u00e4tzte Lesezeit":"4\u00a0Minuten"},"schema":{"@context":"https:\/\/schema.org","@graph":[{"@type":"WebPage","@id":"https:\/\/pressel-nike.de\/?page_id=1322","url":"https:\/\/pressel-nike.de\/?page_id=1322","name":"Lebensmitte - Gisela Pressel Coaching &amp; Supervision","isPartOf":{"@id":"https:\/\/pressel-nike.de\/#website"},"primaryImageOfPage":{"@id":"https:\/\/pressel-nike.de\/?page_id=1322#primaryimage"},"image":{"@id":"https:\/\/pressel-nike.de\/?page_id=1322#primaryimage"},"thumbnailUrl":"https:\/\/pressel-nike.de\/wp-content\/uploads\/2020\/11\/NIKE.png","datePublished":"2022-02-23T18:19:34+00:00","dateModified":"2024-05-13T13:18:12+00:00","description":"Lebensmitte \u2013 eine Zeit der Reflexion und Neuausrichtung. Entdecken Sie, wie diese Lebensphase Chancen f\u00fcr Wachstum und Erneuerung bietet","breadcrumb":{"@id":"https:\/\/pressel-nike.de\/?page_id=1322#breadcrumb"},"inLanguage":"de","potentialAction":[{"@type":"ReadAction","target":["https:\/\/pressel-nike.de\/?page_id=1322"]}]},{"@type":"ImageObject","inLanguage":"de","@id":"https:\/\/pressel-nike.de\/?page_id=1322#primaryimage","url":"https:\/\/pressel-nike.de\/wp-content\/uploads\/2020\/11\/NIKE.png","contentUrl":"https:\/\/pressel-nike.de\/wp-content\/uploads\/2020\/11\/NIKE.png","width":57,"height":50,"caption":"N.I.K.E.-Institut f\u00fcr Kommunikation und Erwachsenenbildung"},{"@type":"BreadcrumbList","@id":"https:\/\/pressel-nike.de\/?page_id=1322#breadcrumb","itemListElement":[{"@type":"ListItem","position":1,"name":"Startseite","item":"https:\/\/pressel-nike.de\/"},{"@type":"ListItem","position":2,"name":"Lebensmitte"}]},{"@type":"WebSite","@id":"https:\/\/pressel-nike.de\/#website","url":"https:\/\/pressel-nike.de\/","name":"Gisela Pressel Coaching &amp; Supervision","description":"N.I.K.E. - Neues Institut f\u00fcr Kommunikation und Erwachsenenbildung","potentialAction":[{"@type":"SearchAction","target":{"@type":"EntryPoint","urlTemplate":"https:\/\/pressel-nike.de\/?s={search_term_string}"},"query-input":"required name=search_term_string"}],"inLanguage":"de"}]}},"_links":{"self":[{"href":"https:\/\/pressel-nike.de\/index.php?rest_route=\/wp\/v2\/pages\/1322","targetHints":{"allow":["GET"]}}],"collection":[{"href":"https:\/\/pressel-nike.de\/index.php?rest_route=\/wp\/v2\/pages"}],"about":[{"href":"https:\/\/pressel-nike.de\/index.php?rest_route=\/wp\/v2\/types\/page"}],"author":[{"embeddable":true,"href":"https:\/\/pressel-nike.de\/index.php?rest_route=\/wp\/v2\/users\/2"}],"replies":[{"embeddable":true,"href":"https:\/\/pressel-nike.de\/index.php?rest_route=%2Fwp%2Fv2%2Fcomments&post=1322"}],"version-history":[{"count":3,"href":"https:\/\/pressel-nike.de\/index.php?rest_route=\/wp\/v2\/pages\/1322\/revisions"}],"predecessor-version":[{"id":1362,"href":"https:\/\/pressel-nike.de\/index.php?rest_route=\/wp\/v2\/pages\/1322\/revisions\/1362"}],"wp:featuredmedia":[{"embeddable":true,"href":"https:\/\/pressel-nike.de\/index.php?rest_route=\/wp\/v2\/media\/272"}],"wp:attachment":[{"href":"https:\/\/pressel-nike.de\/index.php?rest_route=%2Fwp%2Fv2%2Fmedia&parent=1322"}],"curies":[{"name":"wp","href":"https:\/\/api.w.org\/{rel}","templated":true}]}}