{"id":135,"date":"2020-11-27T10:17:00","date_gmt":"2020-11-27T10:17:00","guid":{"rendered":"https:\/\/pressel-nike.de\/?page_id=135"},"modified":"2024-05-13T13:24:34","modified_gmt":"2024-05-13T13:24:34","slug":"profil","status":"publish","type":"page","link":"https:\/\/pressel-nike.de\/?page_id=135","title":{"rendered":"Mein Profil"},"content":{"rendered":"\n<div class=\"wp-block-image is-style-default\"><figure class=\"alignleft size-full is-resized\"><img loading=\"lazy\" decoding=\"async\" src=\"https:\/\/pressel-nike.de\/wp-content\/uploads\/2020\/11\/Pressel_Gisela_2020.jpg\" alt=\"\" class=\"wp-image-138\" width=\"217\" height=\"306\" srcset=\"https:\/\/pressel-nike.de\/wp-content\/uploads\/2020\/11\/Pressel_Gisela_2020.jpg 450w, https:\/\/pressel-nike.de\/wp-content\/uploads\/2020\/11\/Pressel_Gisela_2020-213x300.jpg 213w\" sizes=\"auto, (max-width: 217px) 100vw, 217px\" \/><\/figure><\/div>\n\n\n\n<p class=\"has-medium-font-size\"><strong>Ich bin Dipl.-P\u00e4d. Gisela Pressel<\/strong><\/p>\n\n\n\n<p>Supervisorin, Coachin, Teamentwicklerin und Organisationsberaterin, spezialisiert auf Berufs &#8211; und Ausbildungsbezogene Beratung und Lebensweg-Coaching. <\/p>\n\n\n\n<p>Meine Professionalit\u00e4t als Coachin und Supervisorin leitet sich aus meiner \u00fcber 25j\u00e4hrigen Berufserfahrung als Angestellte in verschiedenen T\u00e4tigkeitsfeldern ab, insbesondere im Verwaltungs- und Bildungsbereich. <\/p>\n\n\n\n<p>Berufs- und Lebenserfahrung und kontinuierliche Qualifizierungen im Beratungsbereich, insbesondere Supervision, Coaching und Organisationsberatung in der Individualpsychologie und Gestalttherapie, als systemische Supervisorin, Coachin und Organisationsberaterin erg\u00e4nzen meine Coaching- und Supervisions-Kompetenz.<\/p>\n\n\n\n<p>Berufserfahrung: <\/p>\n\n\n\n<ul class=\"wp-block-list\"><li>Lehrauftr\u00e4ge f\u00fcr verschiedene Hochschulen<\/li><li>Erstellen von Lehrbriefen<\/li><li>Organisation von Kursen f\u00fcr Analphabet:innen<\/li><li>Akquirierung \u00f6ffentlicher Gelder<\/li><li>Haushalts  und Budgetverwaltung<\/li><li>Konzepterstellung<\/li><li>Mitarbeiter:innenf\u00fchrung<\/li><li>Teamf\u00fchrung<\/li><li>Lehrsupervision<\/li><li><canvas width=\"1245\" height=\"1755\">\uf0b71995 Qualifizierung in Gestalttherapie\uf0b71994 Abschluss Organisationsberaterin \uf0b71992 Gr\u00fcndung \u201eNeues Institut f\u00fcr Kommunikation und Erwachsenenbildung &#8211; NIKE\u201c \uf0b71992 Abschluss der 3- j\u00e4hrigen Ausbildung zur systemischen Supervisorin, Coach (DGSv\/SG)\uf0b76 Jahre Arbeit im \u00f6ffentlichen Dienst beim Senat: Abteilungsleiterin einer Stiftung f\u00fcr Weiterbildung \uf0b76 Jahre \u00d6ffentlicher Dienst, Leitung und Aufbau einer Beratungsstelle in der kommunalen Bildungsst\u00e4tte Weiterbildung in Individualpsychologie\uf0b712 Jahre politische Stiftung: versch. T\u00e4tigkeiten, zuletzt in leitender Position\uf0b711 Jahre kaufm\u00e4nnische Berufserfahrung\uf0b71978 Diplom in P\u00e4dagogik, Erwachsenbildung MitgliedschaftenDeutsche Gesellschaft f\u00fcr Supervision und Coaching (DGSv)Gesellschaft f\u00fcr Supervision und Coaching, Berlin e.V. (GSC) Systemische Gesellschaft (SG)<\/canvas><\/li><\/ul>\n","protected":false},"excerpt":{"rendered":"<p>Ich bin Dipl.-P\u00e4d. Gisela Pressel Supervisorin, Coachin, Teamentwicklerin und Organisationsberaterin, spezialisiert auf Berufs &#8211; und Ausbildungsbezogene Beratung und Lebensweg-Coaching. Meine Professionalit\u00e4t als Coachin und Supervisorin leitet sich aus meiner \u00fcber &hellip; <a href=\"https:\/\/pressel-nike.de\/?page_id=135\" class=\"more-link\"><span class=\"screen-reader-text\">Mein Profil<\/span> weiterlesen<\/a><\/p>\n","protected":false},"author":1,"featured_media":0,"parent":0,"menu_order":0,"comment_status":"closed","ping_status":"closed","template":"","meta":{"footnotes":""},"class_list":["post-135","page","type-page","status-publish","hentry"],"yoast_head":"<!-- This site is optimized with the Yoast SEO plugin v22.6 - https:\/\/yoast.com\/wordpress\/plugins\/seo\/ -->\n<title>Mein Profil - Gisela Pressel Coaching &amp; Supervision<\/title>\n<meta name=\"description\" content=\"Dipl.-P\u00e4d. Gisela Pressel: Erfahrene Supervisorin, Coachin &amp; Organisationsberaterin mit \u00fcber 25 Jahren Expertise\" \/>\n<meta name=\"robots\" content=\"index, follow, max-snippet:-1, max-image-preview:large, max-video-preview:-1\" \/>\n<link rel=\"canonical\" href=\"https:\/\/pressel-nike.de\/?page_id=135\" \/>\n<meta property=\"og:locale\" content=\"de_DE\" \/>\n<meta property=\"og:type\" content=\"article\" \/>\n<meta property=\"og:title\" content=\"Mein Profil - Gisela Pressel Coaching &amp; Supervision\" \/>\n<meta property=\"og:description\" content=\"Dipl.-P\u00e4d. Gisela Pressel: Erfahrene Supervisorin, Coachin &amp; Organisationsberaterin mit \u00fcber 25 Jahren Expertise\" \/>\n<meta property=\"og:url\" content=\"https:\/\/pressel-nike.de\/?page_id=135\" \/>\n<meta property=\"og:site_name\" content=\"Gisela Pressel Coaching &amp; Supervision\" \/>\n<meta property=\"article:modified_time\" content=\"2024-05-13T13:24:34+00:00\" \/>\n<meta property=\"og:image\" content=\"https:\/\/pressel-nike.de\/wp-content\/uploads\/2020\/11\/Pressel_Gisela_2020.jpg\" \/>\n<meta name=\"twitter:card\" content=\"summary_large_image\" \/>\n<meta name=\"twitter:label1\" content=\"Gesch\u00e4tzte Lesezeit\" \/>\n\t<meta name=\"twitter:data1\" content=\"2\u00a0Minuten\" \/>\n<script type=\"application\/ld+json\" class=\"yoast-schema-graph\">{\"@context\":\"https:\/\/schema.org\",\"@graph\":[{\"@type\":\"WebPage\",\"@id\":\"https:\/\/pressel-nike.de\/?page_id=135\",\"url\":\"https:\/\/pressel-nike.de\/?page_id=135\",\"name\":\"Mein Profil - Gisela Pressel Coaching &amp; Supervision\",\"isPartOf\":{\"@id\":\"https:\/\/pressel-nike.de\/#website\"},\"primaryImageOfPage\":{\"@id\":\"https:\/\/pressel-nike.de\/?page_id=135#primaryimage\"},\"image\":{\"@id\":\"https:\/\/pressel-nike.de\/?page_id=135#primaryimage\"},\"thumbnailUrl\":\"https:\/\/pressel-nike.de\/wp-content\/uploads\/2020\/11\/Pressel_Gisela_2020.jpg\",\"datePublished\":\"2020-11-27T10:17:00+00:00\",\"dateModified\":\"2024-05-13T13:24:34+00:00\",\"description\":\"Dipl.-P\u00e4d. Gisela Pressel: Erfahrene Supervisorin, Coachin & Organisationsberaterin mit \u00fcber 25 Jahren Expertise\",\"breadcrumb\":{\"@id\":\"https:\/\/pressel-nike.de\/?page_id=135#breadcrumb\"},\"inLanguage\":\"de\",\"potentialAction\":[{\"@type\":\"ReadAction\",\"target\":[\"https:\/\/pressel-nike.de\/?page_id=135\"]}]},{\"@type\":\"ImageObject\",\"inLanguage\":\"de\",\"@id\":\"https:\/\/pressel-nike.de\/?page_id=135#primaryimage\",\"url\":\"https:\/\/pressel-nike.de\/wp-content\/uploads\/2020\/11\/Pressel_Gisela_2020.jpg\",\"contentUrl\":\"https:\/\/pressel-nike.de\/wp-content\/uploads\/2020\/11\/Pressel_Gisela_2020.jpg\",\"width\":450,\"height\":635},{\"@type\":\"BreadcrumbList\",\"@id\":\"https:\/\/pressel-nike.de\/?page_id=135#breadcrumb\",\"itemListElement\":[{\"@type\":\"ListItem\",\"position\":1,\"name\":\"Startseite\",\"item\":\"https:\/\/pressel-nike.de\/\"},{\"@type\":\"ListItem\",\"position\":2,\"name\":\"Mein Profil\"}]},{\"@type\":\"WebSite\",\"@id\":\"https:\/\/pressel-nike.de\/#website\",\"url\":\"https:\/\/pressel-nike.de\/\",\"name\":\"Gisela Pressel Coaching &amp; Supervision\",\"description\":\"N.I.K.E. - Neues Institut f\u00fcr Kommunikation und Erwachsenenbildung\",\"potentialAction\":[{\"@type\":\"SearchAction\",\"target\":{\"@type\":\"EntryPoint\",\"urlTemplate\":\"https:\/\/pressel-nike.de\/?s={search_term_string}\"},\"query-input\":\"required name=search_term_string\"}],\"inLanguage\":\"de\"}]}<\/script>\n<!-- \/ Yoast SEO plugin. -->","yoast_head_json":{"title":"Mein Profil - Gisela Pressel Coaching &amp; Supervision","description":"Dipl.-P\u00e4d. Gisela Pressel: Erfahrene Supervisorin, Coachin & Organisationsberaterin mit \u00fcber 25 Jahren Expertise","robots":{"index":"index","follow":"follow","max-snippet":"max-snippet:-1","max-image-preview":"max-image-preview:large","max-video-preview":"max-video-preview:-1"},"canonical":"https:\/\/pressel-nike.de\/?page_id=135","og_locale":"de_DE","og_type":"article","og_title":"Mein Profil - Gisela Pressel Coaching &amp; Supervision","og_description":"Dipl.-P\u00e4d. Gisela Pressel: Erfahrene Supervisorin, Coachin & Organisationsberaterin mit \u00fcber 25 Jahren Expertise","og_url":"https:\/\/pressel-nike.de\/?page_id=135","og_site_name":"Gisela Pressel Coaching &amp; Supervision","article_modified_time":"2024-05-13T13:24:34+00:00","og_image":[{"url":"https:\/\/pressel-nike.de\/wp-content\/uploads\/2020\/11\/Pressel_Gisela_2020.jpg"}],"twitter_card":"summary_large_image","twitter_misc":{"Gesch\u00e4tzte Lesezeit":"2\u00a0Minuten"},"schema":{"@context":"https:\/\/schema.org","@graph":[{"@type":"WebPage","@id":"https:\/\/pressel-nike.de\/?page_id=135","url":"https:\/\/pressel-nike.de\/?page_id=135","name":"Mein Profil - Gisela Pressel Coaching &amp; Supervision","isPartOf":{"@id":"https:\/\/pressel-nike.de\/#website"},"primaryImageOfPage":{"@id":"https:\/\/pressel-nike.de\/?page_id=135#primaryimage"},"image":{"@id":"https:\/\/pressel-nike.de\/?page_id=135#primaryimage"},"thumbnailUrl":"https:\/\/pressel-nike.de\/wp-content\/uploads\/2020\/11\/Pressel_Gisela_2020.jpg","datePublished":"2020-11-27T10:17:00+00:00","dateModified":"2024-05-13T13:24:34+00:00","description":"Dipl.-P\u00e4d. Gisela Pressel: Erfahrene Supervisorin, Coachin & Organisationsberaterin mit \u00fcber 25 Jahren Expertise","breadcrumb":{"@id":"https:\/\/pressel-nike.de\/?page_id=135#breadcrumb"},"inLanguage":"de","potentialAction":[{"@type":"ReadAction","target":["https:\/\/pressel-nike.de\/?page_id=135"]}]},{"@type":"ImageObject","inLanguage":"de","@id":"https:\/\/pressel-nike.de\/?page_id=135#primaryimage","url":"https:\/\/pressel-nike.de\/wp-content\/uploads\/2020\/11\/Pressel_Gisela_2020.jpg","contentUrl":"https:\/\/pressel-nike.de\/wp-content\/uploads\/2020\/11\/Pressel_Gisela_2020.jpg","width":450,"height":635},{"@type":"BreadcrumbList","@id":"https:\/\/pressel-nike.de\/?page_id=135#breadcrumb","itemListElement":[{"@type":"ListItem","position":1,"name":"Startseite","item":"https:\/\/pressel-nike.de\/"},{"@type":"ListItem","position":2,"name":"Mein Profil"}]},{"@type":"WebSite","@id":"https:\/\/pressel-nike.de\/#website","url":"https:\/\/pressel-nike.de\/","name":"Gisela Pressel Coaching &amp; Supervision","description":"N.I.K.E. - Neues Institut f\u00fcr Kommunikation und Erwachsenenbildung","potentialAction":[{"@type":"SearchAction","target":{"@type":"EntryPoint","urlTemplate":"https:\/\/pressel-nike.de\/?s={search_term_string}"},"query-input":"required name=search_term_string"}],"inLanguage":"de"}]}},"_links":{"self":[{"href":"https:\/\/pressel-nike.de\/index.php?rest_route=\/wp\/v2\/pages\/135","targetHints":{"allow":["GET"]}}],"collection":[{"href":"https:\/\/pressel-nike.de\/index.php?rest_route=\/wp\/v2\/pages"}],"about":[{"href":"https:\/\/pressel-nike.de\/index.php?rest_route=\/wp\/v2\/types\/page"}],"author":[{"embeddable":true,"href":"https:\/\/pressel-nike.de\/index.php?rest_route=\/wp\/v2\/users\/1"}],"replies":[{"embeddable":true,"href":"https:\/\/pressel-nike.de\/index.php?rest_route=%2Fwp%2Fv2%2Fcomments&post=135"}],"version-history":[{"count":19,"href":"https:\/\/pressel-nike.de\/index.php?rest_route=\/wp\/v2\/pages\/135\/revisions"}],"predecessor-version":[{"id":1205,"href":"https:\/\/pressel-nike.de\/index.php?rest_route=\/wp\/v2\/pages\/135\/revisions\/1205"}],"wp:attachment":[{"href":"https:\/\/pressel-nike.de\/index.php?rest_route=%2Fwp%2Fv2%2Fmedia&parent=135"}],"curies":[{"name":"wp","href":"https:\/\/api.w.org\/{rel}","templated":true}]}}