{"id":1386,"date":"2022-09-13T16:34:12","date_gmt":"2022-09-13T16:34:12","guid":{"rendered":"https:\/\/pressel-nike.de\/?page_id=1386"},"modified":"2022-09-13T16:39:09","modified_gmt":"2022-09-13T16:39:09","slug":"was-ist-ein-gedanke","status":"publish","type":"page","link":"https:\/\/pressel-nike.de\/?page_id=1386","title":{"rendered":"Was ist ein Gedanke?"},"content":{"rendered":"<div class=\"has-text-align-right wp-block-post-date\"><time datetime=\"2022-09-13T16:34:12+00:00\">September 13, 2022<\/time><\/div>\n\n\n<p class=\"has-small-font-size\">Ausz\u00fcge aus \u201eDas Lola-Prinzip\u201c, Die Vollkommenheit der Welt, von Ren\u00e9 Egli, 2004<\/p>\n\n\n\n<p>Was ist ein Gedanke?<\/p>\n\n\n\n<blockquote class=\"wp-block-quote is-layout-flow wp-block-quote-is-layout-flow\"><p>Da alles Schwingung respektive Energie ist, ist auch ein Gedanke Schwingung respektive Energie. Ein Gedanke ist also nicht nichts\u2026.. Der Mensch ist ein vollkommener Sender; er sendet permanent Gedanken aus. Jeder Gedanke entspricht einer bestimmten Schwingung und somit einem bestimmten Energiepotential, das den Menschen \u2013 den Sender \u2013 verl\u00e4sst.<\/p><\/blockquote>\n\n\n\n<p>Da jeder Gedanke ein <em>Energiepotential <\/em>besitzt, hat jeder Gedanke die Tendenz, sich zu verwirklichen; diese Tendenz ist nat\u00fcrlich umso gr\u00f6\u00dfer, je gr\u00f6\u00dfer das Energiepotential des betreffenden Gedankens ist.<\/p>\n\n\n\n<p><em>Freude und Begeisterung<\/em> sind beispielsweise energievolle Gedanken, welche zu entsprechenden positiven Ergebnissen f\u00fchren.<\/p>\n\n\n\n<p>Gedanken der Angst sind auch sehr energiegeladen; und auch diese haben die Tendenz, sich mit mathematischer Gewissheit zu verwirklichen.<\/p>\n\n\n\n<blockquote class=\"wp-block-quote is-layout-flow wp-block-quote-is-layout-flow\"><p>Also stellen Sie sich bitte ernsthaft die Frage, was f\u00fcr Energien Sie von morgens bis abends produzieren. Da Sie \u00fcber den freien Willen verf\u00fcgen, k\u00f6nnen Sie denken, was Sie wollen; und Ihr Denken bestimmt die Energien, die Sie freisetzen.<\/p><\/blockquote>\n\n\n\n<p>Sie k\u00f6nnen Ihr Denken ab sofort \u00e4ndern \u2013 und zwar dank dem wunderbaren Geschenk des <em>freien Willens<\/em>. Und durch die \u00c4nderung Ihres Denkens produzieren Sie ab sofort andere Schwingungen, andere Energien \u2013 und somit eine andere Zukunft.<\/p>\n\n\n\n<p>Jeder Gedanke kehrt zum Sender zur\u00fcck. Das bedeutet, dass von irgendwoher Ihr Gedanke in der genau gleichen Qualit\u00e4t zu Ihnen zur\u00fcckkommt.<\/p>\n\n\n\n<p>Worauf wir uns konzentrieren, das w\u00e4chst. \u201eWenn Gedanken Energien sind, dann bedeutet das doch, dass wir der Sache Energie verleihen, auf die wir uns konzentrieren. Alles ist Energie, und mit unserem Denken f\u00fcgen wir weitere Energie hinzu.\u201c&nbsp; S. 114<\/p>\n\n\n\n<p>Wenn wir uns auf unsere Schw\u00e4chen konzentrieren, dann wachsen diese.<\/p>\n\n\n\n<p>Wenn wir uns auf Krankheit konzentrieren, dann w\u00e4chst diese.<\/p>\n\n\n\n<p>Wenn wir uns auf die Konkurrenz konzentrieren, dann w\u00e4chst diese.<\/p>\n\n\n\n<p>Wenn wir uns auf Frieden konzentrieren, dann w\u00e4chst der Friede.<\/p>\n\n\n\n<blockquote class=\"wp-block-quote is-layout-flow wp-block-quote-is-layout-flow\"><p>Unser Denken hat viel weitreichendere Folgen als wir uns dies vorstellen.<\/p><\/blockquote>\n\n\n\n<p><strong>Vermeidung von unn\u00f6tigem Energieverlust<\/strong> (S. 142 ff.)<\/p>\n\n\n\n<p>Wir verlieren\/ blockieren Energie, wenn wir den IST-Zustand nicht akzeptieren.<\/p>\n\n\n\n<p>Wir verlieren\/ blockieren Energie, wenn wir (ver-)urteilen.<\/p>\n\n\n\n<p>Wir verlieren\/ blockieren Energie, wenn wir Angst haben vor Misserfolg.<\/p>\n\n\n\n<p>Wir verlieren\/ blockieren Energie, wenn wir vergleichen.<\/p>\n\n\n\n<p>Wir verlieren\/ blockieren Energie, wenn wir negative Gef\u00fchle hegen.<\/p>\n\n\n\n<p>Wir verlieren\/ blockieren Energie, wenn wir k\u00e4mpfen.<\/p>\n\n\n\n<p>Wir verlieren\/ blockieren Energie, wenn wir Schuldgef\u00fchle haben.<\/p>\n\n\n\n<p>Alle diese Verhaltensweisen haben mit Festhalten zu tun. Wir k\u00f6nnen deshalb auch formulieren: <\/p>\n\n\n\n<blockquote class=\"wp-block-quote is-layout-flow wp-block-quote-is-layout-flow\"><p>Festhalten f\u00fchrt zu Energieverlust, Loslassen f\u00fchrt zum Flie\u00dfen der Energien.<\/p><\/blockquote>\n\n\n\n<p>Loslassen bedeutet nichts anderes als die F\u00e4higkeit, im Hier-und-Jetzt zu leben! Sobald Sie aus dem Hier-und-Jetzt herausfallen,&nbsp; schaffen Sie Widerstand, Konflikt, und das bremst den Lebensstrom, das bremst die Erreichung Ihrer Ziele, das bremst die L\u00f6sung Ihrer Probleme (falls Sie welche haben).<\/p>\n\n\n\n<p>Zweifel ist f\u00fcr die Zielerreichung t\u00f6dlich; ein Mensch mit Zweifeln ist \u2013 energetisch gesehen \u2013 durchl\u00e4ssig wie ein Sieb.<\/p>\n\n\n\n<p>Dieses Suchen hat mit Loslassen und mit Vertrauen zu tun. Mit einem totalen Vertrauen in das Leben, in die universelle Intelligenz in jedem Menschen, in Gott \u2013 oder wie immer Sie diese Weisheit nennen wollen.<\/p>\n\n\n\n<p>Loslassen hei\u00dft also: Leben im Hier-und-Jetzt. Es gibt nur eine totale Sicherheit, und die ist innen in jedem Menschen. Erreicht wird diese totale Sicherheit durch das Leben im Hier-und-Jetzt. Wenn wir nur einen Millimeter aus dem Hier-und-Jetzt hinausfallen, h\u00f6rt sie auf.<\/p>\n","protected":false},"excerpt":{"rendered":"<p>Ausz\u00fcge aus \u201eDas Lola-Prinzip\u201c, Die Vollkommenheit der Welt, von Ren\u00e9 Egli, 2004 Was ist ein Gedanke? Da alles Schwingung respektive Energie ist, ist auch ein Gedanke Schwingung respektive Energie. Ein &hellip; <a href=\"https:\/\/pressel-nike.de\/?page_id=1386\" class=\"more-link\"><span class=\"screen-reader-text\">Was ist ein Gedanke?<\/span> weiterlesen<\/a><\/p>\n","protected":false},"author":2,"featured_media":1132,"parent":0,"menu_order":0,"comment_status":"closed","ping_status":"closed","template":"","meta":{"footnotes":""},"class_list":["post-1386","page","type-page","status-publish","has-post-thumbnail","hentry"],"yoast_head":"<!-- This site is optimized with the Yoast SEO plugin v22.6 - https:\/\/yoast.com\/wordpress\/plugins\/seo\/ -->\n<title>Was ist ein Gedanke? - Gisela Pressel Coaching &amp; Supervision<\/title>\n<meta name=\"robots\" content=\"index, follow, max-snippet:-1, max-image-preview:large, max-video-preview:-1\" \/>\n<link rel=\"canonical\" href=\"https:\/\/pressel-nike.de\/?page_id=1386\" \/>\n<meta property=\"og:locale\" content=\"de_DE\" \/>\n<meta property=\"og:type\" content=\"article\" \/>\n<meta property=\"og:title\" content=\"Was ist ein Gedanke? - Gisela Pressel Coaching &amp; Supervision\" \/>\n<meta property=\"og:description\" content=\"Ausz\u00fcge aus \u201eDas Lola-Prinzip\u201c, Die Vollkommenheit der Welt, von Ren\u00e9 Egli, 2004 Was ist ein Gedanke? Da alles Schwingung respektive Energie ist, ist auch ein Gedanke Schwingung respektive Energie. Ein &hellip; Was ist ein Gedanke? weiterlesen\" \/>\n<meta property=\"og:url\" content=\"https:\/\/pressel-nike.de\/?page_id=1386\" \/>\n<meta property=\"og:site_name\" content=\"Gisela Pressel Coaching &amp; Supervision\" \/>\n<meta property=\"article:modified_time\" content=\"2022-09-13T16:39:09+00:00\" \/>\n<meta property=\"og:image\" content=\"https:\/\/pressel-nike.de\/wp-content\/uploads\/2021\/12\/brain-5966095_960_720.jpg\" \/>\n\t<meta property=\"og:image:width\" content=\"960\" \/>\n\t<meta property=\"og:image:height\" content=\"270\" \/>\n\t<meta property=\"og:image:type\" content=\"image\/jpeg\" \/>\n<meta name=\"twitter:card\" content=\"summary_large_image\" \/>\n<meta name=\"twitter:label1\" content=\"Gesch\u00e4tzte Lesezeit\" \/>\n\t<meta name=\"twitter:data1\" content=\"3\u00a0Minuten\" \/>\n<script type=\"application\/ld+json\" class=\"yoast-schema-graph\">{\"@context\":\"https:\/\/schema.org\",\"@graph\":[{\"@type\":\"WebPage\",\"@id\":\"https:\/\/pressel-nike.de\/?page_id=1386\",\"url\":\"https:\/\/pressel-nike.de\/?page_id=1386\",\"name\":\"Was ist ein Gedanke? - Gisela Pressel Coaching &amp; Supervision\",\"isPartOf\":{\"@id\":\"https:\/\/pressel-nike.de\/#website\"},\"primaryImageOfPage\":{\"@id\":\"https:\/\/pressel-nike.de\/?page_id=1386#primaryimage\"},\"image\":{\"@id\":\"https:\/\/pressel-nike.de\/?page_id=1386#primaryimage\"},\"thumbnailUrl\":\"https:\/\/pressel-nike.de\/wp-content\/uploads\/2021\/12\/brain-5966095_960_720.jpg\",\"datePublished\":\"2022-09-13T16:34:12+00:00\",\"dateModified\":\"2022-09-13T16:39:09+00:00\",\"breadcrumb\":{\"@id\":\"https:\/\/pressel-nike.de\/?page_id=1386#breadcrumb\"},\"inLanguage\":\"de\",\"potentialAction\":[{\"@type\":\"ReadAction\",\"target\":[\"https:\/\/pressel-nike.de\/?page_id=1386\"]}]},{\"@type\":\"ImageObject\",\"inLanguage\":\"de\",\"@id\":\"https:\/\/pressel-nike.de\/?page_id=1386#primaryimage\",\"url\":\"https:\/\/pressel-nike.de\/wp-content\/uploads\/2021\/12\/brain-5966095_960_720.jpg\",\"contentUrl\":\"https:\/\/pressel-nike.de\/wp-content\/uploads\/2021\/12\/brain-5966095_960_720.jpg\",\"width\":960,\"height\":270},{\"@type\":\"BreadcrumbList\",\"@id\":\"https:\/\/pressel-nike.de\/?page_id=1386#breadcrumb\",\"itemListElement\":[{\"@type\":\"ListItem\",\"position\":1,\"name\":\"Startseite\",\"item\":\"https:\/\/pressel-nike.de\/\"},{\"@type\":\"ListItem\",\"position\":2,\"name\":\"Was ist ein Gedanke?\"}]},{\"@type\":\"WebSite\",\"@id\":\"https:\/\/pressel-nike.de\/#website\",\"url\":\"https:\/\/pressel-nike.de\/\",\"name\":\"Gisela Pressel Coaching &amp; Supervision\",\"description\":\"N.I.K.E. - Neues Institut f\u00fcr Kommunikation und Erwachsenenbildung\",\"potentialAction\":[{\"@type\":\"SearchAction\",\"target\":{\"@type\":\"EntryPoint\",\"urlTemplate\":\"https:\/\/pressel-nike.de\/?s={search_term_string}\"},\"query-input\":\"required name=search_term_string\"}],\"inLanguage\":\"de\"}]}<\/script>\n<!-- \/ Yoast SEO plugin. -->","yoast_head_json":{"title":"Was ist ein Gedanke? - Gisela Pressel Coaching &amp; Supervision","robots":{"index":"index","follow":"follow","max-snippet":"max-snippet:-1","max-image-preview":"max-image-preview:large","max-video-preview":"max-video-preview:-1"},"canonical":"https:\/\/pressel-nike.de\/?page_id=1386","og_locale":"de_DE","og_type":"article","og_title":"Was ist ein Gedanke? - Gisela Pressel Coaching &amp; Supervision","og_description":"Ausz\u00fcge aus \u201eDas Lola-Prinzip\u201c, Die Vollkommenheit der Welt, von Ren\u00e9 Egli, 2004 Was ist ein Gedanke? Da alles Schwingung respektive Energie ist, ist auch ein Gedanke Schwingung respektive Energie. Ein &hellip; Was ist ein Gedanke? weiterlesen","og_url":"https:\/\/pressel-nike.de\/?page_id=1386","og_site_name":"Gisela Pressel Coaching &amp; Supervision","article_modified_time":"2022-09-13T16:39:09+00:00","og_image":[{"width":960,"height":270,"url":"https:\/\/pressel-nike.de\/wp-content\/uploads\/2021\/12\/brain-5966095_960_720.jpg","type":"image\/jpeg"}],"twitter_card":"summary_large_image","twitter_misc":{"Gesch\u00e4tzte Lesezeit":"3\u00a0Minuten"},"schema":{"@context":"https:\/\/schema.org","@graph":[{"@type":"WebPage","@id":"https:\/\/pressel-nike.de\/?page_id=1386","url":"https:\/\/pressel-nike.de\/?page_id=1386","name":"Was ist ein Gedanke? - Gisela Pressel Coaching &amp; Supervision","isPartOf":{"@id":"https:\/\/pressel-nike.de\/#website"},"primaryImageOfPage":{"@id":"https:\/\/pressel-nike.de\/?page_id=1386#primaryimage"},"image":{"@id":"https:\/\/pressel-nike.de\/?page_id=1386#primaryimage"},"thumbnailUrl":"https:\/\/pressel-nike.de\/wp-content\/uploads\/2021\/12\/brain-5966095_960_720.jpg","datePublished":"2022-09-13T16:34:12+00:00","dateModified":"2022-09-13T16:39:09+00:00","breadcrumb":{"@id":"https:\/\/pressel-nike.de\/?page_id=1386#breadcrumb"},"inLanguage":"de","potentialAction":[{"@type":"ReadAction","target":["https:\/\/pressel-nike.de\/?page_id=1386"]}]},{"@type":"ImageObject","inLanguage":"de","@id":"https:\/\/pressel-nike.de\/?page_id=1386#primaryimage","url":"https:\/\/pressel-nike.de\/wp-content\/uploads\/2021\/12\/brain-5966095_960_720.jpg","contentUrl":"https:\/\/pressel-nike.de\/wp-content\/uploads\/2021\/12\/brain-5966095_960_720.jpg","width":960,"height":270},{"@type":"BreadcrumbList","@id":"https:\/\/pressel-nike.de\/?page_id=1386#breadcrumb","itemListElement":[{"@type":"ListItem","position":1,"name":"Startseite","item":"https:\/\/pressel-nike.de\/"},{"@type":"ListItem","position":2,"name":"Was ist ein Gedanke?"}]},{"@type":"WebSite","@id":"https:\/\/pressel-nike.de\/#website","url":"https:\/\/pressel-nike.de\/","name":"Gisela Pressel Coaching &amp; Supervision","description":"N.I.K.E. - Neues Institut f\u00fcr Kommunikation und Erwachsenenbildung","potentialAction":[{"@type":"SearchAction","target":{"@type":"EntryPoint","urlTemplate":"https:\/\/pressel-nike.de\/?s={search_term_string}"},"query-input":"required name=search_term_string"}],"inLanguage":"de"}]}},"_links":{"self":[{"href":"https:\/\/pressel-nike.de\/index.php?rest_route=\/wp\/v2\/pages\/1386","targetHints":{"allow":["GET"]}}],"collection":[{"href":"https:\/\/pressel-nike.de\/index.php?rest_route=\/wp\/v2\/pages"}],"about":[{"href":"https:\/\/pressel-nike.de\/index.php?rest_route=\/wp\/v2\/types\/page"}],"author":[{"embeddable":true,"href":"https:\/\/pressel-nike.de\/index.php?rest_route=\/wp\/v2\/users\/2"}],"replies":[{"embeddable":true,"href":"https:\/\/pressel-nike.de\/index.php?rest_route=%2Fwp%2Fv2%2Fcomments&post=1386"}],"version-history":[{"count":3,"href":"https:\/\/pressel-nike.de\/index.php?rest_route=\/wp\/v2\/pages\/1386\/revisions"}],"predecessor-version":[{"id":1391,"href":"https:\/\/pressel-nike.de\/index.php?rest_route=\/wp\/v2\/pages\/1386\/revisions\/1391"}],"wp:featuredmedia":[{"embeddable":true,"href":"https:\/\/pressel-nike.de\/index.php?rest_route=\/wp\/v2\/media\/1132"}],"wp:attachment":[{"href":"https:\/\/pressel-nike.de\/index.php?rest_route=%2Fwp%2Fv2%2Fmedia&parent=1386"}],"curies":[{"name":"wp","href":"https:\/\/api.w.org\/{rel}","templated":true}]}}