{"id":140,"date":"2020-11-27T10:18:21","date_gmt":"2020-11-27T10:18:21","guid":{"rendered":"https:\/\/pressel-nike.de\/?page_id=140"},"modified":"2024-05-13T13:16:47","modified_gmt":"2024-05-13T13:16:47","slug":"kontakt","status":"publish","type":"page","link":"https:\/\/pressel-nike.de\/?page_id=140","title":{"rendered":"Kontakt"},"content":{"rendered":"\n<figure class=\"wp-block-image size-full is-resized is-style-default\"><img loading=\"lazy\" decoding=\"async\" src=\"https:\/\/pressel-nike.de\/wp-content\/uploads\/2020\/11\/Pressel_Gisela_2020.jpg\" alt=\"\" class=\"wp-image-138\" width=\"208\" height=\"294\" srcset=\"https:\/\/pressel-nike.de\/wp-content\/uploads\/2020\/11\/Pressel_Gisela_2020.jpg 450w, https:\/\/pressel-nike.de\/wp-content\/uploads\/2020\/11\/Pressel_Gisela_2020-213x300.jpg 213w\" sizes=\"auto, (max-width: 208px) 100vw, 208px\" \/><\/figure>\n\n\n\n<p><strong>Dipl.-P\u00e4d. Gisela Pressel<\/strong><\/p>\n\n\n\n<p>Supervisorin DGSv\/SG, Coachin, Organisationsberaterin<\/p>\n\n\n\n<div class=\"wp-block-group has-white-color has-text-color has-background\" style=\"background-color:#b2a87e\"><div class=\"wp-block-group__inner-container is-layout-flow wp-block-group-is-layout-flow\">\n<div class=\"wp-block-columns is-layout-flex wp-container-core-columns-is-layout-9d6595d7 wp-block-columns-is-layout-flex\">\n<div class=\"wp-block-column is-layout-flow wp-block-column-is-layout-flow\">\n<p class=\"has-white-color has-text-color\"><strong>Email<\/strong><br><strong><a href=\"mailto:pressel-nike@t-online.de\">pressel-nike@t-online.de<\/a><\/strong><\/p>\n\n\n\n<p><\/p>\n<\/div>\n\n\n\n<div class=\"wp-block-column is-layout-flow wp-block-column-is-layout-flow\">\n<p><strong>Telefon<\/strong><br><strong>0172 304 97 53<\/strong><\/p>\n\n\n\n<p class=\"has-white-color has-text-color\"><strong>Praxis und Postanschrift<\/strong><br><a href=\"https:\/\/www.google.de\/maps\/place\/Wallstra%C3%9Fe+39,+10179+Berlin\/@52.5126608,13.4093654,17z\/data=!3m1!4b1!4m5!3m4!1s0x47a84e243279217b:0xfa0bf92127218d3d!8m2!3d52.5126608!4d13.4115541?hl=de\">Wallstra\u00dfe 39<\/a><br>10179 Berlin-Mitte<\/p>\n\n\n\n<p class=\"has-white-color has-text-color\"><strong><a href=\"https:\/\/www.google.de\/maps\/place\/Wallstra%C3%9Fe+39,+10179+Berlin\/@52.5126608,13.4093654,17z\/data=!3m1!4b1!4m5!3m4!1s0x47a84e243279217b:0xfa0bf92127218d3d!8m2!3d52.5126608!4d13.4115541?hl=de\">Anfahrt<\/a><br><\/strong>U2 M\u00e4rkisches Museum<s><br><\/s>U8\/S Jannowitzbr\u00fccke<\/p>\n\n\n\n<figure class=\"wp-block-image size-full is-resized\"><img loading=\"lazy\" decoding=\"async\" src=\"https:\/\/pressel-nike.de\/wp-content\/uploads\/2021\/10\/qrcode_www.google.de-1.png\" alt=\"\" class=\"wp-image-968\" width=\"99\" height=\"99\" srcset=\"https:\/\/pressel-nike.de\/wp-content\/uploads\/2021\/10\/qrcode_www.google.de-1.png 730w, https:\/\/pressel-nike.de\/wp-content\/uploads\/2021\/10\/qrcode_www.google.de-1-300x300.png 300w, https:\/\/pressel-nike.de\/wp-content\/uploads\/2021\/10\/qrcode_www.google.de-1-150x150.png 150w\" sizes=\"auto, (max-width: 99px) 100vw, 99px\" \/><\/figure>\n<\/div>\n<\/div>\n<\/div><\/div>\n\n\n\n<p><\/p>\n\n\n\n<p>In meiner Praxis in Berlin-Mitte, im <span style=\"color: #003366;\">Telefonat<\/span> oder <span style=\"color: #003366;\">online<\/span> biete ich ein erstes kostenloses Gespr\u00e4ch an, in dem wir uns kennenlernen und Ihr Anliegen kl\u00e4ren. Die Gespr\u00e4che erfolgen in einem vertrauensvollen Rahmen mit Wertsch\u00e4tzung, Diskretion, Kreativit\u00e4t und Humor.<\/p>\n\n\n\n<p class=\"has-dark-gray-color has-text-color\">Rufen Sie einfach an oder schreiben Sie mir eine Mail und vereinbaren Sie einen Termin &#8211; <span style=\"color: #003366;\"><strong>Ich freue mich auf Ihre Anfrage!<\/strong><\/span><\/p>\n\n\n\n<p class=\"has-dark-gray-color has-text-color\"><\/p>\n\n\n\n<p class=\"has-text-align-center has-dark-gray-color has-white-background-color has-text-color has-background\"><\/p>\n","protected":false},"excerpt":{"rendered":"<p>Dipl.-P\u00e4d. Gisela Pressel Supervisorin DGSv\/SG, Coachin, Organisationsberaterin Emailpressel-nike@t-online.de Telefon0172 304 97 53 Praxis und PostanschriftWallstra\u00dfe 3910179 Berlin-Mitte AnfahrtU2 M\u00e4rkisches MuseumU8\/S Jannowitzbr\u00fccke In meiner Praxis in Berlin-Mitte, im Telefonat oder online &hellip; <a href=\"https:\/\/pressel-nike.de\/?page_id=140\" class=\"more-link\"><span class=\"screen-reader-text\">Kontakt<\/span> weiterlesen<\/a><\/p>\n","protected":false},"author":1,"featured_media":272,"parent":0,"menu_order":0,"comment_status":"closed","ping_status":"closed","template":"","meta":{"footnotes":""},"class_list":["post-140","page","type-page","status-publish","has-post-thumbnail","hentry"],"yoast_head":"<!-- This site is optimized with the Yoast SEO plugin v22.6 - https:\/\/yoast.com\/wordpress\/plugins\/seo\/ -->\n<title>Kontakt - Gisela Pressel Coaching &amp; Supervision<\/title>\n<meta name=\"description\" content=\"Vereinbaren Sie ein kostenloses Erstgespr\u00e4ch in meiner Praxis in Berlin-Mitte, per Telefon oder online. Diskretion und Wertsch\u00e4tzung garantiert\" \/>\n<meta name=\"robots\" content=\"index, follow, max-snippet:-1, max-image-preview:large, max-video-preview:-1\" \/>\n<link rel=\"canonical\" href=\"https:\/\/pressel-nike.de\/?page_id=140\" \/>\n<meta property=\"og:locale\" content=\"de_DE\" \/>\n<meta property=\"og:type\" content=\"article\" \/>\n<meta property=\"og:title\" content=\"Kontakt - Gisela Pressel Coaching &amp; Supervision\" \/>\n<meta property=\"og:description\" content=\"Vereinbaren Sie ein kostenloses Erstgespr\u00e4ch in meiner Praxis in Berlin-Mitte, per Telefon oder online. Diskretion und Wertsch\u00e4tzung garantiert\" \/>\n<meta property=\"og:url\" content=\"https:\/\/pressel-nike.de\/?page_id=140\" \/>\n<meta property=\"og:site_name\" content=\"Gisela Pressel Coaching &amp; Supervision\" \/>\n<meta property=\"article:modified_time\" content=\"2024-05-13T13:16:47+00:00\" \/>\n<meta property=\"og:image\" content=\"https:\/\/pressel-nike.de\/wp-content\/uploads\/2020\/11\/NIKE.png\" \/>\n\t<meta property=\"og:image:width\" content=\"57\" \/>\n\t<meta property=\"og:image:height\" content=\"50\" \/>\n\t<meta property=\"og:image:type\" content=\"image\/png\" \/>\n<meta name=\"twitter:card\" content=\"summary_large_image\" \/>\n<meta name=\"twitter:label1\" content=\"Gesch\u00e4tzte Lesezeit\" \/>\n\t<meta name=\"twitter:data1\" content=\"2\u00a0Minuten\" \/>\n<script type=\"application\/ld+json\" class=\"yoast-schema-graph\">{\"@context\":\"https:\/\/schema.org\",\"@graph\":[{\"@type\":\"WebPage\",\"@id\":\"https:\/\/pressel-nike.de\/?page_id=140\",\"url\":\"https:\/\/pressel-nike.de\/?page_id=140\",\"name\":\"Kontakt - Gisela Pressel Coaching &amp; Supervision\",\"isPartOf\":{\"@id\":\"https:\/\/pressel-nike.de\/#website\"},\"primaryImageOfPage\":{\"@id\":\"https:\/\/pressel-nike.de\/?page_id=140#primaryimage\"},\"image\":{\"@id\":\"https:\/\/pressel-nike.de\/?page_id=140#primaryimage\"},\"thumbnailUrl\":\"https:\/\/pressel-nike.de\/wp-content\/uploads\/2020\/11\/NIKE.png\",\"datePublished\":\"2020-11-27T10:18:21+00:00\",\"dateModified\":\"2024-05-13T13:16:47+00:00\",\"description\":\"Vereinbaren Sie ein kostenloses Erstgespr\u00e4ch in meiner Praxis in Berlin-Mitte, per Telefon oder online. Diskretion und Wertsch\u00e4tzung garantiert\",\"breadcrumb\":{\"@id\":\"https:\/\/pressel-nike.de\/?page_id=140#breadcrumb\"},\"inLanguage\":\"de\",\"potentialAction\":[{\"@type\":\"ReadAction\",\"target\":[\"https:\/\/pressel-nike.de\/?page_id=140\"]}]},{\"@type\":\"ImageObject\",\"inLanguage\":\"de\",\"@id\":\"https:\/\/pressel-nike.de\/?page_id=140#primaryimage\",\"url\":\"https:\/\/pressel-nike.de\/wp-content\/uploads\/2020\/11\/NIKE.png\",\"contentUrl\":\"https:\/\/pressel-nike.de\/wp-content\/uploads\/2020\/11\/NIKE.png\",\"width\":57,\"height\":50,\"caption\":\"N.I.K.E.-Institut f\u00fcr Kommunikation und Erwachsenenbildung\"},{\"@type\":\"BreadcrumbList\",\"@id\":\"https:\/\/pressel-nike.de\/?page_id=140#breadcrumb\",\"itemListElement\":[{\"@type\":\"ListItem\",\"position\":1,\"name\":\"Startseite\",\"item\":\"https:\/\/pressel-nike.de\/\"},{\"@type\":\"ListItem\",\"position\":2,\"name\":\"Kontakt\"}]},{\"@type\":\"WebSite\",\"@id\":\"https:\/\/pressel-nike.de\/#website\",\"url\":\"https:\/\/pressel-nike.de\/\",\"name\":\"Gisela Pressel Coaching &amp; Supervision\",\"description\":\"N.I.K.E. - Neues Institut f\u00fcr Kommunikation und Erwachsenenbildung\",\"potentialAction\":[{\"@type\":\"SearchAction\",\"target\":{\"@type\":\"EntryPoint\",\"urlTemplate\":\"https:\/\/pressel-nike.de\/?s={search_term_string}\"},\"query-input\":\"required name=search_term_string\"}],\"inLanguage\":\"de\"}]}<\/script>\n<!-- \/ Yoast SEO plugin. -->","yoast_head_json":{"title":"Kontakt - Gisela Pressel Coaching &amp; Supervision","description":"Vereinbaren Sie ein kostenloses Erstgespr\u00e4ch in meiner Praxis in Berlin-Mitte, per Telefon oder online. Diskretion und Wertsch\u00e4tzung garantiert","robots":{"index":"index","follow":"follow","max-snippet":"max-snippet:-1","max-image-preview":"max-image-preview:large","max-video-preview":"max-video-preview:-1"},"canonical":"https:\/\/pressel-nike.de\/?page_id=140","og_locale":"de_DE","og_type":"article","og_title":"Kontakt - Gisela Pressel Coaching &amp; Supervision","og_description":"Vereinbaren Sie ein kostenloses Erstgespr\u00e4ch in meiner Praxis in Berlin-Mitte, per Telefon oder online. Diskretion und Wertsch\u00e4tzung garantiert","og_url":"https:\/\/pressel-nike.de\/?page_id=140","og_site_name":"Gisela Pressel Coaching &amp; Supervision","article_modified_time":"2024-05-13T13:16:47+00:00","og_image":[{"width":57,"height":50,"url":"https:\/\/pressel-nike.de\/wp-content\/uploads\/2020\/11\/NIKE.png","type":"image\/png"}],"twitter_card":"summary_large_image","twitter_misc":{"Gesch\u00e4tzte Lesezeit":"2\u00a0Minuten"},"schema":{"@context":"https:\/\/schema.org","@graph":[{"@type":"WebPage","@id":"https:\/\/pressel-nike.de\/?page_id=140","url":"https:\/\/pressel-nike.de\/?page_id=140","name":"Kontakt - Gisela Pressel Coaching &amp; Supervision","isPartOf":{"@id":"https:\/\/pressel-nike.de\/#website"},"primaryImageOfPage":{"@id":"https:\/\/pressel-nike.de\/?page_id=140#primaryimage"},"image":{"@id":"https:\/\/pressel-nike.de\/?page_id=140#primaryimage"},"thumbnailUrl":"https:\/\/pressel-nike.de\/wp-content\/uploads\/2020\/11\/NIKE.png","datePublished":"2020-11-27T10:18:21+00:00","dateModified":"2024-05-13T13:16:47+00:00","description":"Vereinbaren Sie ein kostenloses Erstgespr\u00e4ch in meiner Praxis in Berlin-Mitte, per Telefon oder online. Diskretion und Wertsch\u00e4tzung garantiert","breadcrumb":{"@id":"https:\/\/pressel-nike.de\/?page_id=140#breadcrumb"},"inLanguage":"de","potentialAction":[{"@type":"ReadAction","target":["https:\/\/pressel-nike.de\/?page_id=140"]}]},{"@type":"ImageObject","inLanguage":"de","@id":"https:\/\/pressel-nike.de\/?page_id=140#primaryimage","url":"https:\/\/pressel-nike.de\/wp-content\/uploads\/2020\/11\/NIKE.png","contentUrl":"https:\/\/pressel-nike.de\/wp-content\/uploads\/2020\/11\/NIKE.png","width":57,"height":50,"caption":"N.I.K.E.-Institut f\u00fcr Kommunikation und Erwachsenenbildung"},{"@type":"BreadcrumbList","@id":"https:\/\/pressel-nike.de\/?page_id=140#breadcrumb","itemListElement":[{"@type":"ListItem","position":1,"name":"Startseite","item":"https:\/\/pressel-nike.de\/"},{"@type":"ListItem","position":2,"name":"Kontakt"}]},{"@type":"WebSite","@id":"https:\/\/pressel-nike.de\/#website","url":"https:\/\/pressel-nike.de\/","name":"Gisela Pressel Coaching &amp; Supervision","description":"N.I.K.E. - Neues Institut f\u00fcr Kommunikation und Erwachsenenbildung","potentialAction":[{"@type":"SearchAction","target":{"@type":"EntryPoint","urlTemplate":"https:\/\/pressel-nike.de\/?s={search_term_string}"},"query-input":"required name=search_term_string"}],"inLanguage":"de"}]}},"_links":{"self":[{"href":"https:\/\/pressel-nike.de\/index.php?rest_route=\/wp\/v2\/pages\/140","targetHints":{"allow":["GET"]}}],"collection":[{"href":"https:\/\/pressel-nike.de\/index.php?rest_route=\/wp\/v2\/pages"}],"about":[{"href":"https:\/\/pressel-nike.de\/index.php?rest_route=\/wp\/v2\/types\/page"}],"author":[{"embeddable":true,"href":"https:\/\/pressel-nike.de\/index.php?rest_route=\/wp\/v2\/users\/1"}],"replies":[{"embeddable":true,"href":"https:\/\/pressel-nike.de\/index.php?rest_route=%2Fwp%2Fv2%2Fcomments&post=140"}],"version-history":[{"count":41,"href":"https:\/\/pressel-nike.de\/index.php?rest_route=\/wp\/v2\/pages\/140\/revisions"}],"predecessor-version":[{"id":1208,"href":"https:\/\/pressel-nike.de\/index.php?rest_route=\/wp\/v2\/pages\/140\/revisions\/1208"}],"wp:featuredmedia":[{"embeddable":true,"href":"https:\/\/pressel-nike.de\/index.php?rest_route=\/wp\/v2\/media\/272"}],"wp:attachment":[{"href":"https:\/\/pressel-nike.de\/index.php?rest_route=%2Fwp%2Fv2%2Fmedia&parent=140"}],"curies":[{"name":"wp","href":"https:\/\/api.w.org\/{rel}","templated":true}]}}