{"id":1409,"date":"2022-12-12T12:49:26","date_gmt":"2022-12-12T12:49:26","guid":{"rendered":"https:\/\/pressel-nike.de\/?page_id=1409"},"modified":"2024-05-13T13:06:39","modified_gmt":"2024-05-13T13:06:39","slug":"das-sagen-meine-kundinnen","status":"publish","type":"page","link":"https:\/\/pressel-nike.de\/?page_id=1409","title":{"rendered":"Das sagen meine Kund*innen"},"content":{"rendered":"\n<p>Ich bekomme oft positive Feedbacks zu meinen Coachings und Supervisionen. Diese motivieren mich immer sehr! Jede Begegnung ist individuell. Jeder Mensch ist anders gepr\u00e4gt. Bisher habe ich mich &#8222;nur&#8220; alleine daran erfreut, bis ich den Gedanken hatte, dass es auch andere Menschen motivieren k\u00f6nnte, den Blick zu wechseln. Deshalb werde ich nun mit Ihnen diese R\u00fcckmeldungen teilen.<\/p>\n\n\n\n<blockquote class=\"wp-block-quote is-layout-flow wp-block-quote-is-layout-flow\">\n<p>Sehr geehrte Frau Pressel,<\/p>\n\n\n\n<p>ich m\u00f6chte mich herzlich bei Ihnen f\u00fcr die au\u00dferordentlich wertvolle Supervision bedanken. Ihre professionelle Unterst\u00fctzung hat mir in meiner aktuellen Situation unglaublich weitergeholfen und ich bin \u00fcberaus zufrieden mit dem Verlauf unserer Zusammenarbeit.<\/p>\n\n\n\n<p>Ihr gutes Gesp\u00fcr f\u00fcr Situationen und Ihre F\u00e4higkeit, auf individuelle Bed\u00fcrfnisse einzugehen, haben mir besonders imponiert. W\u00e4hrend unserer Supervision habe ich stets gesp\u00fcrt, dass Sie mit vollem Engagement und Empathie dabei sind. Ihre einf\u00fchlsame Art und Ihr fachliches Know-how haben mir geholfen, Klarheit in meinen Gedanken zu finden und neue Perspektiven zu entwickeln.<\/p>\n\n\n\n<p>Die M\u00f6glichkeit, sich mit Ihnen auszutauschen, hat mir nicht nur geholfen, meine Herausforderungen besser zu verstehen, sondern hat auch dazu beigetragen, dass ich neue L\u00f6sungsans\u00e4tze f\u00fcr meine Anliegen gefunden habe. Ihre gezielten Fragen und Anregungen haben mir geholfen, tiefer in die Thematik einzudringen und bisher unentdeckte Aspekte zu erkennen.<\/p>\n\n\n\n<p>Dank Ihrer Unterst\u00fctzung f\u00fchle ich mich nun besser ger\u00fcstet, um mit den Herausforderungen umzugehen, die sich mir stellen. Ihre Supervision hat nicht nur meinen beruflichen Horizont erweitert, sondern auch meine pers\u00f6nliche Entwicklung gef\u00f6rdert. Ich sch\u00e4tze mich gl\u00fccklich, die Gelegenheit gehabt zu haben, von Ihrer Expertise zu profitieren.<\/p>\n\n\n\n<p>Nochmals herzlichen Dank, Frau Pressel, f\u00fcr Ihre hervorragende Arbeit. Ich freue mich darauf, auch zuk\u00fcnftig von Ihrer professionellen Unterst\u00fctzung zu profitieren und empfehle Sie w\u00e4rmstens allen, die auf der Suche nach qualitativ hochwertiger Supervision sind.<\/p>\n<cite>ZA im August 2023<\/cite><\/blockquote>\n\n\n\n<blockquote class=\"wp-block-quote is-layout-flow wp-block-quote-is-layout-flow\">\n<p>\u201eIch habe mir (soeben zum zweiten Mal) Deinen Podcast \u201eDie Intelligenz der Gef\u00fchle\u201c angeh\u00f6rt. Und da Du mich um meine Meinung gebeten hast \u2013 hier ist sie: Ich sehe es wie du, dass immer mehr Menschen den Kontakt zu sich verlieren und somit nur schwer in der Lage sind, auf ihr Baugef\u00fchl zu h\u00f6ren. Wir leben in einer so schnelllebigen Zeit, dass man oft meint, man muss haupts\u00e4chlich funktionieren (Stichwort \u201eHamsterrad\u201c). Deshalb glaube ich, gibt es immer mehr Leute mit Burnout oder psychischen Problemen. Umso wichtiger ist es, dass du mit dem Podcast einen Ansto\u00df gibst, wieder mehr auf sich bzw. auf sein Bauchgef\u00fchl zu h\u00f6ren. Aber ich stelle mir das sehr schwer vor, die Menschen diesbez\u00fcglich erreichen bzw. dass sie auf diesen \u201eSchatz\u201c h\u00f6ren. Ich kann mir vorstellen, dass es viele sogar abtun und es als albern bezeichnen. Ich habe bei nicht wenigen Mitmenschen das Gef\u00fchl, sie sind mit sich nicht \u201eim Reinen\u201c, schleppen irgendeinen Ballast mit sich rum, der aber nicht ausgesprochen oder gar aufgearbeitet wird. Ich glaube, diese Leute haben zwar schon ein Baugef\u00fchl, aber das wir von vielen anderen Gef\u00fchlen \u201egest\u00f6rt\u201c. Alles in allem ein wichtiges Thema \u2013 aber eben auch ein schwieriges.\u201c<\/p>\n<cite>KH im Juni 2023 &#8211; bezogen auf den Podcast &#8222;Die Intelligenz der Gef\u00fchle&#8220;<\/cite><\/blockquote>\n\n\n\n<blockquote class=\"wp-block-quote is-layout-flow wp-block-quote-is-layout-flow\">\n<p>\u201eMit Sch\u00fclerInnen der 5. und 6. Klasse haben wir (die Studierenden) in Erfurt ein Anti- Gewalt-Training absolviert, wobei es unter anderem auch darum ging, seinem Gef\u00fchl zu (ver)trauen. Dazu geh\u00f6rte, zun\u00e4chst einmal bei sich selber zu bemerken, wo im K\u00f6rper sp\u00fcre ich es, wenn ich so ein \u201emulmiges\u201c Gef\u00fchl habe, d.h. sein Baugef\u00fchl zun\u00e4chst bewusst wahrzunehmen und kennenzulernen als etwas Wichtiges, was uns warnt, was schneller ist als der Kopf und auf dieses Gef\u00fchl auch zu h\u00f6ren und ihm zu vertrauen. Dieses Gef\u00fchl entsteht intuitiv und ist schon in der Steinzeit wichtig gewesen, wenn z.B. ein L\u00f6we kommt, wegzurennen und nicht erst nachdenken\u2026. Konkret bedeutet das, wenn ich z.B. abends auf der Stra\u00dfe laufe und sehe von weitem, dass mir jemand oder eine Gruppe entgegenkommt und das f\u00fchlt sich komisch an, die Stra\u00dfenseite zu wechseln, nicht mutig sein zu wollen, auch lieber einen Umweg in Kauf zu nehmen, &#8211; das Gef\u00fchl als Freundin wahrzunehmen, als Helferin. Und das kann man nat\u00fcrlich auf viele Situationen \u00fcbertragen\u2026. . wenn ich in der U- Bahn sitze und das Gef\u00fchl habe, jemand guckt mich so komisch an, den Waggon zu wechseln\u2026..\u201c <\/p>\n<cite>D.D. im Juni 2022 &#8211; bezogen auf den Podcast &#8222;Die Intelligenz der Gef\u00fchle&#8220;<\/cite><\/blockquote>\n\n\n\n<blockquote class=\"wp-block-quote is-layout-flow wp-block-quote-is-layout-flow\">\n<p>Liebe Frau Pressel,<\/p>\n\n\n\n<p>in der vergangenen Woche ging alles ganz schnell. Ich habe am Montag fr\u00fch dem (anonymisiert&#8230;) vorgeschlagen mich freizustellen und daf\u00fcr alle drei Klagen fallen zu lassen. Er hat sich erstaunlicherweise darauf eingelassen und am Mittwoch wurde der Vergleich bereits durch das Arbeitsgericht beschlossen. Ich bin freigestellt ab sofort bis Ende April. F\u00fcr mich ist das ein gro\u00dfer Gewinn, da ich in dieser freien Zeit viel reisen werde. Den neuen Arbeitsvertrag mit (anonymisiert&#8230;)  habe ich gestern unterschrieben. Am (anonymisiert&#8230;)  geht es dort los.<\/p>\n\n\n\n<p>Ich m\u00f6chte mich nochmal ganz herzlich f\u00fcr Ihre Unterst\u00fctzung bedanken, die sehr hilfreich war, um f\u00fcr mich eine klare Entscheidung treffen zu k\u00f6nnen. Mit dieser Klarheit geht es mir jetzt viel besser.<\/p>\n\n\n\n<p>Ich w\u00fcnsche Ihnen alles Gute und weiterhin dankbare Klienten. Ich werde Sie jedenfalls weiter empfehlen.<\/p>\n\n\n\n<p>Herzliche Gr\u00fc\u00dfe<\/p>\n<cite><p>P.B. im November 2022<\/p><\/cite><\/blockquote>\n\n\n<div class=\"wp-block-image\">\n<figure class=\"alignright size-full is-resized\"><img loading=\"lazy\" decoding=\"async\" src=\"https:\/\/pressel-nike.de\/wp-content\/uploads\/2022\/12\/thank-you-g5df1fbc88_640.png\" alt=\"\" class=\"wp-image-1415\" style=\"width:165px;height:171px\" width=\"165\" height=\"171\" srcset=\"https:\/\/pressel-nike.de\/wp-content\/uploads\/2022\/12\/thank-you-g5df1fbc88_640.png 617w, https:\/\/pressel-nike.de\/wp-content\/uploads\/2022\/12\/thank-you-g5df1fbc88_640-289x300.png 289w\" sizes=\"auto, (max-width: 165px) 100vw, 165px\" \/><figcaption class=\"wp-element-caption\">Danke f\u00fcr Ihr Feedback!<\/figcaption><\/figure>\n<\/div>","protected":false},"excerpt":{"rendered":"<p>Ich bekomme oft positive Feedbacks zu meinen Coachings und Supervisionen. Diese motivieren mich immer sehr! Jede Begegnung ist individuell. Jeder Mensch ist anders gepr\u00e4gt. Bisher habe ich mich &#8222;nur&#8220; alleine &hellip; <a href=\"https:\/\/pressel-nike.de\/?page_id=1409\" class=\"more-link\"><span class=\"screen-reader-text\">Das sagen meine Kund*innen<\/span> weiterlesen<\/a><\/p>\n","protected":false},"author":2,"featured_media":1413,"parent":0,"menu_order":0,"comment_status":"closed","ping_status":"closed","template":"","meta":{"footnotes":""},"class_list":["post-1409","page","type-page","status-publish","has-post-thumbnail","hentry"],"yoast_head":"<!-- This site is optimized with the Yoast SEO plugin v22.6 - https:\/\/yoast.com\/wordpress\/plugins\/seo\/ -->\n<title>Das sagen meine Kund*innen - Gisela Pressel Coaching &amp; Supervision<\/title>\n<meta name=\"description\" content=\"H\u00f6ren Sie, was meine Kundinnen \u00fcber die positiven Ver\u00e4nderungen durch unser Coaching sagen. Echte Erfahrungen und \u00fcberzeugende Ergebnisse!\" \/>\n<meta name=\"robots\" content=\"index, follow, max-snippet:-1, max-image-preview:large, max-video-preview:-1\" \/>\n<link rel=\"canonical\" href=\"https:\/\/pressel-nike.de\/?page_id=1409\" \/>\n<meta property=\"og:locale\" content=\"de_DE\" \/>\n<meta property=\"og:type\" content=\"article\" \/>\n<meta property=\"og:title\" content=\"Das sagen meine Kund*innen - Gisela Pressel Coaching &amp; Supervision\" \/>\n<meta property=\"og:description\" content=\"H\u00f6ren Sie, was meine Kundinnen \u00fcber die positiven Ver\u00e4nderungen durch unser Coaching sagen. Echte Erfahrungen und \u00fcberzeugende Ergebnisse!\" \/>\n<meta property=\"og:url\" content=\"https:\/\/pressel-nike.de\/?page_id=1409\" \/>\n<meta property=\"og:site_name\" content=\"Gisela Pressel Coaching &amp; Supervision\" \/>\n<meta property=\"article:modified_time\" content=\"2024-05-13T13:06:39+00:00\" \/>\n<meta property=\"og:image\" content=\"https:\/\/pressel-nike.de\/wp-content\/uploads\/2022\/12\/feedback-4746811__340.webp\" \/>\n\t<meta property=\"og:image:width\" content=\"510\" \/>\n\t<meta property=\"og:image:height\" content=\"340\" \/>\n\t<meta property=\"og:image:type\" content=\"image\/webp\" \/>\n<meta name=\"twitter:card\" content=\"summary_large_image\" \/>\n<meta name=\"twitter:label1\" content=\"Gesch\u00e4tzte Lesezeit\" \/>\n\t<meta name=\"twitter:data1\" content=\"1\u00a0Minute\" \/>\n<script type=\"application\/ld+json\" class=\"yoast-schema-graph\">{\"@context\":\"https:\/\/schema.org\",\"@graph\":[{\"@type\":\"WebPage\",\"@id\":\"https:\/\/pressel-nike.de\/?page_id=1409\",\"url\":\"https:\/\/pressel-nike.de\/?page_id=1409\",\"name\":\"Das sagen meine Kund*innen - Gisela Pressel Coaching &amp; Supervision\",\"isPartOf\":{\"@id\":\"https:\/\/pressel-nike.de\/#website\"},\"primaryImageOfPage\":{\"@id\":\"https:\/\/pressel-nike.de\/?page_id=1409#primaryimage\"},\"image\":{\"@id\":\"https:\/\/pressel-nike.de\/?page_id=1409#primaryimage\"},\"thumbnailUrl\":\"https:\/\/pressel-nike.de\/wp-content\/uploads\/2022\/12\/feedback-4746811__340.webp\",\"datePublished\":\"2022-12-12T12:49:26+00:00\",\"dateModified\":\"2024-05-13T13:06:39+00:00\",\"description\":\"H\u00f6ren Sie, was meine Kundinnen \u00fcber die positiven Ver\u00e4nderungen durch unser Coaching sagen. Echte Erfahrungen und \u00fcberzeugende Ergebnisse!\",\"breadcrumb\":{\"@id\":\"https:\/\/pressel-nike.de\/?page_id=1409#breadcrumb\"},\"inLanguage\":\"de\",\"potentialAction\":[{\"@type\":\"ReadAction\",\"target\":[\"https:\/\/pressel-nike.de\/?page_id=1409\"]}]},{\"@type\":\"ImageObject\",\"inLanguage\":\"de\",\"@id\":\"https:\/\/pressel-nike.de\/?page_id=1409#primaryimage\",\"url\":\"https:\/\/pressel-nike.de\/wp-content\/uploads\/2022\/12\/feedback-4746811__340.webp\",\"contentUrl\":\"https:\/\/pressel-nike.de\/wp-content\/uploads\/2022\/12\/feedback-4746811__340.webp\",\"width\":510,\"height\":340},{\"@type\":\"BreadcrumbList\",\"@id\":\"https:\/\/pressel-nike.de\/?page_id=1409#breadcrumb\",\"itemListElement\":[{\"@type\":\"ListItem\",\"position\":1,\"name\":\"Startseite\",\"item\":\"https:\/\/pressel-nike.de\/\"},{\"@type\":\"ListItem\",\"position\":2,\"name\":\"Das sagen meine Kund*innen\"}]},{\"@type\":\"WebSite\",\"@id\":\"https:\/\/pressel-nike.de\/#website\",\"url\":\"https:\/\/pressel-nike.de\/\",\"name\":\"Gisela Pressel Coaching &amp; Supervision\",\"description\":\"N.I.K.E. - Neues Institut f\u00fcr Kommunikation und Erwachsenenbildung\",\"potentialAction\":[{\"@type\":\"SearchAction\",\"target\":{\"@type\":\"EntryPoint\",\"urlTemplate\":\"https:\/\/pressel-nike.de\/?s={search_term_string}\"},\"query-input\":\"required name=search_term_string\"}],\"inLanguage\":\"de\"}]}<\/script>\n<!-- \/ Yoast SEO plugin. -->","yoast_head_json":{"title":"Das sagen meine Kund*innen - Gisela Pressel Coaching &amp; Supervision","description":"H\u00f6ren Sie, was meine Kundinnen \u00fcber die positiven Ver\u00e4nderungen durch unser Coaching sagen. Echte Erfahrungen und \u00fcberzeugende Ergebnisse!","robots":{"index":"index","follow":"follow","max-snippet":"max-snippet:-1","max-image-preview":"max-image-preview:large","max-video-preview":"max-video-preview:-1"},"canonical":"https:\/\/pressel-nike.de\/?page_id=1409","og_locale":"de_DE","og_type":"article","og_title":"Das sagen meine Kund*innen - Gisela Pressel Coaching &amp; Supervision","og_description":"H\u00f6ren Sie, was meine Kundinnen \u00fcber die positiven Ver\u00e4nderungen durch unser Coaching sagen. Echte Erfahrungen und \u00fcberzeugende Ergebnisse!","og_url":"https:\/\/pressel-nike.de\/?page_id=1409","og_site_name":"Gisela Pressel Coaching &amp; Supervision","article_modified_time":"2024-05-13T13:06:39+00:00","og_image":[{"width":510,"height":340,"url":"https:\/\/pressel-nike.de\/wp-content\/uploads\/2022\/12\/feedback-4746811__340.webp","type":"image\/webp"}],"twitter_card":"summary_large_image","twitter_misc":{"Gesch\u00e4tzte Lesezeit":"1\u00a0Minute"},"schema":{"@context":"https:\/\/schema.org","@graph":[{"@type":"WebPage","@id":"https:\/\/pressel-nike.de\/?page_id=1409","url":"https:\/\/pressel-nike.de\/?page_id=1409","name":"Das sagen meine Kund*innen - Gisela Pressel Coaching &amp; Supervision","isPartOf":{"@id":"https:\/\/pressel-nike.de\/#website"},"primaryImageOfPage":{"@id":"https:\/\/pressel-nike.de\/?page_id=1409#primaryimage"},"image":{"@id":"https:\/\/pressel-nike.de\/?page_id=1409#primaryimage"},"thumbnailUrl":"https:\/\/pressel-nike.de\/wp-content\/uploads\/2022\/12\/feedback-4746811__340.webp","datePublished":"2022-12-12T12:49:26+00:00","dateModified":"2024-05-13T13:06:39+00:00","description":"H\u00f6ren Sie, was meine Kundinnen \u00fcber die positiven Ver\u00e4nderungen durch unser Coaching sagen. Echte Erfahrungen und \u00fcberzeugende Ergebnisse!","breadcrumb":{"@id":"https:\/\/pressel-nike.de\/?page_id=1409#breadcrumb"},"inLanguage":"de","potentialAction":[{"@type":"ReadAction","target":["https:\/\/pressel-nike.de\/?page_id=1409"]}]},{"@type":"ImageObject","inLanguage":"de","@id":"https:\/\/pressel-nike.de\/?page_id=1409#primaryimage","url":"https:\/\/pressel-nike.de\/wp-content\/uploads\/2022\/12\/feedback-4746811__340.webp","contentUrl":"https:\/\/pressel-nike.de\/wp-content\/uploads\/2022\/12\/feedback-4746811__340.webp","width":510,"height":340},{"@type":"BreadcrumbList","@id":"https:\/\/pressel-nike.de\/?page_id=1409#breadcrumb","itemListElement":[{"@type":"ListItem","position":1,"name":"Startseite","item":"https:\/\/pressel-nike.de\/"},{"@type":"ListItem","position":2,"name":"Das sagen meine Kund*innen"}]},{"@type":"WebSite","@id":"https:\/\/pressel-nike.de\/#website","url":"https:\/\/pressel-nike.de\/","name":"Gisela Pressel Coaching &amp; Supervision","description":"N.I.K.E. - Neues Institut f\u00fcr Kommunikation und Erwachsenenbildung","potentialAction":[{"@type":"SearchAction","target":{"@type":"EntryPoint","urlTemplate":"https:\/\/pressel-nike.de\/?s={search_term_string}"},"query-input":"required name=search_term_string"}],"inLanguage":"de"}]}},"_links":{"self":[{"href":"https:\/\/pressel-nike.de\/index.php?rest_route=\/wp\/v2\/pages\/1409","targetHints":{"allow":["GET"]}}],"collection":[{"href":"https:\/\/pressel-nike.de\/index.php?rest_route=\/wp\/v2\/pages"}],"about":[{"href":"https:\/\/pressel-nike.de\/index.php?rest_route=\/wp\/v2\/types\/page"}],"author":[{"embeddable":true,"href":"https:\/\/pressel-nike.de\/index.php?rest_route=\/wp\/v2\/users\/2"}],"replies":[{"embeddable":true,"href":"https:\/\/pressel-nike.de\/index.php?rest_route=%2Fwp%2Fv2%2Fcomments&post=1409"}],"version-history":[{"count":10,"href":"https:\/\/pressel-nike.de\/index.php?rest_route=\/wp\/v2\/pages\/1409\/revisions"}],"predecessor-version":[{"id":1447,"href":"https:\/\/pressel-nike.de\/index.php?rest_route=\/wp\/v2\/pages\/1409\/revisions\/1447"}],"wp:featuredmedia":[{"embeddable":true,"href":"https:\/\/pressel-nike.de\/index.php?rest_route=\/wp\/v2\/media\/1413"}],"wp:attachment":[{"href":"https:\/\/pressel-nike.de\/index.php?rest_route=%2Fwp%2Fv2%2Fmedia&parent=1409"}],"curies":[{"name":"wp","href":"https:\/\/api.w.org\/{rel}","templated":true}]}}