{"id":147,"date":"2020-11-27T11:07:10","date_gmt":"2020-11-27T11:07:10","guid":{"rendered":"https:\/\/pressel-nike.de\/?page_id=147"},"modified":"2022-03-10T17:04:27","modified_gmt":"2022-03-10T17:04:27","slug":"impressum","status":"publish","type":"page","link":"https:\/\/pressel-nike.de\/?page_id=147","title":{"rendered":"Impressum"},"content":{"rendered":"<p>&#8222;Verantwortlich f\u00fcr die Inhalte der Domain www.pressel-nike.de gem\u00e4\u00df Telemediengesetz:<\/p>\n<p><span style=\"color: #000000;\">Gisela Pressel<\/span><br \/>\nWallstra\u00dfe 39,<br \/>\n10179 Berlin-Mitte<\/p>\n<p>Telefon: 0172 &#8211; 304 97 53<br \/>\nE-Mail: pressel-nike@t-online.de<\/p>\n<p>Die Inhalte dieser Website werden mit gr\u00f6\u00dftm\u00f6glicher Sorgfalt erstellt, dennoch \u00fcbernimmt die Anbieterin keine Gew\u00e4hr f\u00fcr die Richtigkeit, Vollst\u00e4ndigkeit und Aktualit\u00e4t der bereitgestellten Inhalte. Irrt\u00fcmer und Fehler vorbehalten. Diese Website enth\u00e4lt Links zu externen Websites, f\u00fcr die ausschlie\u00dflich deren jeweilige Betreiber verantwortlich sind.<\/p>\n<p><a title=\"Datenschutzerkl\u00e4rung\" href=\"https:\/\/pressel-nike.de\/datenschutzerklaerung\">\u00bb Link zur Datenschutzerkl\u00e4rung<\/a><\/p>\n<p>Die auf dieser Website ver\u00f6ffentlichten Inhalte unterliegen dem deutschen Urheber- und Leistungsschutzrecht. Jede Verwendung und Verwertung bedarf der vorherigen schriftlichen Zustimmung des Anbieters oder jeweiligen Rechteinhabers. Dies gilt insbesondere f\u00fcr Vervielf\u00e4ltigung, Bearbeitung, \u00dcbersetzung, Einspeicherung, Verarbeitung bzw. Wiedergabe von Inhalten in Datenbanken oder anderen elektronischen Medien und Systemen.<\/p>\n<p style=\"text-align: left;\"><span style=\"color: #000000;\">Fotonachweise: <\/span><br \/>\nPortr\u00e4t Kontaktseite: \u00a9 Fotoatelier Schild-Vogel, Berlin<br \/>\nMotiv Torbogen: \u00a9 K-H Spremberg\/Shotshop.com<br \/>\nTier- und andere Motive: \u00a9 pixabay.com\/de<br \/>\nAndere: \u00a9 Rudolph\/pixelio.de, \u00a9 Gisela Pressel<\/p>\n<p>\u00a9 Gisela Pressel, Wallstra\u00dfe 39, 10179 Berlin-Mitte \u2022 Telefon 0172 \/ 3049753<\/p>\n","protected":false},"excerpt":{"rendered":"<p>&#8222;Verantwortlich f\u00fcr die Inhalte der Domain www.pressel-nike.de gem\u00e4\u00df Telemediengesetz: Gisela Pressel Wallstra\u00dfe 39, 10179 Berlin-Mitte Telefon: 0172 &#8211; 304 97 53 E-Mail: pressel-nike@t-online.de Die Inhalte dieser Website werden mit gr\u00f6\u00dftm\u00f6glicher &hellip; <a href=\"https:\/\/pressel-nike.de\/?page_id=147\" class=\"more-link\"><span class=\"screen-reader-text\">Impressum<\/span> weiterlesen<\/a><\/p>\n","protected":false},"author":1,"featured_media":272,"parent":0,"menu_order":0,"comment_status":"closed","ping_status":"closed","template":"","meta":{"footnotes":""},"class_list":["post-147","page","type-page","status-publish","has-post-thumbnail","hentry"],"yoast_head":"<!-- This site is optimized with the Yoast SEO plugin v22.6 - https:\/\/yoast.com\/wordpress\/plugins\/seo\/ -->\n<title>Impressum - Gisela Pressel Coaching &amp; Supervision<\/title>\n<meta name=\"robots\" content=\"index, follow, max-snippet:-1, max-image-preview:large, max-video-preview:-1\" \/>\n<link rel=\"canonical\" href=\"https:\/\/pressel-nike.de\/?page_id=147\" \/>\n<meta property=\"og:locale\" content=\"de_DE\" \/>\n<meta property=\"og:type\" content=\"article\" \/>\n<meta property=\"og:title\" content=\"Impressum - Gisela Pressel Coaching &amp; Supervision\" \/>\n<meta property=\"og:description\" content=\"&#8222;Verantwortlich f\u00fcr die Inhalte der Domain www.pressel-nike.de gem\u00e4\u00df Telemediengesetz: Gisela Pressel Wallstra\u00dfe 39, 10179 Berlin-Mitte Telefon: 0172 &#8211; 304 97 53 E-Mail: pressel-nike@t-online.de Die Inhalte dieser Website werden mit gr\u00f6\u00dftm\u00f6glicher &hellip; Impressum weiterlesen\" \/>\n<meta property=\"og:url\" content=\"https:\/\/pressel-nike.de\/?page_id=147\" \/>\n<meta property=\"og:site_name\" content=\"Gisela Pressel Coaching &amp; Supervision\" \/>\n<meta property=\"article:modified_time\" content=\"2022-03-10T17:04:27+00:00\" \/>\n<meta property=\"og:image\" content=\"https:\/\/pressel-nike.de\/wp-content\/uploads\/2020\/11\/NIKE.png\" \/>\n\t<meta property=\"og:image:width\" content=\"57\" \/>\n\t<meta property=\"og:image:height\" content=\"50\" \/>\n\t<meta property=\"og:image:type\" content=\"image\/png\" \/>\n<meta name=\"twitter:card\" content=\"summary_large_image\" \/>\n<meta name=\"twitter:label1\" content=\"Gesch\u00e4tzte Lesezeit\" \/>\n\t<meta name=\"twitter:data1\" content=\"1\u00a0Minute\" \/>\n<script type=\"application\/ld+json\" class=\"yoast-schema-graph\">{\"@context\":\"https:\/\/schema.org\",\"@graph\":[{\"@type\":\"WebPage\",\"@id\":\"https:\/\/pressel-nike.de\/?page_id=147\",\"url\":\"https:\/\/pressel-nike.de\/?page_id=147\",\"name\":\"Impressum - Gisela Pressel Coaching &amp; Supervision\",\"isPartOf\":{\"@id\":\"https:\/\/pressel-nike.de\/#website\"},\"primaryImageOfPage\":{\"@id\":\"https:\/\/pressel-nike.de\/?page_id=147#primaryimage\"},\"image\":{\"@id\":\"https:\/\/pressel-nike.de\/?page_id=147#primaryimage\"},\"thumbnailUrl\":\"https:\/\/pressel-nike.de\/wp-content\/uploads\/2020\/11\/NIKE.png\",\"datePublished\":\"2020-11-27T11:07:10+00:00\",\"dateModified\":\"2022-03-10T17:04:27+00:00\",\"breadcrumb\":{\"@id\":\"https:\/\/pressel-nike.de\/?page_id=147#breadcrumb\"},\"inLanguage\":\"de\",\"potentialAction\":[{\"@type\":\"ReadAction\",\"target\":[\"https:\/\/pressel-nike.de\/?page_id=147\"]}]},{\"@type\":\"ImageObject\",\"inLanguage\":\"de\",\"@id\":\"https:\/\/pressel-nike.de\/?page_id=147#primaryimage\",\"url\":\"https:\/\/pressel-nike.de\/wp-content\/uploads\/2020\/11\/NIKE.png\",\"contentUrl\":\"https:\/\/pressel-nike.de\/wp-content\/uploads\/2020\/11\/NIKE.png\",\"width\":57,\"height\":50,\"caption\":\"N.I.K.E.-Institut f\u00fcr Kommunikation und Erwachsenenbildung\"},{\"@type\":\"BreadcrumbList\",\"@id\":\"https:\/\/pressel-nike.de\/?page_id=147#breadcrumb\",\"itemListElement\":[{\"@type\":\"ListItem\",\"position\":1,\"name\":\"Startseite\",\"item\":\"https:\/\/pressel-nike.de\/\"},{\"@type\":\"ListItem\",\"position\":2,\"name\":\"Impressum\"}]},{\"@type\":\"WebSite\",\"@id\":\"https:\/\/pressel-nike.de\/#website\",\"url\":\"https:\/\/pressel-nike.de\/\",\"name\":\"Gisela Pressel Coaching &amp; Supervision\",\"description\":\"N.I.K.E. - Neues Institut f\u00fcr Kommunikation und Erwachsenenbildung\",\"potentialAction\":[{\"@type\":\"SearchAction\",\"target\":{\"@type\":\"EntryPoint\",\"urlTemplate\":\"https:\/\/pressel-nike.de\/?s={search_term_string}\"},\"query-input\":\"required name=search_term_string\"}],\"inLanguage\":\"de\"}]}<\/script>\n<!-- \/ Yoast SEO plugin. -->","yoast_head_json":{"title":"Impressum - Gisela Pressel Coaching &amp; Supervision","robots":{"index":"index","follow":"follow","max-snippet":"max-snippet:-1","max-image-preview":"max-image-preview:large","max-video-preview":"max-video-preview:-1"},"canonical":"https:\/\/pressel-nike.de\/?page_id=147","og_locale":"de_DE","og_type":"article","og_title":"Impressum - Gisela Pressel Coaching &amp; Supervision","og_description":"&#8222;Verantwortlich f\u00fcr die Inhalte der Domain www.pressel-nike.de gem\u00e4\u00df Telemediengesetz: Gisela Pressel Wallstra\u00dfe 39, 10179 Berlin-Mitte Telefon: 0172 &#8211; 304 97 53 E-Mail: pressel-nike@t-online.de Die Inhalte dieser Website werden mit gr\u00f6\u00dftm\u00f6glicher &hellip; Impressum weiterlesen","og_url":"https:\/\/pressel-nike.de\/?page_id=147","og_site_name":"Gisela Pressel Coaching &amp; Supervision","article_modified_time":"2022-03-10T17:04:27+00:00","og_image":[{"width":57,"height":50,"url":"https:\/\/pressel-nike.de\/wp-content\/uploads\/2020\/11\/NIKE.png","type":"image\/png"}],"twitter_card":"summary_large_image","twitter_misc":{"Gesch\u00e4tzte Lesezeit":"1\u00a0Minute"},"schema":{"@context":"https:\/\/schema.org","@graph":[{"@type":"WebPage","@id":"https:\/\/pressel-nike.de\/?page_id=147","url":"https:\/\/pressel-nike.de\/?page_id=147","name":"Impressum - Gisela Pressel Coaching &amp; Supervision","isPartOf":{"@id":"https:\/\/pressel-nike.de\/#website"},"primaryImageOfPage":{"@id":"https:\/\/pressel-nike.de\/?page_id=147#primaryimage"},"image":{"@id":"https:\/\/pressel-nike.de\/?page_id=147#primaryimage"},"thumbnailUrl":"https:\/\/pressel-nike.de\/wp-content\/uploads\/2020\/11\/NIKE.png","datePublished":"2020-11-27T11:07:10+00:00","dateModified":"2022-03-10T17:04:27+00:00","breadcrumb":{"@id":"https:\/\/pressel-nike.de\/?page_id=147#breadcrumb"},"inLanguage":"de","potentialAction":[{"@type":"ReadAction","target":["https:\/\/pressel-nike.de\/?page_id=147"]}]},{"@type":"ImageObject","inLanguage":"de","@id":"https:\/\/pressel-nike.de\/?page_id=147#primaryimage","url":"https:\/\/pressel-nike.de\/wp-content\/uploads\/2020\/11\/NIKE.png","contentUrl":"https:\/\/pressel-nike.de\/wp-content\/uploads\/2020\/11\/NIKE.png","width":57,"height":50,"caption":"N.I.K.E.-Institut f\u00fcr Kommunikation und Erwachsenenbildung"},{"@type":"BreadcrumbList","@id":"https:\/\/pressel-nike.de\/?page_id=147#breadcrumb","itemListElement":[{"@type":"ListItem","position":1,"name":"Startseite","item":"https:\/\/pressel-nike.de\/"},{"@type":"ListItem","position":2,"name":"Impressum"}]},{"@type":"WebSite","@id":"https:\/\/pressel-nike.de\/#website","url":"https:\/\/pressel-nike.de\/","name":"Gisela Pressel Coaching &amp; Supervision","description":"N.I.K.E. - Neues Institut f\u00fcr Kommunikation und Erwachsenenbildung","potentialAction":[{"@type":"SearchAction","target":{"@type":"EntryPoint","urlTemplate":"https:\/\/pressel-nike.de\/?s={search_term_string}"},"query-input":"required name=search_term_string"}],"inLanguage":"de"}]}},"_links":{"self":[{"href":"https:\/\/pressel-nike.de\/index.php?rest_route=\/wp\/v2\/pages\/147","targetHints":{"allow":["GET"]}}],"collection":[{"href":"https:\/\/pressel-nike.de\/index.php?rest_route=\/wp\/v2\/pages"}],"about":[{"href":"https:\/\/pressel-nike.de\/index.php?rest_route=\/wp\/v2\/types\/page"}],"author":[{"embeddable":true,"href":"https:\/\/pressel-nike.de\/index.php?rest_route=\/wp\/v2\/users\/1"}],"replies":[{"embeddable":true,"href":"https:\/\/pressel-nike.de\/index.php?rest_route=%2Fwp%2Fv2%2Fcomments&post=147"}],"version-history":[{"count":11,"href":"https:\/\/pressel-nike.de\/index.php?rest_route=\/wp\/v2\/pages\/147\/revisions"}],"predecessor-version":[{"id":1356,"href":"https:\/\/pressel-nike.de\/index.php?rest_route=\/wp\/v2\/pages\/147\/revisions\/1356"}],"wp:featuredmedia":[{"embeddable":true,"href":"https:\/\/pressel-nike.de\/index.php?rest_route=\/wp\/v2\/media\/272"}],"wp:attachment":[{"href":"https:\/\/pressel-nike.de\/index.php?rest_route=%2Fwp%2Fv2%2Fmedia&parent=147"}],"curies":[{"name":"wp","href":"https:\/\/api.w.org\/{rel}","templated":true}]}}