{"id":370,"date":"2021-07-18T15:02:13","date_gmt":"2021-07-18T15:02:13","guid":{"rendered":"https:\/\/pressel-nike.de\/?page_id=370"},"modified":"2024-05-13T12:58:09","modified_gmt":"2024-05-13T12:58:09","slug":"person-team-organisation","status":"publish","type":"page","link":"https:\/\/pressel-nike.de\/?page_id=370","title":{"rendered":"Das Ganze im Blick!"},"content":{"rendered":"\n<p>Coaching und Supervision er\u00f6ffnen neues Wissen \u00fcber sich und andere, \u00fcber Arbeitsprozesse, Gruppen und Organisationen. Beide Beratungs-formen haben immer das Ganze im Blick, stellen Bez\u00fcge her, reflektieren Wechselwirkungen, schauen auf Muster, die keine Zuf\u00e4lle sind, sondern Geschichte haben.<\/p>\n\n\n<blockquote>\n<p><strong>BLICKPUNKT\u00a0 \u00a0P e r s o n<\/strong><\/p>\n<\/blockquote>\n<p>Coaching und Supervision versprechen, Sie professionell und empathisch dabei zu unterst\u00fctzen, Ihre vorhandenen F\u00e4higkeiten zu entdecken, zu entwickeln, zu festigen, zu erproben und im praktischen Leben wirksam umzusetzen. Wir schauen gemeinsam auf ihre Ressourcen und L\u00f6sungskompetenzen, um die Qualit\u00e4t Ihrer Arbeit zu erh\u00f6hen.<\/p>\n<blockquote>\n<p><strong>BLICKPUNKT\u00a0 T e a m<\/strong><\/p>\n<\/blockquote>\n<p>Jede Organisation ist auf belastbare, stabile Teams angewiesen. Im Zuge von Team &#8211; Coaching und Supervision wird das eigene Handeln und Verhalten sowie dessen Wirkung auf das Miteinander im Team betrachtet. Ziel ist es, die Verst\u00e4ndigung und Zusammenarbeit der Teammitglieder:innen mit &#8211; und untereinander zu verbessern.<\/p>\n<blockquote>\n<p><strong>BLICKPUNKT\u00a0 O r g a n i s a t i o n<\/strong><\/p>\n<\/blockquote>\n<p>Ziele, Aufgaben, Strukturen, Prozesse, Arbeitsbedingungen, Richtlinien etc sind die Rahmenbedingungen, in denen das (Zusammen-) Arbeiten in Organisationen stattfindet. Sie sind die Orientierungsrahmen f\u00fcr das individuelle Handeln und Verhalten, implizieren die Anforderungen und Erwartungen an die Mitarbeiter*innen.<\/p>\n<p><strong>Im Blickfeld von Coaching und Supervision steht das komplexe Spannungsfeld von Person, Team und Organisation.<\/strong><\/p>\n\n\n<p><\/p>\n","protected":false},"excerpt":{"rendered":"<p>Person<br \/>\nPerson:<br \/>\nPerson   <\/p>\n<p>Person: Coaching und Supervision verspricht, Sie dabei zu unterst\u00fctzen, Ihre vorhandenen F\u00e4higkeiten zu entdecken, zu entwickeln, zu festigen, zu erproben und im praktischen Leben wirksam umzusetzen.<br \/>\nGemeinsam schauen wir auf Ihre Ressourcen und L\u00f6sungskompetenzen, um die Qualit\u00e4t Ihrer Arbeit zu erh\u00f6hen.<\/p>\n<p>Coaching und Supervision verspricht, Sie professionell und empathisc<\/p>\n","protected":false},"author":2,"featured_media":272,"parent":0,"menu_order":0,"comment_status":"closed","ping_status":"closed","template":"","meta":{"footnotes":""},"class_list":["post-370","page","type-page","status-publish","has-post-thumbnail","hentry"],"yoast_head":"<!-- This site is optimized with the Yoast SEO plugin v22.6 - https:\/\/yoast.com\/wordpress\/plugins\/seo\/ -->\n<title>Das Ganze im Blick! - Gisela Pressel Coaching &amp; Supervision<\/title>\n<meta name=\"description\" content=\"Coaching und Supervision bieten Einblicke und f\u00f6rdern Wachstum auf pers\u00f6nlicher, Team- und Organisationsebene, um Arbeitsqualit\u00e4t zu verbessern.\" \/>\n<meta name=\"robots\" content=\"index, follow, max-snippet:-1, max-image-preview:large, max-video-preview:-1\" \/>\n<link rel=\"canonical\" href=\"https:\/\/pressel-nike.de\/?page_id=370\" \/>\n<meta property=\"og:locale\" content=\"de_DE\" \/>\n<meta property=\"og:type\" content=\"article\" \/>\n<meta property=\"og:title\" content=\"Das Ganze im Blick! - Gisela Pressel Coaching &amp; Supervision\" \/>\n<meta property=\"og:description\" content=\"Coaching und Supervision bieten Einblicke und f\u00f6rdern Wachstum auf pers\u00f6nlicher, Team- und Organisationsebene, um Arbeitsqualit\u00e4t zu verbessern.\" \/>\n<meta property=\"og:url\" content=\"https:\/\/pressel-nike.de\/?page_id=370\" \/>\n<meta property=\"og:site_name\" content=\"Gisela Pressel Coaching &amp; Supervision\" \/>\n<meta property=\"article:modified_time\" content=\"2024-05-13T12:58:09+00:00\" \/>\n<meta property=\"og:image\" content=\"https:\/\/pressel-nike.de\/wp-content\/uploads\/2020\/11\/NIKE.png\" \/>\n\t<meta property=\"og:image:width\" content=\"57\" \/>\n\t<meta property=\"og:image:height\" content=\"50\" \/>\n\t<meta property=\"og:image:type\" content=\"image\/png\" \/>\n<meta name=\"twitter:card\" content=\"summary_large_image\" \/>\n<meta name=\"twitter:label1\" content=\"Gesch\u00e4tzte Lesezeit\" \/>\n\t<meta name=\"twitter:data1\" content=\"2\u00a0Minuten\" \/>\n<script type=\"application\/ld+json\" class=\"yoast-schema-graph\">{\"@context\":\"https:\/\/schema.org\",\"@graph\":[{\"@type\":\"WebPage\",\"@id\":\"https:\/\/pressel-nike.de\/?page_id=370\",\"url\":\"https:\/\/pressel-nike.de\/?page_id=370\",\"name\":\"Das Ganze im Blick! - Gisela Pressel Coaching &amp; Supervision\",\"isPartOf\":{\"@id\":\"https:\/\/pressel-nike.de\/#website\"},\"primaryImageOfPage\":{\"@id\":\"https:\/\/pressel-nike.de\/?page_id=370#primaryimage\"},\"image\":{\"@id\":\"https:\/\/pressel-nike.de\/?page_id=370#primaryimage\"},\"thumbnailUrl\":\"https:\/\/pressel-nike.de\/wp-content\/uploads\/2020\/11\/NIKE.png\",\"datePublished\":\"2021-07-18T15:02:13+00:00\",\"dateModified\":\"2024-05-13T12:58:09+00:00\",\"description\":\"Coaching und Supervision bieten Einblicke und f\u00f6rdern Wachstum auf pers\u00f6nlicher, Team- und Organisationsebene, um Arbeitsqualit\u00e4t zu verbessern.\",\"breadcrumb\":{\"@id\":\"https:\/\/pressel-nike.de\/?page_id=370#breadcrumb\"},\"inLanguage\":\"de\",\"potentialAction\":[{\"@type\":\"ReadAction\",\"target\":[\"https:\/\/pressel-nike.de\/?page_id=370\"]}]},{\"@type\":\"ImageObject\",\"inLanguage\":\"de\",\"@id\":\"https:\/\/pressel-nike.de\/?page_id=370#primaryimage\",\"url\":\"https:\/\/pressel-nike.de\/wp-content\/uploads\/2020\/11\/NIKE.png\",\"contentUrl\":\"https:\/\/pressel-nike.de\/wp-content\/uploads\/2020\/11\/NIKE.png\",\"width\":57,\"height\":50,\"caption\":\"N.I.K.E.-Institut f\u00fcr Kommunikation und Erwachsenenbildung\"},{\"@type\":\"BreadcrumbList\",\"@id\":\"https:\/\/pressel-nike.de\/?page_id=370#breadcrumb\",\"itemListElement\":[{\"@type\":\"ListItem\",\"position\":1,\"name\":\"Startseite\",\"item\":\"https:\/\/pressel-nike.de\/\"},{\"@type\":\"ListItem\",\"position\":2,\"name\":\"Das Ganze im Blick!\"}]},{\"@type\":\"WebSite\",\"@id\":\"https:\/\/pressel-nike.de\/#website\",\"url\":\"https:\/\/pressel-nike.de\/\",\"name\":\"Gisela Pressel Coaching &amp; Supervision\",\"description\":\"N.I.K.E. - Neues Institut f\u00fcr Kommunikation und Erwachsenenbildung\",\"potentialAction\":[{\"@type\":\"SearchAction\",\"target\":{\"@type\":\"EntryPoint\",\"urlTemplate\":\"https:\/\/pressel-nike.de\/?s={search_term_string}\"},\"query-input\":\"required name=search_term_string\"}],\"inLanguage\":\"de\"}]}<\/script>\n<!-- \/ Yoast SEO plugin. -->","yoast_head_json":{"title":"Das Ganze im Blick! - Gisela Pressel Coaching &amp; Supervision","description":"Coaching und Supervision bieten Einblicke und f\u00f6rdern Wachstum auf pers\u00f6nlicher, Team- und Organisationsebene, um Arbeitsqualit\u00e4t zu verbessern.","robots":{"index":"index","follow":"follow","max-snippet":"max-snippet:-1","max-image-preview":"max-image-preview:large","max-video-preview":"max-video-preview:-1"},"canonical":"https:\/\/pressel-nike.de\/?page_id=370","og_locale":"de_DE","og_type":"article","og_title":"Das Ganze im Blick! - Gisela Pressel Coaching &amp; Supervision","og_description":"Coaching und Supervision bieten Einblicke und f\u00f6rdern Wachstum auf pers\u00f6nlicher, Team- und Organisationsebene, um Arbeitsqualit\u00e4t zu verbessern.","og_url":"https:\/\/pressel-nike.de\/?page_id=370","og_site_name":"Gisela Pressel Coaching &amp; Supervision","article_modified_time":"2024-05-13T12:58:09+00:00","og_image":[{"width":57,"height":50,"url":"https:\/\/pressel-nike.de\/wp-content\/uploads\/2020\/11\/NIKE.png","type":"image\/png"}],"twitter_card":"summary_large_image","twitter_misc":{"Gesch\u00e4tzte Lesezeit":"2\u00a0Minuten"},"schema":{"@context":"https:\/\/schema.org","@graph":[{"@type":"WebPage","@id":"https:\/\/pressel-nike.de\/?page_id=370","url":"https:\/\/pressel-nike.de\/?page_id=370","name":"Das Ganze im Blick! - Gisela Pressel Coaching &amp; Supervision","isPartOf":{"@id":"https:\/\/pressel-nike.de\/#website"},"primaryImageOfPage":{"@id":"https:\/\/pressel-nike.de\/?page_id=370#primaryimage"},"image":{"@id":"https:\/\/pressel-nike.de\/?page_id=370#primaryimage"},"thumbnailUrl":"https:\/\/pressel-nike.de\/wp-content\/uploads\/2020\/11\/NIKE.png","datePublished":"2021-07-18T15:02:13+00:00","dateModified":"2024-05-13T12:58:09+00:00","description":"Coaching und Supervision bieten Einblicke und f\u00f6rdern Wachstum auf pers\u00f6nlicher, Team- und Organisationsebene, um Arbeitsqualit\u00e4t zu verbessern.","breadcrumb":{"@id":"https:\/\/pressel-nike.de\/?page_id=370#breadcrumb"},"inLanguage":"de","potentialAction":[{"@type":"ReadAction","target":["https:\/\/pressel-nike.de\/?page_id=370"]}]},{"@type":"ImageObject","inLanguage":"de","@id":"https:\/\/pressel-nike.de\/?page_id=370#primaryimage","url":"https:\/\/pressel-nike.de\/wp-content\/uploads\/2020\/11\/NIKE.png","contentUrl":"https:\/\/pressel-nike.de\/wp-content\/uploads\/2020\/11\/NIKE.png","width":57,"height":50,"caption":"N.I.K.E.-Institut f\u00fcr Kommunikation und Erwachsenenbildung"},{"@type":"BreadcrumbList","@id":"https:\/\/pressel-nike.de\/?page_id=370#breadcrumb","itemListElement":[{"@type":"ListItem","position":1,"name":"Startseite","item":"https:\/\/pressel-nike.de\/"},{"@type":"ListItem","position":2,"name":"Das Ganze im Blick!"}]},{"@type":"WebSite","@id":"https:\/\/pressel-nike.de\/#website","url":"https:\/\/pressel-nike.de\/","name":"Gisela Pressel Coaching &amp; Supervision","description":"N.I.K.E. - Neues Institut f\u00fcr Kommunikation und Erwachsenenbildung","potentialAction":[{"@type":"SearchAction","target":{"@type":"EntryPoint","urlTemplate":"https:\/\/pressel-nike.de\/?s={search_term_string}"},"query-input":"required name=search_term_string"}],"inLanguage":"de"}]}},"_links":{"self":[{"href":"https:\/\/pressel-nike.de\/index.php?rest_route=\/wp\/v2\/pages\/370","targetHints":{"allow":["GET"]}}],"collection":[{"href":"https:\/\/pressel-nike.de\/index.php?rest_route=\/wp\/v2\/pages"}],"about":[{"href":"https:\/\/pressel-nike.de\/index.php?rest_route=\/wp\/v2\/types\/page"}],"author":[{"embeddable":true,"href":"https:\/\/pressel-nike.de\/index.php?rest_route=\/wp\/v2\/users\/2"}],"replies":[{"embeddable":true,"href":"https:\/\/pressel-nike.de\/index.php?rest_route=%2Fwp%2Fv2%2Fcomments&post=370"}],"version-history":[{"count":13,"href":"https:\/\/pressel-nike.de\/index.php?rest_route=\/wp\/v2\/pages\/370\/revisions"}],"predecessor-version":[{"id":1295,"href":"https:\/\/pressel-nike.de\/index.php?rest_route=\/wp\/v2\/pages\/370\/revisions\/1295"}],"wp:featuredmedia":[{"embeddable":true,"href":"https:\/\/pressel-nike.de\/index.php?rest_route=\/wp\/v2\/media\/272"}],"wp:attachment":[{"href":"https:\/\/pressel-nike.de\/index.php?rest_route=%2Fwp%2Fv2%2Fmedia&parent=370"}],"curies":[{"name":"wp","href":"https:\/\/api.w.org\/{rel}","templated":true}]}}