{"id":386,"date":"2021-07-31T15:22:52","date_gmt":"2021-07-31T15:22:52","guid":{"rendered":"https:\/\/pressel-nike.de\/?page_id=386"},"modified":"2024-05-13T13:10:25","modified_gmt":"2024-05-13T13:10:25","slug":"humor-lachen","status":"publish","type":"page","link":"https:\/\/pressel-nike.de\/?page_id=386","title":{"rendered":"Humor &#038; Lachen"},"content":{"rendered":"\n<blockquote class=\"wp-block-quote is-layout-flow wp-block-quote-is-layout-flow\"><p>Humor bei der Arbeit sorgt nicht nur f\u00fcr gute Stimmung im Team, sondern steigert auch die eigene Leistungsf\u00e4higkeit \u2013 wenn man ihn richtig einsetzt.<\/p><cite>Maria Berentzen<\/cite><\/blockquote>\n\n\n\n<p class=\"has-text-color\" style=\"color:#b2a570\"><strong>Man darf ruhig Spa\u00df bei der Arbeit haben \u2013 und richtig eingesetzt, kann Humor zum richtigen Karriere-Booster werden! Lachen f\u00f6rdert Leistung!<\/strong><\/p>\n\n\n\n<p>Humor bezeichnet die F\u00e4higkeit, Unangenehmes und allt\u00e4gliche Schwierigkeiten gelassen und heiter zu betrachten. Im Alltag wird Humor als relativ stabile Pers\u00f6nlichkeitseigenschaft angesehen und ist mit positiven Auswirkungen verbunden, was auch die Redewendung \u00abLachen ist gesund\u00bb verdeutlicht. <\/p>\n\n\n\n<blockquote class=\"wp-block-quote is-layout-flow wp-block-quote-is-layout-flow\"><p>Humor eine Charaktereigenschaft, eine innere Haltung oder Einstellung, die man zum Leben hat. Humor kann man trainieren!<\/p><cite><em>Humorforscherin Prof. Barbara Wild<\/em><\/cite><\/blockquote>\n\n\n\n<p>Sich das Lachen verkneifen oder doch lieber das gesamte Team mit einem Spruch mitrei\u00dfen? Humor bei der Arbeit kann ein wichtiger Faktor bei der Karriere sein. Wer mit anderen gemeinsam lacht, hebt nicht nur die Stimmung im Team: Lachen f\u00f6rdert auch das eigene Wohlbefinden und baut Stress ab. So steigert man die eigene Leistungsf\u00e4higkeit und tr\u00e4gt langfristig dazu bei, Erfolg im Job zu haben.<\/p>\n","protected":false},"excerpt":{"rendered":"<p>Humor bei der Arbeit sorgt nicht nur f\u00fcr gute Stimmung im Team, sondern steigert auch die eigene Leistungsf\u00e4higkeit \u2013 wenn man ihn richtig einsetzt. Maria Berentzen Man darf ruhig Spa\u00df &hellip; <a href=\"https:\/\/pressel-nike.de\/?page_id=386\" class=\"more-link\"><span class=\"screen-reader-text\">Humor &#038; Lachen<\/span> weiterlesen<\/a><\/p>\n","protected":false},"author":2,"featured_media":272,"parent":0,"menu_order":0,"comment_status":"closed","ping_status":"closed","template":"","meta":{"footnotes":""},"class_list":["post-386","page","type-page","status-publish","has-post-thumbnail","hentry"],"yoast_head":"<!-- This site is optimized with the Yoast SEO plugin v22.6 - https:\/\/yoast.com\/wordpress\/plugins\/seo\/ -->\n<title>Humor &amp; Lachen - Gisela Pressel Coaching &amp; Supervision<\/title>\n<meta name=\"description\" content=\"Entdecken Sie Strategien f\u00fcr effektive Kommunikation und Zusammenarbeit, um gemeinsam Spitzenleistungen zu erreichen.\" \/>\n<meta name=\"robots\" content=\"index, follow, max-snippet:-1, max-image-preview:large, max-video-preview:-1\" \/>\n<link rel=\"canonical\" href=\"https:\/\/pressel-nike.de\/?page_id=386\" \/>\n<meta property=\"og:locale\" content=\"de_DE\" \/>\n<meta property=\"og:type\" content=\"article\" \/>\n<meta property=\"og:title\" content=\"Humor &amp; Lachen - Gisela Pressel Coaching &amp; Supervision\" \/>\n<meta property=\"og:description\" content=\"Entdecken Sie Strategien f\u00fcr effektive Kommunikation und Zusammenarbeit, um gemeinsam Spitzenleistungen zu erreichen.\" \/>\n<meta property=\"og:url\" content=\"https:\/\/pressel-nike.de\/?page_id=386\" \/>\n<meta property=\"og:site_name\" content=\"Gisela Pressel Coaching &amp; Supervision\" \/>\n<meta property=\"article:modified_time\" content=\"2024-05-13T13:10:25+00:00\" \/>\n<meta property=\"og:image\" content=\"https:\/\/pressel-nike.de\/wp-content\/uploads\/2020\/11\/NIKE.png\" \/>\n\t<meta property=\"og:image:width\" content=\"57\" \/>\n\t<meta property=\"og:image:height\" content=\"50\" \/>\n\t<meta property=\"og:image:type\" content=\"image\/png\" \/>\n<meta name=\"twitter:card\" content=\"summary_large_image\" \/>\n<meta name=\"twitter:label1\" content=\"Gesch\u00e4tzte Lesezeit\" \/>\n\t<meta name=\"twitter:data1\" content=\"1\u00a0Minute\" \/>\n<script type=\"application\/ld+json\" class=\"yoast-schema-graph\">{\"@context\":\"https:\/\/schema.org\",\"@graph\":[{\"@type\":\"WebPage\",\"@id\":\"https:\/\/pressel-nike.de\/?page_id=386\",\"url\":\"https:\/\/pressel-nike.de\/?page_id=386\",\"name\":\"Humor & Lachen - Gisela Pressel Coaching &amp; Supervision\",\"isPartOf\":{\"@id\":\"https:\/\/pressel-nike.de\/#website\"},\"primaryImageOfPage\":{\"@id\":\"https:\/\/pressel-nike.de\/?page_id=386#primaryimage\"},\"image\":{\"@id\":\"https:\/\/pressel-nike.de\/?page_id=386#primaryimage\"},\"thumbnailUrl\":\"https:\/\/pressel-nike.de\/wp-content\/uploads\/2020\/11\/NIKE.png\",\"datePublished\":\"2021-07-31T15:22:52+00:00\",\"dateModified\":\"2024-05-13T13:10:25+00:00\",\"description\":\"Entdecken Sie Strategien f\u00fcr effektive Kommunikation und Zusammenarbeit, um gemeinsam Spitzenleistungen zu erreichen.\",\"breadcrumb\":{\"@id\":\"https:\/\/pressel-nike.de\/?page_id=386#breadcrumb\"},\"inLanguage\":\"de\",\"potentialAction\":[{\"@type\":\"ReadAction\",\"target\":[\"https:\/\/pressel-nike.de\/?page_id=386\"]}]},{\"@type\":\"ImageObject\",\"inLanguage\":\"de\",\"@id\":\"https:\/\/pressel-nike.de\/?page_id=386#primaryimage\",\"url\":\"https:\/\/pressel-nike.de\/wp-content\/uploads\/2020\/11\/NIKE.png\",\"contentUrl\":\"https:\/\/pressel-nike.de\/wp-content\/uploads\/2020\/11\/NIKE.png\",\"width\":57,\"height\":50,\"caption\":\"N.I.K.E.-Institut f\u00fcr Kommunikation und Erwachsenenbildung\"},{\"@type\":\"BreadcrumbList\",\"@id\":\"https:\/\/pressel-nike.de\/?page_id=386#breadcrumb\",\"itemListElement\":[{\"@type\":\"ListItem\",\"position\":1,\"name\":\"Startseite\",\"item\":\"https:\/\/pressel-nike.de\/\"},{\"@type\":\"ListItem\",\"position\":2,\"name\":\"Humor &#038; Lachen\"}]},{\"@type\":\"WebSite\",\"@id\":\"https:\/\/pressel-nike.de\/#website\",\"url\":\"https:\/\/pressel-nike.de\/\",\"name\":\"Gisela Pressel Coaching &amp; Supervision\",\"description\":\"N.I.K.E. - Neues Institut f\u00fcr Kommunikation und Erwachsenenbildung\",\"potentialAction\":[{\"@type\":\"SearchAction\",\"target\":{\"@type\":\"EntryPoint\",\"urlTemplate\":\"https:\/\/pressel-nike.de\/?s={search_term_string}\"},\"query-input\":\"required name=search_term_string\"}],\"inLanguage\":\"de\"}]}<\/script>\n<!-- \/ Yoast SEO plugin. -->","yoast_head_json":{"title":"Humor & Lachen - Gisela Pressel Coaching &amp; Supervision","description":"Entdecken Sie Strategien f\u00fcr effektive Kommunikation und Zusammenarbeit, um gemeinsam Spitzenleistungen zu erreichen.","robots":{"index":"index","follow":"follow","max-snippet":"max-snippet:-1","max-image-preview":"max-image-preview:large","max-video-preview":"max-video-preview:-1"},"canonical":"https:\/\/pressel-nike.de\/?page_id=386","og_locale":"de_DE","og_type":"article","og_title":"Humor & Lachen - Gisela Pressel Coaching &amp; Supervision","og_description":"Entdecken Sie Strategien f\u00fcr effektive Kommunikation und Zusammenarbeit, um gemeinsam Spitzenleistungen zu erreichen.","og_url":"https:\/\/pressel-nike.de\/?page_id=386","og_site_name":"Gisela Pressel Coaching &amp; Supervision","article_modified_time":"2024-05-13T13:10:25+00:00","og_image":[{"width":57,"height":50,"url":"https:\/\/pressel-nike.de\/wp-content\/uploads\/2020\/11\/NIKE.png","type":"image\/png"}],"twitter_card":"summary_large_image","twitter_misc":{"Gesch\u00e4tzte Lesezeit":"1\u00a0Minute"},"schema":{"@context":"https:\/\/schema.org","@graph":[{"@type":"WebPage","@id":"https:\/\/pressel-nike.de\/?page_id=386","url":"https:\/\/pressel-nike.de\/?page_id=386","name":"Humor & Lachen - Gisela Pressel Coaching &amp; Supervision","isPartOf":{"@id":"https:\/\/pressel-nike.de\/#website"},"primaryImageOfPage":{"@id":"https:\/\/pressel-nike.de\/?page_id=386#primaryimage"},"image":{"@id":"https:\/\/pressel-nike.de\/?page_id=386#primaryimage"},"thumbnailUrl":"https:\/\/pressel-nike.de\/wp-content\/uploads\/2020\/11\/NIKE.png","datePublished":"2021-07-31T15:22:52+00:00","dateModified":"2024-05-13T13:10:25+00:00","description":"Entdecken Sie Strategien f\u00fcr effektive Kommunikation und Zusammenarbeit, um gemeinsam Spitzenleistungen zu erreichen.","breadcrumb":{"@id":"https:\/\/pressel-nike.de\/?page_id=386#breadcrumb"},"inLanguage":"de","potentialAction":[{"@type":"ReadAction","target":["https:\/\/pressel-nike.de\/?page_id=386"]}]},{"@type":"ImageObject","inLanguage":"de","@id":"https:\/\/pressel-nike.de\/?page_id=386#primaryimage","url":"https:\/\/pressel-nike.de\/wp-content\/uploads\/2020\/11\/NIKE.png","contentUrl":"https:\/\/pressel-nike.de\/wp-content\/uploads\/2020\/11\/NIKE.png","width":57,"height":50,"caption":"N.I.K.E.-Institut f\u00fcr Kommunikation und Erwachsenenbildung"},{"@type":"BreadcrumbList","@id":"https:\/\/pressel-nike.de\/?page_id=386#breadcrumb","itemListElement":[{"@type":"ListItem","position":1,"name":"Startseite","item":"https:\/\/pressel-nike.de\/"},{"@type":"ListItem","position":2,"name":"Humor &#038; Lachen"}]},{"@type":"WebSite","@id":"https:\/\/pressel-nike.de\/#website","url":"https:\/\/pressel-nike.de\/","name":"Gisela Pressel Coaching &amp; Supervision","description":"N.I.K.E. - Neues Institut f\u00fcr Kommunikation und Erwachsenenbildung","potentialAction":[{"@type":"SearchAction","target":{"@type":"EntryPoint","urlTemplate":"https:\/\/pressel-nike.de\/?s={search_term_string}"},"query-input":"required name=search_term_string"}],"inLanguage":"de"}]}},"_links":{"self":[{"href":"https:\/\/pressel-nike.de\/index.php?rest_route=\/wp\/v2\/pages\/386","targetHints":{"allow":["GET"]}}],"collection":[{"href":"https:\/\/pressel-nike.de\/index.php?rest_route=\/wp\/v2\/pages"}],"about":[{"href":"https:\/\/pressel-nike.de\/index.php?rest_route=\/wp\/v2\/types\/page"}],"author":[{"embeddable":true,"href":"https:\/\/pressel-nike.de\/index.php?rest_route=\/wp\/v2\/users\/2"}],"replies":[{"embeddable":true,"href":"https:\/\/pressel-nike.de\/index.php?rest_route=%2Fwp%2Fv2%2Fcomments&post=386"}],"version-history":[{"count":7,"href":"https:\/\/pressel-nike.de\/index.php?rest_route=\/wp\/v2\/pages\/386\/revisions"}],"predecessor-version":[{"id":1298,"href":"https:\/\/pressel-nike.de\/index.php?rest_route=\/wp\/v2\/pages\/386\/revisions\/1298"}],"wp:featuredmedia":[{"embeddable":true,"href":"https:\/\/pressel-nike.de\/index.php?rest_route=\/wp\/v2\/media\/272"}],"wp:attachment":[{"href":"https:\/\/pressel-nike.de\/index.php?rest_route=%2Fwp%2Fv2%2Fmedia&parent=386"}],"curies":[{"name":"wp","href":"https:\/\/api.w.org\/{rel}","templated":true}]}}