{"id":460,"date":"2021-07-16T09:02:18","date_gmt":"2021-07-16T09:02:18","guid":{"rendered":"https:\/\/pressel-nike.de\/?page_id=460"},"modified":"2024-05-13T13:05:19","modified_gmt":"2024-05-13T13:05:19","slug":"annets-test","status":"publish","type":"page","link":"https:\/\/pressel-nike.de\/?page_id=460","title":{"rendered":"Energie &#038; Wohlbefinden f\u00f6rdern"},"content":{"rendered":"\n<blockquote class=\"wp-block-quote is-layout-flow wp-block-quote-is-layout-flow\"><p><strong>SALUTOGENESE <\/strong>\u2013 <strong>ALLES WAS DIE GESUNDHEIT F\u00d6RDERT<\/strong>!<\/p><\/blockquote>\n\n\n\n<p>In unserer schnelllebigen Zeit wird es f\u00fcr Menschen immer schwieriger mit Ihrer Energie optimal haus zuhalten. Studien zeigen auf, dass sich Erkrankungen dort h\u00e4ufen, wo Menschen nicht in der Lage sind, Ihren emotionalen und mentalen Bed\u00fcrfnissen nachzugehen. <\/p>\n\n\n\n<p>Ihre <strong>Bed\u00fcrfnisse und Ihr Lebensstil<\/strong> sind nicht nebens\u00e4chlich, sondern bedeutsame Gesundheitsfaktoren. <strong>Was kann Salutogenese?<\/strong> Unsere Lebensenergie, die unsere <strong>emotionale<\/strong>, <strong>k\u00f6rperliche <\/strong>und <strong>mentale <\/strong>Grundlage f\u00fcr unser Leben darstellt, gilt es zu st\u00e4rken oder sogar zu steigern. <\/p>\n\n\n\n<p><strong>Worin besteht nun der Nutze<\/strong>n f\u00fcr Sie? Die wichtigsten Gesundheitsziele wie Freude, Balance, Energie und Lebensqualit\u00e4t werden gesteigert. Sie probieren Neues aus und bringen so mehr Abwechslung in Ihren Alltag. Sie gestalten Ihr alltagstaugliches Konzept f\u00fcr ein vitales Leben. <\/p>\n\n\n\n<blockquote class=\"wp-block-quote is-layout-flow wp-block-quote-is-layout-flow\"><p>Ich selbst habe durch diesen Prozess enorm an Vitalit\u00e4t und Lebensfreude gewonnen und werde Sie gerne auf Ihrem pers\u00f6nlichen Weg mit meinen Erfahrungen \u2013 H\u00f6hen und Tiefen begleiten.<\/p><\/blockquote>\n\n\n\n<p class=\"has-white-color has-text-color has-background\" style=\"background-color:#b2a570\">Mehr dazu in meinem <a href=\"https:\/\/pressel-nike.de\/?page_id=917\">Blog<\/a><\/p>\n\n\n\n<p><br><canvas width=\"1245\" height=\"1755\"><\/p>\n","protected":false},"excerpt":{"rendered":"<p>SALUTOGENESE \u2013 ALLES WAS DIE GESUNDHEIT F\u00d6RDERT! In unserer schnelllebigen Zeit wird es f\u00fcr Menschen immer schwieriger mit Ihrer Energie optimal haus zuhalten. Studien zeigen auf, dass sich Erkrankungen dort &hellip; <a href=\"https:\/\/pressel-nike.de\/?page_id=460\" class=\"more-link\"><span class=\"screen-reader-text\">Energie &#038; Wohlbefinden f\u00f6rdern<\/span> weiterlesen<\/a><\/p>\n","protected":false},"author":2,"featured_media":272,"parent":0,"menu_order":0,"comment_status":"closed","ping_status":"closed","template":"","meta":{"footnotes":""},"class_list":["post-460","page","type-page","status-publish","has-post-thumbnail","hentry"],"yoast_head":"<!-- This site is optimized with the Yoast SEO plugin v22.6 - https:\/\/yoast.com\/wordpress\/plugins\/seo\/ -->\n<title>Energie &amp; Wohlbefinden f\u00f6rdern - Gisela Pressel Coaching &amp; Supervision<\/title>\n<meta name=\"description\" content=\"Steigern Sie Ihre Lebensqualit\u00e4t durch Salutogenese! Entdecken Sie, wie Sie Energie, Freude und Balance in Ihr Leben bringen und dauerhaft erhalten.\" \/>\n<meta name=\"robots\" content=\"index, follow, max-snippet:-1, max-image-preview:large, max-video-preview:-1\" \/>\n<link rel=\"canonical\" href=\"https:\/\/pressel-nike.de\/?page_id=460\" \/>\n<meta property=\"og:locale\" content=\"de_DE\" \/>\n<meta property=\"og:type\" content=\"article\" \/>\n<meta property=\"og:title\" content=\"Energie &amp; Wohlbefinden f\u00f6rdern - Gisela Pressel Coaching &amp; Supervision\" \/>\n<meta property=\"og:description\" content=\"Steigern Sie Ihre Lebensqualit\u00e4t durch Salutogenese! Entdecken Sie, wie Sie Energie, Freude und Balance in Ihr Leben bringen und dauerhaft erhalten.\" \/>\n<meta property=\"og:url\" content=\"https:\/\/pressel-nike.de\/?page_id=460\" \/>\n<meta property=\"og:site_name\" content=\"Gisela Pressel Coaching &amp; Supervision\" \/>\n<meta property=\"article:modified_time\" content=\"2024-05-13T13:05:19+00:00\" \/>\n<meta property=\"og:image\" content=\"https:\/\/pressel-nike.de\/wp-content\/uploads\/2020\/11\/NIKE.png\" \/>\n\t<meta property=\"og:image:width\" content=\"57\" \/>\n\t<meta property=\"og:image:height\" content=\"50\" \/>\n\t<meta property=\"og:image:type\" content=\"image\/png\" \/>\n<meta name=\"twitter:card\" content=\"summary_large_image\" \/>\n<meta name=\"twitter:label1\" content=\"Gesch\u00e4tzte Lesezeit\" \/>\n\t<meta name=\"twitter:data1\" content=\"1\u00a0Minute\" \/>\n<script type=\"application\/ld+json\" class=\"yoast-schema-graph\">{\"@context\":\"https:\/\/schema.org\",\"@graph\":[{\"@type\":\"WebPage\",\"@id\":\"https:\/\/pressel-nike.de\/?page_id=460\",\"url\":\"https:\/\/pressel-nike.de\/?page_id=460\",\"name\":\"Energie & Wohlbefinden f\u00f6rdern - Gisela Pressel Coaching &amp; Supervision\",\"isPartOf\":{\"@id\":\"https:\/\/pressel-nike.de\/#website\"},\"primaryImageOfPage\":{\"@id\":\"https:\/\/pressel-nike.de\/?page_id=460#primaryimage\"},\"image\":{\"@id\":\"https:\/\/pressel-nike.de\/?page_id=460#primaryimage\"},\"thumbnailUrl\":\"https:\/\/pressel-nike.de\/wp-content\/uploads\/2020\/11\/NIKE.png\",\"datePublished\":\"2021-07-16T09:02:18+00:00\",\"dateModified\":\"2024-05-13T13:05:19+00:00\",\"description\":\"Steigern Sie Ihre Lebensqualit\u00e4t durch Salutogenese! Entdecken Sie, wie Sie Energie, Freude und Balance in Ihr Leben bringen und dauerhaft erhalten.\",\"breadcrumb\":{\"@id\":\"https:\/\/pressel-nike.de\/?page_id=460#breadcrumb\"},\"inLanguage\":\"de\",\"potentialAction\":[{\"@type\":\"ReadAction\",\"target\":[\"https:\/\/pressel-nike.de\/?page_id=460\"]}]},{\"@type\":\"ImageObject\",\"inLanguage\":\"de\",\"@id\":\"https:\/\/pressel-nike.de\/?page_id=460#primaryimage\",\"url\":\"https:\/\/pressel-nike.de\/wp-content\/uploads\/2020\/11\/NIKE.png\",\"contentUrl\":\"https:\/\/pressel-nike.de\/wp-content\/uploads\/2020\/11\/NIKE.png\",\"width\":57,\"height\":50,\"caption\":\"N.I.K.E.-Institut f\u00fcr Kommunikation und Erwachsenenbildung\"},{\"@type\":\"BreadcrumbList\",\"@id\":\"https:\/\/pressel-nike.de\/?page_id=460#breadcrumb\",\"itemListElement\":[{\"@type\":\"ListItem\",\"position\":1,\"name\":\"Startseite\",\"item\":\"https:\/\/pressel-nike.de\/\"},{\"@type\":\"ListItem\",\"position\":2,\"name\":\"Energie &#038; Wohlbefinden f\u00f6rdern\"}]},{\"@type\":\"WebSite\",\"@id\":\"https:\/\/pressel-nike.de\/#website\",\"url\":\"https:\/\/pressel-nike.de\/\",\"name\":\"Gisela Pressel Coaching &amp; Supervision\",\"description\":\"N.I.K.E. - Neues Institut f\u00fcr Kommunikation und Erwachsenenbildung\",\"potentialAction\":[{\"@type\":\"SearchAction\",\"target\":{\"@type\":\"EntryPoint\",\"urlTemplate\":\"https:\/\/pressel-nike.de\/?s={search_term_string}\"},\"query-input\":\"required name=search_term_string\"}],\"inLanguage\":\"de\"}]}<\/script>\n<!-- \/ Yoast SEO plugin. -->","yoast_head_json":{"title":"Energie & Wohlbefinden f\u00f6rdern - Gisela Pressel Coaching &amp; Supervision","description":"Steigern Sie Ihre Lebensqualit\u00e4t durch Salutogenese! Entdecken Sie, wie Sie Energie, Freude und Balance in Ihr Leben bringen und dauerhaft erhalten.","robots":{"index":"index","follow":"follow","max-snippet":"max-snippet:-1","max-image-preview":"max-image-preview:large","max-video-preview":"max-video-preview:-1"},"canonical":"https:\/\/pressel-nike.de\/?page_id=460","og_locale":"de_DE","og_type":"article","og_title":"Energie & Wohlbefinden f\u00f6rdern - Gisela Pressel Coaching &amp; Supervision","og_description":"Steigern Sie Ihre Lebensqualit\u00e4t durch Salutogenese! Entdecken Sie, wie Sie Energie, Freude und Balance in Ihr Leben bringen und dauerhaft erhalten.","og_url":"https:\/\/pressel-nike.de\/?page_id=460","og_site_name":"Gisela Pressel Coaching &amp; Supervision","article_modified_time":"2024-05-13T13:05:19+00:00","og_image":[{"width":57,"height":50,"url":"https:\/\/pressel-nike.de\/wp-content\/uploads\/2020\/11\/NIKE.png","type":"image\/png"}],"twitter_card":"summary_large_image","twitter_misc":{"Gesch\u00e4tzte Lesezeit":"1\u00a0Minute"},"schema":{"@context":"https:\/\/schema.org","@graph":[{"@type":"WebPage","@id":"https:\/\/pressel-nike.de\/?page_id=460","url":"https:\/\/pressel-nike.de\/?page_id=460","name":"Energie & Wohlbefinden f\u00f6rdern - Gisela Pressel Coaching &amp; Supervision","isPartOf":{"@id":"https:\/\/pressel-nike.de\/#website"},"primaryImageOfPage":{"@id":"https:\/\/pressel-nike.de\/?page_id=460#primaryimage"},"image":{"@id":"https:\/\/pressel-nike.de\/?page_id=460#primaryimage"},"thumbnailUrl":"https:\/\/pressel-nike.de\/wp-content\/uploads\/2020\/11\/NIKE.png","datePublished":"2021-07-16T09:02:18+00:00","dateModified":"2024-05-13T13:05:19+00:00","description":"Steigern Sie Ihre Lebensqualit\u00e4t durch Salutogenese! Entdecken Sie, wie Sie Energie, Freude und Balance in Ihr Leben bringen und dauerhaft erhalten.","breadcrumb":{"@id":"https:\/\/pressel-nike.de\/?page_id=460#breadcrumb"},"inLanguage":"de","potentialAction":[{"@type":"ReadAction","target":["https:\/\/pressel-nike.de\/?page_id=460"]}]},{"@type":"ImageObject","inLanguage":"de","@id":"https:\/\/pressel-nike.de\/?page_id=460#primaryimage","url":"https:\/\/pressel-nike.de\/wp-content\/uploads\/2020\/11\/NIKE.png","contentUrl":"https:\/\/pressel-nike.de\/wp-content\/uploads\/2020\/11\/NIKE.png","width":57,"height":50,"caption":"N.I.K.E.-Institut f\u00fcr Kommunikation und Erwachsenenbildung"},{"@type":"BreadcrumbList","@id":"https:\/\/pressel-nike.de\/?page_id=460#breadcrumb","itemListElement":[{"@type":"ListItem","position":1,"name":"Startseite","item":"https:\/\/pressel-nike.de\/"},{"@type":"ListItem","position":2,"name":"Energie &#038; Wohlbefinden f\u00f6rdern"}]},{"@type":"WebSite","@id":"https:\/\/pressel-nike.de\/#website","url":"https:\/\/pressel-nike.de\/","name":"Gisela Pressel Coaching &amp; Supervision","description":"N.I.K.E. - Neues Institut f\u00fcr Kommunikation und Erwachsenenbildung","potentialAction":[{"@type":"SearchAction","target":{"@type":"EntryPoint","urlTemplate":"https:\/\/pressel-nike.de\/?s={search_term_string}"},"query-input":"required name=search_term_string"}],"inLanguage":"de"}]}},"_links":{"self":[{"href":"https:\/\/pressel-nike.de\/index.php?rest_route=\/wp\/v2\/pages\/460","targetHints":{"allow":["GET"]}}],"collection":[{"href":"https:\/\/pressel-nike.de\/index.php?rest_route=\/wp\/v2\/pages"}],"about":[{"href":"https:\/\/pressel-nike.de\/index.php?rest_route=\/wp\/v2\/types\/page"}],"author":[{"embeddable":true,"href":"https:\/\/pressel-nike.de\/index.php?rest_route=\/wp\/v2\/users\/2"}],"replies":[{"embeddable":true,"href":"https:\/\/pressel-nike.de\/index.php?rest_route=%2Fwp%2Fv2%2Fcomments&post=460"}],"version-history":[{"count":10,"href":"https:\/\/pressel-nike.de\/index.php?rest_route=\/wp\/v2\/pages\/460\/revisions"}],"predecessor-version":[{"id":1269,"href":"https:\/\/pressel-nike.de\/index.php?rest_route=\/wp\/v2\/pages\/460\/revisions\/1269"}],"wp:featuredmedia":[{"embeddable":true,"href":"https:\/\/pressel-nike.de\/index.php?rest_route=\/wp\/v2\/media\/272"}],"wp:attachment":[{"href":"https:\/\/pressel-nike.de\/index.php?rest_route=%2Fwp%2Fv2%2Fmedia&parent=460"}],"curies":[{"name":"wp","href":"https:\/\/api.w.org\/{rel}","templated":true}]}}