{"id":550,"date":"2021-07-31T15:35:29","date_gmt":"2021-07-31T15:35:29","guid":{"rendered":"https:\/\/pressel-nike.de\/?page_id=550"},"modified":"2022-02-02T20:53:54","modified_gmt":"2022-02-02T20:53:54","slug":"lebensmitte","status":"publish","type":"page","link":"https:\/\/pressel-nike.de\/?page_id=550","title":{"rendered":"Praxis &#038; Theorie verbinden"},"content":{"rendered":"\n<p><br>Mein theoretisches Verst\u00e4ndnis basiert auf der Idee des Konstruktivismus und der Systemtheorie. Daraus ergeben sich in meiner t\u00e4glichen Arbeit wichtige Konsequenzen f\u00fcrs Coaching und die Supervision: erstens die Toleranz f\u00fcr die Wirklichkeiten anderer und zweitens ein Gef\u00fchl der absoluten Verantwortlichkeit des Coach\u00e9es und Supervisand:innen. Denn wenn Sie davon ausgehen, dass Sie Ihre eigene Wirklichkeit herstellen, sind Sie f\u00fcr diese Wirklichkeit auch verantwortlich.<\/p>\n","protected":false},"excerpt":{"rendered":"<p>Mein theoretisches Verst\u00e4ndnis basiert auf der Idee des Konstruktivismus und der Systemtheorie. Daraus ergeben sich in meiner t\u00e4glichen Arbeit wichtige Konsequenzen f\u00fcrs Coaching und die Supervision: erstens die Toleranz f\u00fcr &hellip; <a href=\"https:\/\/pressel-nike.de\/?page_id=550\" class=\"more-link\"><span class=\"screen-reader-text\">Praxis &#038; Theorie verbinden<\/span> weiterlesen<\/a><\/p>\n","protected":false},"author":2,"featured_media":272,"parent":0,"menu_order":0,"comment_status":"closed","ping_status":"closed","template":"","meta":{"footnotes":""},"class_list":["post-550","page","type-page","status-publish","has-post-thumbnail","hentry"],"yoast_head":"<!-- This site is optimized with the Yoast SEO plugin v22.6 - https:\/\/yoast.com\/wordpress\/plugins\/seo\/ -->\n<title>Praxis &amp; Theorie verbinden - Gisela Pressel Coaching &amp; Supervision<\/title>\n<meta name=\"robots\" content=\"index, follow, max-snippet:-1, max-image-preview:large, max-video-preview:-1\" \/>\n<link rel=\"canonical\" href=\"https:\/\/pressel-nike.de\/?page_id=550\" \/>\n<meta property=\"og:locale\" content=\"de_DE\" \/>\n<meta property=\"og:type\" content=\"article\" \/>\n<meta property=\"og:title\" content=\"Praxis &amp; Theorie verbinden - Gisela Pressel Coaching &amp; Supervision\" \/>\n<meta property=\"og:description\" content=\"Mein theoretisches Verst\u00e4ndnis basiert auf der Idee des Konstruktivismus und der Systemtheorie. Daraus ergeben sich in meiner t\u00e4glichen Arbeit wichtige Konsequenzen f\u00fcrs Coaching und die Supervision: erstens die Toleranz f\u00fcr &hellip; Praxis &#038; Theorie verbinden weiterlesen\" \/>\n<meta property=\"og:url\" content=\"https:\/\/pressel-nike.de\/?page_id=550\" \/>\n<meta property=\"og:site_name\" content=\"Gisela Pressel Coaching &amp; Supervision\" \/>\n<meta property=\"article:modified_time\" content=\"2022-02-02T20:53:54+00:00\" \/>\n<meta property=\"og:image\" content=\"https:\/\/pressel-nike.de\/wp-content\/uploads\/2020\/11\/NIKE.png\" \/>\n\t<meta property=\"og:image:width\" content=\"57\" \/>\n\t<meta property=\"og:image:height\" content=\"50\" \/>\n\t<meta property=\"og:image:type\" content=\"image\/png\" \/>\n<meta name=\"twitter:card\" content=\"summary_large_image\" \/>\n<script type=\"application\/ld+json\" class=\"yoast-schema-graph\">{\"@context\":\"https:\/\/schema.org\",\"@graph\":[{\"@type\":\"WebPage\",\"@id\":\"https:\/\/pressel-nike.de\/?page_id=550\",\"url\":\"https:\/\/pressel-nike.de\/?page_id=550\",\"name\":\"Praxis & Theorie verbinden - Gisela Pressel Coaching &amp; Supervision\",\"isPartOf\":{\"@id\":\"https:\/\/pressel-nike.de\/#website\"},\"primaryImageOfPage\":{\"@id\":\"https:\/\/pressel-nike.de\/?page_id=550#primaryimage\"},\"image\":{\"@id\":\"https:\/\/pressel-nike.de\/?page_id=550#primaryimage\"},\"thumbnailUrl\":\"https:\/\/pressel-nike.de\/wp-content\/uploads\/2020\/11\/NIKE.png\",\"datePublished\":\"2021-07-31T15:35:29+00:00\",\"dateModified\":\"2022-02-02T20:53:54+00:00\",\"breadcrumb\":{\"@id\":\"https:\/\/pressel-nike.de\/?page_id=550#breadcrumb\"},\"inLanguage\":\"de\",\"potentialAction\":[{\"@type\":\"ReadAction\",\"target\":[\"https:\/\/pressel-nike.de\/?page_id=550\"]}]},{\"@type\":\"ImageObject\",\"inLanguage\":\"de\",\"@id\":\"https:\/\/pressel-nike.de\/?page_id=550#primaryimage\",\"url\":\"https:\/\/pressel-nike.de\/wp-content\/uploads\/2020\/11\/NIKE.png\",\"contentUrl\":\"https:\/\/pressel-nike.de\/wp-content\/uploads\/2020\/11\/NIKE.png\",\"width\":57,\"height\":50,\"caption\":\"N.I.K.E.-Institut f\u00fcr Kommunikation und Erwachsenenbildung\"},{\"@type\":\"BreadcrumbList\",\"@id\":\"https:\/\/pressel-nike.de\/?page_id=550#breadcrumb\",\"itemListElement\":[{\"@type\":\"ListItem\",\"position\":1,\"name\":\"Startseite\",\"item\":\"https:\/\/pressel-nike.de\/\"},{\"@type\":\"ListItem\",\"position\":2,\"name\":\"Praxis &#038; Theorie verbinden\"}]},{\"@type\":\"WebSite\",\"@id\":\"https:\/\/pressel-nike.de\/#website\",\"url\":\"https:\/\/pressel-nike.de\/\",\"name\":\"Gisela Pressel Coaching &amp; Supervision\",\"description\":\"N.I.K.E. - Neues Institut f\u00fcr Kommunikation und Erwachsenenbildung\",\"potentialAction\":[{\"@type\":\"SearchAction\",\"target\":{\"@type\":\"EntryPoint\",\"urlTemplate\":\"https:\/\/pressel-nike.de\/?s={search_term_string}\"},\"query-input\":\"required name=search_term_string\"}],\"inLanguage\":\"de\"}]}<\/script>\n<!-- \/ Yoast SEO plugin. -->","yoast_head_json":{"title":"Praxis & Theorie verbinden - Gisela Pressel Coaching &amp; Supervision","robots":{"index":"index","follow":"follow","max-snippet":"max-snippet:-1","max-image-preview":"max-image-preview:large","max-video-preview":"max-video-preview:-1"},"canonical":"https:\/\/pressel-nike.de\/?page_id=550","og_locale":"de_DE","og_type":"article","og_title":"Praxis & Theorie verbinden - Gisela Pressel Coaching &amp; Supervision","og_description":"Mein theoretisches Verst\u00e4ndnis basiert auf der Idee des Konstruktivismus und der Systemtheorie. Daraus ergeben sich in meiner t\u00e4glichen Arbeit wichtige Konsequenzen f\u00fcrs Coaching und die Supervision: erstens die Toleranz f\u00fcr &hellip; Praxis &#038; Theorie verbinden weiterlesen","og_url":"https:\/\/pressel-nike.de\/?page_id=550","og_site_name":"Gisela Pressel Coaching &amp; Supervision","article_modified_time":"2022-02-02T20:53:54+00:00","og_image":[{"width":57,"height":50,"url":"https:\/\/pressel-nike.de\/wp-content\/uploads\/2020\/11\/NIKE.png","type":"image\/png"}],"twitter_card":"summary_large_image","schema":{"@context":"https:\/\/schema.org","@graph":[{"@type":"WebPage","@id":"https:\/\/pressel-nike.de\/?page_id=550","url":"https:\/\/pressel-nike.de\/?page_id=550","name":"Praxis & Theorie verbinden - Gisela Pressel Coaching &amp; Supervision","isPartOf":{"@id":"https:\/\/pressel-nike.de\/#website"},"primaryImageOfPage":{"@id":"https:\/\/pressel-nike.de\/?page_id=550#primaryimage"},"image":{"@id":"https:\/\/pressel-nike.de\/?page_id=550#primaryimage"},"thumbnailUrl":"https:\/\/pressel-nike.de\/wp-content\/uploads\/2020\/11\/NIKE.png","datePublished":"2021-07-31T15:35:29+00:00","dateModified":"2022-02-02T20:53:54+00:00","breadcrumb":{"@id":"https:\/\/pressel-nike.de\/?page_id=550#breadcrumb"},"inLanguage":"de","potentialAction":[{"@type":"ReadAction","target":["https:\/\/pressel-nike.de\/?page_id=550"]}]},{"@type":"ImageObject","inLanguage":"de","@id":"https:\/\/pressel-nike.de\/?page_id=550#primaryimage","url":"https:\/\/pressel-nike.de\/wp-content\/uploads\/2020\/11\/NIKE.png","contentUrl":"https:\/\/pressel-nike.de\/wp-content\/uploads\/2020\/11\/NIKE.png","width":57,"height":50,"caption":"N.I.K.E.-Institut f\u00fcr Kommunikation und Erwachsenenbildung"},{"@type":"BreadcrumbList","@id":"https:\/\/pressel-nike.de\/?page_id=550#breadcrumb","itemListElement":[{"@type":"ListItem","position":1,"name":"Startseite","item":"https:\/\/pressel-nike.de\/"},{"@type":"ListItem","position":2,"name":"Praxis &#038; Theorie verbinden"}]},{"@type":"WebSite","@id":"https:\/\/pressel-nike.de\/#website","url":"https:\/\/pressel-nike.de\/","name":"Gisela Pressel Coaching &amp; Supervision","description":"N.I.K.E. - Neues Institut f\u00fcr Kommunikation und Erwachsenenbildung","potentialAction":[{"@type":"SearchAction","target":{"@type":"EntryPoint","urlTemplate":"https:\/\/pressel-nike.de\/?s={search_term_string}"},"query-input":"required name=search_term_string"}],"inLanguage":"de"}]}},"_links":{"self":[{"href":"https:\/\/pressel-nike.de\/index.php?rest_route=\/wp\/v2\/pages\/550","targetHints":{"allow":["GET"]}}],"collection":[{"href":"https:\/\/pressel-nike.de\/index.php?rest_route=\/wp\/v2\/pages"}],"about":[{"href":"https:\/\/pressel-nike.de\/index.php?rest_route=\/wp\/v2\/types\/page"}],"author":[{"embeddable":true,"href":"https:\/\/pressel-nike.de\/index.php?rest_route=\/wp\/v2\/users\/2"}],"replies":[{"embeddable":true,"href":"https:\/\/pressel-nike.de\/index.php?rest_route=%2Fwp%2Fv2%2Fcomments&post=550"}],"version-history":[{"count":2,"href":"https:\/\/pressel-nike.de\/index.php?rest_route=\/wp\/v2\/pages\/550\/revisions"}],"predecessor-version":[{"id":1265,"href":"https:\/\/pressel-nike.de\/index.php?rest_route=\/wp\/v2\/pages\/550\/revisions\/1265"}],"wp:featuredmedia":[{"embeddable":true,"href":"https:\/\/pressel-nike.de\/index.php?rest_route=\/wp\/v2\/media\/272"}],"wp:attachment":[{"href":"https:\/\/pressel-nike.de\/index.php?rest_route=%2Fwp%2Fv2%2Fmedia&parent=550"}],"curies":[{"name":"wp","href":"https:\/\/api.w.org\/{rel}","templated":true}]}}