{"id":599,"date":"2021-08-01T10:06:44","date_gmt":"2021-08-01T10:06:44","guid":{"rendered":"https:\/\/pressel-nike.de\/?page_id=599"},"modified":"2024-05-13T12:53:18","modified_gmt":"2024-05-13T12:53:18","slug":"willkommen-auf-https-pressel-nike-de-2","status":"publish","type":"page","link":"https:\/\/pressel-nike.de\/","title":{"rendered":"Coachin und Supervisorin Gisela Pressel"},"content":{"rendered":"\n<p class=\"has-text-align-center has-text-color has-large-font-size\" style=\"color:#b2a570\">Willkommen, ich lade Sie ein, neue Wege zu gehen. Wechseln Sie den Blick. Entdecken Sie neue Perspektiven!<\/p>\n\n\n<div class=\"wp-block-image\">\n<figure class=\"aligncenter\"><img loading=\"lazy\" decoding=\"async\" width=\"431\" height=\"433\" src=\"https:\/\/pressel-nike.de\/wp-content\/uploads\/2021\/10\/Pressel_Cover_Fotos-2.png\" alt=\"\" class=\"wp-image-860\" srcset=\"https:\/\/pressel-nike.de\/wp-content\/uploads\/2021\/10\/Pressel_Cover_Fotos-2.png 431w, https:\/\/pressel-nike.de\/wp-content\/uploads\/2021\/10\/Pressel_Cover_Fotos-2-300x300.png 300w, https:\/\/pressel-nike.de\/wp-content\/uploads\/2021\/10\/Pressel_Cover_Fotos-2-150x150.png 150w\" sizes=\"auto, (max-width: 431px) 100vw, 431px\" \/><figcaption class=\"wp-element-caption\">Dipl.-P\u00e4d. Gisela Pressel<\/figcaption><\/figure>\n<\/div>\n\n\n<h4>Als Coachin und Supervisorin bin ich Ihre ganz pers\u00f6nliche Gespr\u00e4chspartnerin!<\/h4>\n\n\n\n<p>Im Verlaufe meiner Arbeit als Coachin und Supervisorin bin ich immer wieder davon fasziniert, dass eine scheinbar einfache<br>Herangehensweise lange bestehende und sich verfestigte<br>Problemknoten zu l\u00f6sen vermag.<br>\u201eBlickwechsel\u201c ist mein Schl\u00fcsselbegriff!<\/p>\n\n\n\n<p>Die gleichen Dinge mal aus einer anderen Sicht betrachten, eine<br>andere Perspektive als die lange praktizierte einnehmen, gewohnte<br>Sichtweisen infrage stellen &#8230; einfach gesagt: den Blick wechseln.<br>Jenseits des theoretischen und methodischen Handwerkzeugs,<br>welches f\u00fcr eine professionelle Arbeit erforderlich ist, gibt es die<br>eine oder andere Herangehensweise oder Arbeitsweise, die sich aus<br>der langj\u00e4hrigen Erfahrung und eigenen Grund- und<br>Wertehaltungen entwickelt hat und welche ich Ihnen gerne hier auf<br>meiner Webseite oder gerne auch im pers\u00f6nlichen Gespr\u00e4ch (bzw.<br>in der Supervision oder im Coaching) vorstellen m\u00f6chte.<br>Das Ganze im Blick behalten ist mein Credo!<\/p>\n\n\n\n<h4>Was Sie davon haben?<\/h4>\n\n\n\n<p class=\"has-text-color has-medium-font-size\" style=\"color:#b2a570\">Antworten, Impulse, L\u00f6sungen, Wegweiser, Wissen, Verstehen! Coaching und Supervision er\u00f6ffnen neues Wissen \u00fcber sich und andere, \u00fcber Arbeitsprozesse, Gruppen und Organisationen.<br><\/p>\n\n\n\n<p class=\"has-white-color has-text-color has-background\" style=\"background-color:#b2a570\"><\/p>\n\n\n\n<blockquote class=\"wp-block-quote is-layout-flow wp-block-quote-is-layout-flow\">\n<p>Mein Podcast &#8220; Blickwechsel mit Gisela Pressel&#8220;: <a href=\"https:\/\/anchor.fm\/Blickwechsel\">https:\/\/anchor.fm\/Blickwechsel<\/a><\/p>\n<\/blockquote>\n\n\n\n<figure class=\"wp-block-embed alignleft is-type-wp-embed is-provider-gisela-pressel-coaching-amp-supervision wp-block-embed-gisela-pressel-coaching-amp-supervision\"><div class=\"wp-block-embed__wrapper\">\n<blockquote class=\"wp-embedded-content\" data-secret=\"b4nJ0LdLnl\"><a href=\"https:\/\/pressel-nike.de\/?page_id=917\">Mein Blog<\/a><\/blockquote><iframe loading=\"lazy\" class=\"wp-embedded-content\" sandbox=\"allow-scripts\" security=\"restricted\" style=\"position: absolute; clip: rect(1px, 1px, 1px, 1px);\" title=\"&#8222;Mein Blog&#8220; &#8212; Gisela Pressel   Coaching &amp; Supervision\" src=\"https:\/\/pressel-nike.de\/?page_id=917&#038;embed=true#?secret=HpstT1cONa#?secret=b4nJ0LdLnl\" data-secret=\"b4nJ0LdLnl\" width=\"600\" height=\"338\" frameborder=\"0\" marginwidth=\"0\" marginheight=\"0\" scrolling=\"no\"><\/iframe>\n<\/div><\/figure>\n\n\n\n<ul class=\"wp-block-social-links has-large-icon-size is-style-default is-layout-flex wp-block-social-links-is-layout-flex\"><li class=\"wp-social-link wp-social-link-wordpress  wp-block-social-link\"><a href=\"https:\/\/pressel-nike.de\/?page_id=917\" class=\"wp-block-social-link-anchor\"><svg width=\"24\" height=\"24\" viewBox=\"0 0 24 24\" version=\"1.1\" xmlns=\"http:\/\/www.w3.org\/2000\/svg\" aria-hidden=\"true\" focusable=\"false\"><path d=\"M12.158,12.786L9.46,20.625c0.806,0.237,1.657,0.366,2.54,0.366c1.047,0,2.051-0.181,2.986-0.51 c-0.024-0.038-0.046-0.079-0.065-0.124L12.158,12.786z M3.009,12c0,3.559,2.068,6.634,5.067,8.092L3.788,8.341 C3.289,9.459,3.009,10.696,3.009,12z M18.069,11.546c0-1.112-0.399-1.881-0.741-2.48c-0.456-0.741-0.883-1.368-0.883-2.109 c0-0.826,0.627-1.596,1.51-1.596c0.04,0,0.078,0.005,0.116,0.007C16.472,3.904,14.34,3.009,12,3.009 c-3.141,0-5.904,1.612-7.512,4.052c0.211,0.007,0.41,0.011,0.579,0.011c0.94,0,2.396-0.114,2.396-0.114 C7.947,6.93,8.004,7.642,7.52,7.699c0,0-0.487,0.057-1.029,0.085l3.274,9.739l1.968-5.901l-1.401-3.838 C9.848,7.756,9.389,7.699,9.389,7.699C8.904,7.67,8.961,6.93,9.446,6.958c0,0,1.484,0.114,2.368,0.114 c0.94,0,2.397-0.114,2.397-0.114c0.485-0.028,0.542,0.684,0.057,0.741c0,0-0.488,0.057-1.029,0.085l3.249,9.665l0.897-2.996 C17.841,13.284,18.069,12.316,18.069,11.546z M19.889,7.686c0.039,0.286,0.06,0.593,0.06,0.924c0,0.912-0.171,1.938-0.684,3.22 l-2.746,7.94c2.673-1.558,4.47-4.454,4.47-7.771C20.991,10.436,20.591,8.967,19.889,7.686z M12,22C6.486,22,2,17.514,2,12 C2,6.486,6.486,2,12,2c5.514,0,10,4.486,10,10C22,17.514,17.514,22,12,22z\"><\/path><\/svg><span class=\"wp-block-social-link-label screen-reader-text\">WordPress<\/span><\/a><\/li>\n\n<li class=\"wp-social-link wp-social-link-spotify  wp-block-social-link\"><a href=\"https:\/\/anchor.fm\/Blickwechsel\" class=\"wp-block-social-link-anchor\"><svg width=\"24\" height=\"24\" viewBox=\"0 0 24 24\" version=\"1.1\" xmlns=\"http:\/\/www.w3.org\/2000\/svg\" aria-hidden=\"true\" focusable=\"false\"><path d=\"M12,2C6.477,2,2,6.477,2,12c0,5.523,4.477,10,10,10c5.523,0,10-4.477,10-10C22,6.477,17.523,2,12,2 M16.586,16.424 c-0.18,0.295-0.563,0.387-0.857,0.207c-2.348-1.435-5.304-1.76-8.785-0.964c-0.335,0.077-0.67-0.133-0.746-0.469 c-0.077-0.335,0.132-0.67,0.469-0.746c3.809-0.871,7.077-0.496,9.713,1.115C16.673,15.746,16.766,16.13,16.586,16.424 M17.81,13.7 c-0.226,0.367-0.706,0.482-1.072,0.257c-2.687-1.652-6.785-2.131-9.965-1.166C6.36,12.917,5.925,12.684,5.8,12.273 C5.675,11.86,5.908,11.425,6.32,11.3c3.632-1.102,8.147-0.568,11.234,1.328C17.92,12.854,18.035,13.335,17.81,13.7 M17.915,10.865 c-3.223-1.914-8.54-2.09-11.618-1.156C5.804,9.859,5.281,9.58,5.131,9.086C4.982,8.591,5.26,8.069,5.755,7.919 c3.532-1.072,9.404-0.865,13.115,1.338c0.445,0.264,0.59,0.838,0.327,1.282C18.933,10.983,18.359,11.129,17.915,10.865\"><\/path><\/svg><span class=\"wp-block-social-link-label screen-reader-text\">Spotify<\/span><\/a><\/li>\n\n<li class=\"wp-social-link wp-social-link-linkedin  wp-block-social-link\"><a href=\"https:\/\/de.linkedin.com\/in\/gisela-pressel-1057916a?trk=people-guest_people_search-card\" class=\"wp-block-social-link-anchor\"><svg width=\"24\" height=\"24\" viewBox=\"0 0 24 24\" version=\"1.1\" xmlns=\"http:\/\/www.w3.org\/2000\/svg\" aria-hidden=\"true\" focusable=\"false\"><path d=\"M19.7,3H4.3C3.582,3,3,3.582,3,4.3v15.4C3,20.418,3.582,21,4.3,21h15.4c0.718,0,1.3-0.582,1.3-1.3V4.3 C21,3.582,20.418,3,19.7,3z M8.339,18.338H5.667v-8.59h2.672V18.338z M7.004,8.574c-0.857,0-1.549-0.694-1.549-1.548 c0-0.855,0.691-1.548,1.549-1.548c0.854,0,1.547,0.694,1.547,1.548C8.551,7.881,7.858,8.574,7.004,8.574z M18.339,18.338h-2.669 v-4.177c0-0.996-0.017-2.278-1.387-2.278c-1.389,0-1.601,1.086-1.601,2.206v4.249h-2.667v-8.59h2.559v1.174h0.037 c0.356-0.675,1.227-1.387,2.526-1.387c2.703,0,3.203,1.779,3.203,4.092V18.338z\"><\/path><\/svg><span class=\"wp-block-social-link-label screen-reader-text\">LinkedIn<\/span><\/a><\/li>\n\n\n\n<li class=\"wp-social-link wp-social-link-mail  wp-block-social-link\"><a href=\"https:\/\/pressel-nike.de\/?page_id=140\" class=\"wp-block-social-link-anchor\"><svg width=\"24\" height=\"24\" viewBox=\"0 0 24 24\" version=\"1.1\" xmlns=\"http:\/\/www.w3.org\/2000\/svg\" aria-hidden=\"true\" focusable=\"false\"><path d=\"M19,5H5c-1.1,0-2,.9-2,2v10c0,1.1.9,2,2,2h14c1.1,0,2-.9,2-2V7c0-1.1-.9-2-2-2zm.5,12c0,.3-.2.5-.5.5H5c-.3,0-.5-.2-.5-.5V9.8l7.5,5.6,7.5-5.6V17zm0-9.1L12,13.6,4.5,7.9V7c0-.3.2-.5.5-.5h14c.3,0,.5.2.5.5v.9z\"><\/path><\/svg><span class=\"wp-block-social-link-label screen-reader-text\">E-Mail<\/span><\/a><\/li><\/ul>\n\n\n\n<div class=\"wp-block-buttons is-horizontal is-content-justification-center is-layout-flex wp-container-core-buttons-is-layout-499968f5 wp-block-buttons-is-layout-flex\"><\/div>\n\n\n\n<p><\/p>\n","protected":false},"excerpt":{"rendered":"<p>Willkommen, ich lade Sie ein, neue Wege zu gehen. Wechseln Sie den Blick. Entdecken Sie neue Perspektiven! Als Coachin und Supervisorin bin ich Ihre ganz pers\u00f6nliche Gespr\u00e4chspartnerin! Im Verlaufe meiner &hellip; <a href=\"https:\/\/pressel-nike.de\/\" class=\"more-link\"><span class=\"screen-reader-text\">Coachin und Supervisorin Gisela Pressel<\/span> weiterlesen<\/a><\/p>\n","protected":false},"author":2,"featured_media":272,"parent":0,"menu_order":0,"comment_status":"closed","ping_status":"open","template":"","meta":{"footnotes":""},"class_list":["post-599","page","type-page","status-publish","has-post-thumbnail","hentry"],"yoast_head":"<!-- This site is optimized with the Yoast SEO plugin v22.6 - https:\/\/yoast.com\/wordpress\/plugins\/seo\/ -->\n<title>Coachin und Supervisorin Gisela Pressel - Gisela Pressel Coaching &amp; Supervision<\/title>\n<meta name=\"description\" content=\"Entdecken Sie mit Gisela Pressel, wie &#039;Blickwechsel&#039; in Coaching und Supervision verfestigte Probleme l\u00f6sen kann. Neue Perspektiven warten!\" \/>\n<meta name=\"robots\" content=\"index, follow, max-snippet:-1, max-image-preview:large, max-video-preview:-1\" \/>\n<link rel=\"canonical\" href=\"https:\/\/pressel-nike.de\/\" \/>\n<meta property=\"og:locale\" content=\"de_DE\" \/>\n<meta property=\"og:type\" content=\"article\" \/>\n<meta property=\"og:title\" content=\"Coachin und Supervisorin Gisela Pressel - Gisela Pressel Coaching &amp; Supervision\" \/>\n<meta property=\"og:description\" content=\"Entdecken Sie mit Gisela Pressel, wie &#039;Blickwechsel&#039; in Coaching und Supervision verfestigte Probleme l\u00f6sen kann. Neue Perspektiven warten!\" \/>\n<meta property=\"og:url\" content=\"https:\/\/pressel-nike.de\/\" \/>\n<meta property=\"og:site_name\" content=\"Gisela Pressel Coaching &amp; Supervision\" \/>\n<meta property=\"article:modified_time\" content=\"2024-05-13T12:53:18+00:00\" \/>\n<meta property=\"og:image\" content=\"https:\/\/pressel-nike.de\/wp-content\/uploads\/2020\/11\/NIKE.png\" \/>\n\t<meta property=\"og:image:width\" content=\"57\" \/>\n\t<meta property=\"og:image:height\" content=\"50\" \/>\n\t<meta property=\"og:image:type\" content=\"image\/png\" \/>\n<meta name=\"twitter:card\" content=\"summary_large_image\" \/>\n<meta name=\"twitter:label1\" content=\"Gesch\u00e4tzte Lesezeit\" \/>\n\t<meta name=\"twitter:data1\" content=\"2\u00a0Minuten\" \/>\n<script type=\"application\/ld+json\" class=\"yoast-schema-graph\">{\"@context\":\"https:\/\/schema.org\",\"@graph\":[{\"@type\":\"WebPage\",\"@id\":\"https:\/\/pressel-nike.de\/\",\"url\":\"https:\/\/pressel-nike.de\/\",\"name\":\"Coachin und Supervisorin Gisela Pressel - Gisela Pressel Coaching &amp; Supervision\",\"isPartOf\":{\"@id\":\"https:\/\/pressel-nike.de\/#website\"},\"primaryImageOfPage\":{\"@id\":\"https:\/\/pressel-nike.de\/#primaryimage\"},\"image\":{\"@id\":\"https:\/\/pressel-nike.de\/#primaryimage\"},\"thumbnailUrl\":\"https:\/\/pressel-nike.de\/wp-content\/uploads\/2020\/11\/NIKE.png\",\"datePublished\":\"2021-08-01T10:06:44+00:00\",\"dateModified\":\"2024-05-13T12:53:18+00:00\",\"description\":\"Entdecken Sie mit Gisela Pressel, wie 'Blickwechsel' in Coaching und Supervision verfestigte Probleme l\u00f6sen kann. Neue Perspektiven warten!\",\"breadcrumb\":{\"@id\":\"https:\/\/pressel-nike.de\/#breadcrumb\"},\"inLanguage\":\"de\",\"potentialAction\":[{\"@type\":\"ReadAction\",\"target\":[\"https:\/\/pressel-nike.de\/\"]}]},{\"@type\":\"ImageObject\",\"inLanguage\":\"de\",\"@id\":\"https:\/\/pressel-nike.de\/#primaryimage\",\"url\":\"https:\/\/pressel-nike.de\/wp-content\/uploads\/2020\/11\/NIKE.png\",\"contentUrl\":\"https:\/\/pressel-nike.de\/wp-content\/uploads\/2020\/11\/NIKE.png\",\"width\":57,\"height\":50,\"caption\":\"N.I.K.E.-Institut f\u00fcr Kommunikation und Erwachsenenbildung\"},{\"@type\":\"BreadcrumbList\",\"@id\":\"https:\/\/pressel-nike.de\/#breadcrumb\",\"itemListElement\":[{\"@type\":\"ListItem\",\"position\":1,\"name\":\"Startseite\",\"item\":\"https:\/\/pressel-nike.de\/\"},{\"@type\":\"ListItem\",\"position\":2,\"name\":\"Coachin und Supervisorin Gisela Pressel\"}]},{\"@type\":\"WebSite\",\"@id\":\"https:\/\/pressel-nike.de\/#website\",\"url\":\"https:\/\/pressel-nike.de\/\",\"name\":\"Gisela Pressel Coaching &amp; Supervision\",\"description\":\"N.I.K.E. - Neues Institut f\u00fcr Kommunikation und Erwachsenenbildung\",\"potentialAction\":[{\"@type\":\"SearchAction\",\"target\":{\"@type\":\"EntryPoint\",\"urlTemplate\":\"https:\/\/pressel-nike.de\/?s={search_term_string}\"},\"query-input\":\"required name=search_term_string\"}],\"inLanguage\":\"de\"}]}<\/script>\n<!-- \/ Yoast SEO plugin. -->","yoast_head_json":{"title":"Coachin und Supervisorin Gisela Pressel - Gisela Pressel Coaching &amp; Supervision","description":"Entdecken Sie mit Gisela Pressel, wie 'Blickwechsel' in Coaching und Supervision verfestigte Probleme l\u00f6sen kann. Neue Perspektiven warten!","robots":{"index":"index","follow":"follow","max-snippet":"max-snippet:-1","max-image-preview":"max-image-preview:large","max-video-preview":"max-video-preview:-1"},"canonical":"https:\/\/pressel-nike.de\/","og_locale":"de_DE","og_type":"article","og_title":"Coachin und Supervisorin Gisela Pressel - Gisela Pressel Coaching &amp; Supervision","og_description":"Entdecken Sie mit Gisela Pressel, wie 'Blickwechsel' in Coaching und Supervision verfestigte Probleme l\u00f6sen kann. Neue Perspektiven warten!","og_url":"https:\/\/pressel-nike.de\/","og_site_name":"Gisela Pressel Coaching &amp; Supervision","article_modified_time":"2024-05-13T12:53:18+00:00","og_image":[{"width":57,"height":50,"url":"https:\/\/pressel-nike.de\/wp-content\/uploads\/2020\/11\/NIKE.png","type":"image\/png"}],"twitter_card":"summary_large_image","twitter_misc":{"Gesch\u00e4tzte Lesezeit":"2\u00a0Minuten"},"schema":{"@context":"https:\/\/schema.org","@graph":[{"@type":"WebPage","@id":"https:\/\/pressel-nike.de\/","url":"https:\/\/pressel-nike.de\/","name":"Coachin und Supervisorin Gisela Pressel - Gisela Pressel Coaching &amp; Supervision","isPartOf":{"@id":"https:\/\/pressel-nike.de\/#website"},"primaryImageOfPage":{"@id":"https:\/\/pressel-nike.de\/#primaryimage"},"image":{"@id":"https:\/\/pressel-nike.de\/#primaryimage"},"thumbnailUrl":"https:\/\/pressel-nike.de\/wp-content\/uploads\/2020\/11\/NIKE.png","datePublished":"2021-08-01T10:06:44+00:00","dateModified":"2024-05-13T12:53:18+00:00","description":"Entdecken Sie mit Gisela Pressel, wie 'Blickwechsel' in Coaching und Supervision verfestigte Probleme l\u00f6sen kann. Neue Perspektiven warten!","breadcrumb":{"@id":"https:\/\/pressel-nike.de\/#breadcrumb"},"inLanguage":"de","potentialAction":[{"@type":"ReadAction","target":["https:\/\/pressel-nike.de\/"]}]},{"@type":"ImageObject","inLanguage":"de","@id":"https:\/\/pressel-nike.de\/#primaryimage","url":"https:\/\/pressel-nike.de\/wp-content\/uploads\/2020\/11\/NIKE.png","contentUrl":"https:\/\/pressel-nike.de\/wp-content\/uploads\/2020\/11\/NIKE.png","width":57,"height":50,"caption":"N.I.K.E.-Institut f\u00fcr Kommunikation und Erwachsenenbildung"},{"@type":"BreadcrumbList","@id":"https:\/\/pressel-nike.de\/#breadcrumb","itemListElement":[{"@type":"ListItem","position":1,"name":"Startseite","item":"https:\/\/pressel-nike.de\/"},{"@type":"ListItem","position":2,"name":"Coachin und Supervisorin Gisela Pressel"}]},{"@type":"WebSite","@id":"https:\/\/pressel-nike.de\/#website","url":"https:\/\/pressel-nike.de\/","name":"Gisela Pressel Coaching &amp; Supervision","description":"N.I.K.E. - Neues Institut f\u00fcr Kommunikation und Erwachsenenbildung","potentialAction":[{"@type":"SearchAction","target":{"@type":"EntryPoint","urlTemplate":"https:\/\/pressel-nike.de\/?s={search_term_string}"},"query-input":"required name=search_term_string"}],"inLanguage":"de"}]}},"_links":{"self":[{"href":"https:\/\/pressel-nike.de\/index.php?rest_route=\/wp\/v2\/pages\/599","targetHints":{"allow":["GET"]}}],"collection":[{"href":"https:\/\/pressel-nike.de\/index.php?rest_route=\/wp\/v2\/pages"}],"about":[{"href":"https:\/\/pressel-nike.de\/index.php?rest_route=\/wp\/v2\/types\/page"}],"author":[{"embeddable":true,"href":"https:\/\/pressel-nike.de\/index.php?rest_route=\/wp\/v2\/users\/2"}],"replies":[{"embeddable":true,"href":"https:\/\/pressel-nike.de\/index.php?rest_route=%2Fwp%2Fv2%2Fcomments&post=599"}],"version-history":[{"count":62,"href":"https:\/\/pressel-nike.de\/index.php?rest_route=\/wp\/v2\/pages\/599\/revisions"}],"predecessor-version":[{"id":1443,"href":"https:\/\/pressel-nike.de\/index.php?rest_route=\/wp\/v2\/pages\/599\/revisions\/1443"}],"wp:featuredmedia":[{"embeddable":true,"href":"https:\/\/pressel-nike.de\/index.php?rest_route=\/wp\/v2\/media\/272"}],"wp:attachment":[{"href":"https:\/\/pressel-nike.de\/index.php?rest_route=%2Fwp%2Fv2%2Fmedia&parent=599"}],"curies":[{"name":"wp","href":"https:\/\/api.w.org\/{rel}","templated":true}]}}