{"id":669,"date":"2021-08-10T10:23:55","date_gmt":"2021-08-10T10:23:55","guid":{"rendered":"https:\/\/pressel-nike.de\/?page_id=669"},"modified":"2022-02-03T13:56:39","modified_gmt":"2022-02-03T13:56:39","slug":"was-kanns-bringen","status":"publish","type":"page","link":"https:\/\/pressel-nike.de\/?page_id=669","title":{"rendered":"Was bringt&#8217;s?"},"content":{"rendered":"\n<p>Coaching und Supervision sind eine Lern- und Entwicklungsbegleitung auf Zeit, in der Komplexit\u00e4t verarbeitet, Muster erkannt, das eigene Profil entwickelt und Spannungen abgebaut werden k\u00f6nnen.<\/p>\n\n\n\n<p style=\"font-size:23px\"><strong>BLICKWECHSEL<\/strong><\/p>\n\n\n\n<p>Coaching und Supervision er\u00f6ffnen neue Perspektiven auf \u201ealte\u201c Probleme und erm\u00f6glicht dadurch Antworten, Impulse, L\u00f6sungen, Wegweiser, Wissen, Verstehen!<\/p>\n\n\n\n<ul class=\"wp-block-list\"><li>Chancen und St\u00e4rken nutzen!<\/li><li>Offenheit f\u00fcr neue Wege!<\/li><li>F\u00e4higkeiten und Ressourcen weiterentwickeln!<\/li><li>Wahrnehmung erweitern!<\/li><li>Checken Ihrer Arbeitszufriedenheit!<\/li><li>Handhabungen und Entscheidungen werden klarer!<\/li><li>Identifikation mit der eigenen Position!<\/li><li>Rollenklarheit!<\/li><li>Neue Ziele und Perspektiven suchen und finden!<\/li><li>Gehen neuer Wege!<\/li><li>World-Life-Balance erarbeiten!<\/li><\/ul>\n\n\n\n<p>Auch hier nehmen wir das Ganze in den Blick \u2013 Ihre Pers\u00f6nlichkeit mit Ihren Interessen und Potenzialen, mit Ihrer Geschichte und Ihrem Umfeld. Den Grad der Vertiefung auf diese pers\u00f6nlichkeits-orientierten Aspekte entscheiden wir in der Beratung &#8211; gemeinsam.<\/p>\n\n\n\n<p class=\"has-white-color has-text-color has-background\" style=\"background-color:#b2a87e\"><strong>Ein erstes Vorgespr\u00e4ch zur Beratung ist bei mir immer kostenfrei und entweder telefonisch, pers\u00f6nlich oder online m\u00f6glich. <\/strong><\/p>\n\n\n\n<p><\/p>\n","protected":false},"excerpt":{"rendered":"<p>Coaching und Supervision sind eine Lern- und Entwicklungsbegleitung auf Zeit, in der Komplexit\u00e4t verarbeitet, Muster erkannt, das eigene Profil entwickelt und Spannungen abgebaut werden k\u00f6nnen. BLICKWECHSEL Coaching und Supervision er\u00f6ffnen &hellip; <a href=\"https:\/\/pressel-nike.de\/?page_id=669\" class=\"more-link\"><span class=\"screen-reader-text\">Was bringt&#8217;s?<\/span> weiterlesen<\/a><\/p>\n","protected":false},"author":2,"featured_media":0,"parent":0,"menu_order":0,"comment_status":"closed","ping_status":"closed","template":"","meta":{"footnotes":""},"class_list":["post-669","page","type-page","status-publish","hentry"],"yoast_head":"<!-- This site is optimized with the Yoast SEO plugin v22.6 - https:\/\/yoast.com\/wordpress\/plugins\/seo\/ -->\n<title>Was bringt&#039;s? - Gisela Pressel Coaching &amp; Supervision<\/title>\n<meta name=\"robots\" content=\"index, follow, max-snippet:-1, max-image-preview:large, max-video-preview:-1\" \/>\n<link rel=\"canonical\" href=\"https:\/\/pressel-nike.de\/?page_id=669\" \/>\n<meta property=\"og:locale\" content=\"de_DE\" \/>\n<meta property=\"og:type\" content=\"article\" \/>\n<meta property=\"og:title\" content=\"Was bringt&#039;s? - Gisela Pressel Coaching &amp; Supervision\" \/>\n<meta property=\"og:description\" content=\"Coaching und Supervision sind eine Lern- und Entwicklungsbegleitung auf Zeit, in der Komplexit\u00e4t verarbeitet, Muster erkannt, das eigene Profil entwickelt und Spannungen abgebaut werden k\u00f6nnen. BLICKWECHSEL Coaching und Supervision er\u00f6ffnen &hellip; Was bringt&#8217;s? weiterlesen\" \/>\n<meta property=\"og:url\" content=\"https:\/\/pressel-nike.de\/?page_id=669\" \/>\n<meta property=\"og:site_name\" content=\"Gisela Pressel Coaching &amp; Supervision\" \/>\n<meta property=\"article:modified_time\" content=\"2022-02-03T13:56:39+00:00\" \/>\n<meta name=\"twitter:card\" content=\"summary_large_image\" \/>\n<meta name=\"twitter:label1\" content=\"Gesch\u00e4tzte Lesezeit\" \/>\n\t<meta name=\"twitter:data1\" content=\"1\u00a0Minute\" \/>\n<script type=\"application\/ld+json\" class=\"yoast-schema-graph\">{\"@context\":\"https:\/\/schema.org\",\"@graph\":[{\"@type\":\"WebPage\",\"@id\":\"https:\/\/pressel-nike.de\/?page_id=669\",\"url\":\"https:\/\/pressel-nike.de\/?page_id=669\",\"name\":\"Was bringt's? - Gisela Pressel Coaching &amp; Supervision\",\"isPartOf\":{\"@id\":\"https:\/\/pressel-nike.de\/#website\"},\"datePublished\":\"2021-08-10T10:23:55+00:00\",\"dateModified\":\"2022-02-03T13:56:39+00:00\",\"breadcrumb\":{\"@id\":\"https:\/\/pressel-nike.de\/?page_id=669#breadcrumb\"},\"inLanguage\":\"de\",\"potentialAction\":[{\"@type\":\"ReadAction\",\"target\":[\"https:\/\/pressel-nike.de\/?page_id=669\"]}]},{\"@type\":\"BreadcrumbList\",\"@id\":\"https:\/\/pressel-nike.de\/?page_id=669#breadcrumb\",\"itemListElement\":[{\"@type\":\"ListItem\",\"position\":1,\"name\":\"Startseite\",\"item\":\"https:\/\/pressel-nike.de\/\"},{\"@type\":\"ListItem\",\"position\":2,\"name\":\"Was bringt&#8217;s?\"}]},{\"@type\":\"WebSite\",\"@id\":\"https:\/\/pressel-nike.de\/#website\",\"url\":\"https:\/\/pressel-nike.de\/\",\"name\":\"Gisela Pressel Coaching &amp; Supervision\",\"description\":\"N.I.K.E. - Neues Institut f\u00fcr Kommunikation und Erwachsenenbildung\",\"potentialAction\":[{\"@type\":\"SearchAction\",\"target\":{\"@type\":\"EntryPoint\",\"urlTemplate\":\"https:\/\/pressel-nike.de\/?s={search_term_string}\"},\"query-input\":\"required name=search_term_string\"}],\"inLanguage\":\"de\"}]}<\/script>\n<!-- \/ Yoast SEO plugin. -->","yoast_head_json":{"title":"Was bringt's? - Gisela Pressel Coaching &amp; Supervision","robots":{"index":"index","follow":"follow","max-snippet":"max-snippet:-1","max-image-preview":"max-image-preview:large","max-video-preview":"max-video-preview:-1"},"canonical":"https:\/\/pressel-nike.de\/?page_id=669","og_locale":"de_DE","og_type":"article","og_title":"Was bringt's? - Gisela Pressel Coaching &amp; Supervision","og_description":"Coaching und Supervision sind eine Lern- und Entwicklungsbegleitung auf Zeit, in der Komplexit\u00e4t verarbeitet, Muster erkannt, das eigene Profil entwickelt und Spannungen abgebaut werden k\u00f6nnen. BLICKWECHSEL Coaching und Supervision er\u00f6ffnen &hellip; Was bringt&#8217;s? weiterlesen","og_url":"https:\/\/pressel-nike.de\/?page_id=669","og_site_name":"Gisela Pressel Coaching &amp; Supervision","article_modified_time":"2022-02-03T13:56:39+00:00","twitter_card":"summary_large_image","twitter_misc":{"Gesch\u00e4tzte Lesezeit":"1\u00a0Minute"},"schema":{"@context":"https:\/\/schema.org","@graph":[{"@type":"WebPage","@id":"https:\/\/pressel-nike.de\/?page_id=669","url":"https:\/\/pressel-nike.de\/?page_id=669","name":"Was bringt's? - Gisela Pressel Coaching &amp; Supervision","isPartOf":{"@id":"https:\/\/pressel-nike.de\/#website"},"datePublished":"2021-08-10T10:23:55+00:00","dateModified":"2022-02-03T13:56:39+00:00","breadcrumb":{"@id":"https:\/\/pressel-nike.de\/?page_id=669#breadcrumb"},"inLanguage":"de","potentialAction":[{"@type":"ReadAction","target":["https:\/\/pressel-nike.de\/?page_id=669"]}]},{"@type":"BreadcrumbList","@id":"https:\/\/pressel-nike.de\/?page_id=669#breadcrumb","itemListElement":[{"@type":"ListItem","position":1,"name":"Startseite","item":"https:\/\/pressel-nike.de\/"},{"@type":"ListItem","position":2,"name":"Was bringt&#8217;s?"}]},{"@type":"WebSite","@id":"https:\/\/pressel-nike.de\/#website","url":"https:\/\/pressel-nike.de\/","name":"Gisela Pressel Coaching &amp; Supervision","description":"N.I.K.E. - Neues Institut f\u00fcr Kommunikation und Erwachsenenbildung","potentialAction":[{"@type":"SearchAction","target":{"@type":"EntryPoint","urlTemplate":"https:\/\/pressel-nike.de\/?s={search_term_string}"},"query-input":"required name=search_term_string"}],"inLanguage":"de"}]}},"_links":{"self":[{"href":"https:\/\/pressel-nike.de\/index.php?rest_route=\/wp\/v2\/pages\/669","targetHints":{"allow":["GET"]}}],"collection":[{"href":"https:\/\/pressel-nike.de\/index.php?rest_route=\/wp\/v2\/pages"}],"about":[{"href":"https:\/\/pressel-nike.de\/index.php?rest_route=\/wp\/v2\/types\/page"}],"author":[{"embeddable":true,"href":"https:\/\/pressel-nike.de\/index.php?rest_route=\/wp\/v2\/users\/2"}],"replies":[{"embeddable":true,"href":"https:\/\/pressel-nike.de\/index.php?rest_route=%2Fwp%2Fv2%2Fcomments&post=669"}],"version-history":[{"count":24,"href":"https:\/\/pressel-nike.de\/index.php?rest_route=\/wp\/v2\/pages\/669\/revisions"}],"predecessor-version":[{"id":1293,"href":"https:\/\/pressel-nike.de\/index.php?rest_route=\/wp\/v2\/pages\/669\/revisions\/1293"}],"wp:attachment":[{"href":"https:\/\/pressel-nike.de\/index.php?rest_route=%2Fwp%2Fv2%2Fmedia&parent=669"}],"curies":[{"name":"wp","href":"https:\/\/api.w.org\/{rel}","templated":true}]}}